{"id":18575,"date":"2024-08-08T14:09:03","date_gmt":"2024-08-08T17:09:03","guid":{"rendered":"https:\/\/bonfimnoticias.com.br\/?page_id=18575"},"modified":"2024-08-08T14:12:16","modified_gmt":"2024-08-08T17:12:16","slug":"cartao-consignado-bmg-lp","status":"publish","type":"page","link":"https:\/\/bonfimnoticias.com.br\/es\/cartao-consignado-bmg-lp\/","title":{"rendered":"Tarjeta de Deducci\u00f3n de N\u00f3mina BMG \u2013 P\u00e1gina de inicio BR"},"content":{"rendered":"<p style=\"text-align: center;\">La tarjeta de cr\u00e9dito n\u00f3mina BMG, o tarjeta de cr\u00e9dito n\u00f3mina BMG con beneficios, como se la conoce oficialmente, es un producto financiero dise\u00f1ado para jubilados, pensionados del INSS y funcionarios p\u00fablicos brasile\u00f1os. Se trata de una oferta ventajosa del Banco BMG, que analizaremos en detalle hoy. M\u00e1s informaci\u00f3n.<\/p>\n<p><br \/>\n<a href=\"https:\/\/bonfimnoticias.com.br\/es\/cartao-consignado-bmg\/\"><br \/>\nSolicita tu tarjeta de pr\u00e9stamo n\u00f3mina BMG.<br \/>\n<\/a><\/p>\n<p style=\"text-align: center;\">Ser\u00e1s redirigido al art\u00edculo oficial.<\/p>\n<style>\/*! elementor - v3.15.0 - 20-08-2023 *\/<br \/>\n.elementor-widget-image{text-align:center}.elementor-widget-image a{display:inline-block}.elementor-widget-image a img[src$=\".svg\"]{width:48px}.elementor-widget-image img{vertical-align:middle;display:inline-block}<\/style>\n<p><img loading=\"lazy\" decoding=\"async\" src=\"https:\/\/bonfimnoticias.com.br\/wp_cf5e68-content\/uploads\/2024\/08\/cartao-de-credito-Portal-Financa-1.png\" sizes=\"auto, (max-width: 1000px) 100vw, 1000px\" srcset=\"https:\/\/bonfimnoticias.com.br\/wp_cf5e68-content\/uploads\/2024\/08\/cartao-de-credito-Portal-Financa-1.png 1000w, https:\/\/bonfimnoticias.com.br\/wp_cf5e68-content\/uploads\/2024\/08\/cartao-de-credito-Portal-Financa-1-800x533.png 800w, https:\/\/bonfimnoticias.com.br\/wp_cf5e68-content\/uploads\/2024\/08\/cartao-de-credito-Portal-Financa-1-768x511.png 768w\" alt=\"\" width=\"1000\" height=\"666\" \/><\/p>\n<h2 style=\"text-align: center;\">Las caracter\u00edsticas y ventajas de la tarjeta de cr\u00e9dito n\u00f3mina BMG.<\/h2>\n<p style=\"text-align: center;\">Desde el principio, definimos, en t\u00e9rminos generales, el p\u00fablico objetivo de la tarjeta de cr\u00e9dito de n\u00f3mina BMG: sus usuarios son jubilados, pensionistas y funcionarios p\u00fablicos. Pero, por supuesto, eso no es todo; este grupo de personas debe residir en los estados de Minas Gerais y S\u00e3o Paulo. Adem\u00e1s, en cuanto a las caracter\u00edsticas de este producto, se incluyen: sin cuota anual, facturas descontadas del salario del usuario, l\u00edmite de cr\u00e9dito de hasta 1,45 veces el salario del titular, posibilidad de retirar hasta 70% de este l\u00edmite, seguro incluido, descuentos en farmacias de S\u00e3o Paulo y Pacheco, aceptaci\u00f3n nacional e internacional, recargas de celular, retiros de efectivo gratuitos y un plazo de pago de hasta 40 d\u00edas a partir de la fecha de la factura. Incre\u00edble, \u00bfverdad?<\/p>\n<p style=\"text-align: center;\">En base a esto, observamos las siguientes ventajas:<\/p>\n<p><br \/>\n<a href=\"https:\/\/bonfimnoticias.com.br\/es\/cartao-atacadao-carrefour-solucoes\/\"><br \/>\nConozca la tarjeta Atacad\u00e3o.<br \/>\n<\/a><\/p>\n<p style=\"text-align: center;\">Ser\u00e1s redirigido al art\u00edculo oficial.<\/p>\n<p style=\"text-align: center;\"><strong>Pago conveniente:<\/strong> No necesita preocuparse por pagos atrasados o fechas de vencimiento, ya que la factura se deduce autom\u00e1ticamente de su cheque de pago.<\/p>\n<p style=\"text-align: center;\"><strong>El l\u00edmite de cr\u00e9dito es generoso y controlado.<\/strong>Banco BMG utiliza una gran estrategia de tarjetas de cr\u00e9dito para el d\u00eda a d\u00eda, brindando una l\u00ednea de cr\u00e9dito levemente superior al salario del usuario, pero a\u00fan asequible para realizar pagos.<\/p>\n<p style=\"text-align: center;\"><strong>Acceso a efectivo:<\/strong> A trav\u00e9s de retiros gratuitos podr\u00e1s obtener hasta 70% de tu l\u00edmite de cr\u00e9dito;<\/p>\n<p style=\"text-align: center;\"><strong>Seguro incluido:<\/strong> Puede incluir seguro de vida adicional y asistencia funeraria pagando una tarifa extra;<\/p>\n<p style=\"text-align: center;\"><strong> Ahorrar dinero en costos de medicamentos<\/strong>Las farmacias asociadas ofrecen descuentos exclusivos para los titulares de tarjetas;<\/p>\n<p style=\"text-align: center;\">Vale la pena destacar que estas son s\u00f3lo algunas de las muchas ventajas de obtener este producto.<\/p>\n<p style=\"text-align: center;\">En cuanto al proceso de solicitud, encontrar\u00e1 informaci\u00f3n detallada en el art\u00edculo oficial. Adem\u00e1s, el art\u00edculo le proporcionar\u00e1 un enlace a la p\u00e1gina web de la instituci\u00f3n, que tambi\u00e9n le ser\u00e1 \u00fatil si tiene alguna pregunta sobre el proceso, ya que le permitir\u00e1 recibir asistencia personalizada y resolver cualquier problema.<\/p>\n<p style=\"text-align: center;\">Si este producto en particular no le atrajo o no encaja con el p\u00fablico objetivo, no se preocupe, otras instituciones confiables tambi\u00e9n ofrecen excelentes opciones. Un buen ejemplo son las tarjetas Atacad\u00e3o y Mercado Pago.<\/p>\n<p style=\"text-align: center;\">Por \u00faltimo, en el art\u00edculo encontrar\u00e1s una comparativa entre esta tarjeta y otra gran y atractiva tarjeta del mercado, para poder saber si realmente es una opci\u00f3n que merece la pena entre tantas y si puedes considerarla verdaderamente atractiva para tu situaci\u00f3n.<\/p>\n<p style=\"text-align: center;\">Adem\u00e1s, te recomendamos estar atento a nuestro contenido para mantenerte al d\u00eda de las \u00faltimas noticias financieras que benefician a millones de ciudadanos alrededor del mundo.<\/p>","protected":false},"excerpt":{"rendered":"<p>O cart\u00e3o consignado BMG ou cart\u00e3o consignado benef\u00edcio BMG, como \u00e9 oficialmente conhecido, trata-se de um produto financeiro destinado a&#8230;<\/p>","protected":false},"author":24,"featured_media":18576,"parent":0,"menu_order":0,"comment_status":"open","ping_status":"closed","template":"","meta":{"footnotes":""},"class_list":["post-18575","page","type-page","status-publish","has-post-thumbnail","hentry"],"_links":{"self":[{"href":"https:\/\/bonfimnoticias.com.br\/es\/wp-json\/wp\/v2\/pages\/18575","targetHints":{"allow":["GET"]}}],"collection":[{"href":"https:\/\/bonfimnoticias.com.br\/es\/wp-json\/wp\/v2\/pages"}],"about":[{"href":"https:\/\/bonfimnoticias.com.br\/es\/wp-json\/wp\/v2\/types\/page"}],"author":[{"embeddable":true,"href":"https:\/\/bonfimnoticias.com.br\/es\/wp-json\/wp\/v2\/users\/24"}],"replies":[{"embeddable":true,"href":"https:\/\/bonfimnoticias.com.br\/es\/wp-json\/wp\/v2\/comments?post=18575"}],"version-history":[{"count":5,"href":"https:\/\/bonfimnoticias.com.br\/es\/wp-json\/wp\/v2\/pages\/18575\/revisions"}],"predecessor-version":[{"id":18581,"href":"https:\/\/bonfimnoticias.com.br\/es\/wp-json\/wp\/v2\/pages\/18575\/revisions\/18581"}],"wp:featuredmedia":[{"embeddable":true,"href":"https:\/\/bonfimnoticias.com.br\/es\/wp-json\/wp\/v2\/media\/18576"}],"wp:attachment":[{"href":"https:\/\/bonfimnoticias.com.br\/es\/wp-json\/wp\/v2\/media?parent=18575"}],"curies":[{"name":"wp","href":"https:\/\/api.w.org\/{rel}","templated":true}]}}