{"id":18545,"date":"2024-07-22T23:02:53","date_gmt":"2024-07-23T02:02:53","guid":{"rendered":"https:\/\/bonfimnoticias.com.br\/?page_id=18545"},"modified":"2024-07-22T23:09:34","modified_gmt":"2024-07-23T02:09:34","slug":"prestamos-personales-scotiabank-lp","status":"publish","type":"page","link":"https:\/\/bonfimnoticias.com.br\/es\/prestamos-personales-scotiabank-lp\/","title":{"rendered":"Pr\u00e9stamos personales de Scotiabank \u2013 P\u00e1gina de inicio"},"content":{"rendered":"<p style=\"text-align: center;\">La historia de Scotiabank se remonta a 1832 en Nueva Escocia. Su objetivo inicial era limitado en aquel entonces, pues solo buscaba satisfacer las necesidades financieras de un sector espec\u00edfico de la poblaci\u00f3n, pero esto ha cambiado con su expansi\u00f3n. Hoy, los servicios del banco abarcan varios continentes y permiten el acceso a incre\u00edbles productos y soluciones financieras, como los servicios que ofrecemos a los clientes de Scotiabank.<\/p>\n<p><br \/>\n<a href=\"https:\/\/bonfimnoticias.com.br\/es\/prestamo-personal-scotiabank-la-oportunidad-perfecta-para-tus-necesidades\/\"><br \/>\nVea c\u00f3mo solicitar un pr\u00e9stamo personal de Scotiabank<br \/>\n<\/a><\/p>\n<p style=\"text-align: center;\">Ser\u00e1 redirigido al art\u00edculo oficial.<\/p>\n<style>\/*! elementor - v3.15.0 - 20-08-2023 *\/<br \/>\n.elementor-widget-image{text-align:center}.elementor-widget-image a{display:inline-block}.elementor-widget-image a img[src$=\".svg\"]{width:48px}.elementor-widget-image img{vertical-align:middle;display:inline-block}<\/style>\n<p><img loading=\"lazy\" decoding=\"async\" src=\"https:\/\/bonfimnoticias.com.br\/wp_cf5e68-content\/uploads\/2024\/07\/DALL\u00b7E-2024-07-22-22-18-10-A-cozy-banking-branch-environment-featuring-promotional-materials-for-Scotiabank-personal-loans--The-setting-includes-a-counter-with-a-large-banner-ad.webp\" sizes=\"auto, (max-width: 1024px) 100vw, 1024px\" srcset=\"https:\/\/bonfimnoticias.com.br\/wp_cf5e68-content\/uploads\/2024\/07\/DALL\u00b7E-2024-07-22-22-18-10-A-cozy-banking-branch-environment-featuring-promotional-materials-for-Scotiabank-personal-loans--The-setting-includes-a-counter-with-a-large-banner-ad.webp 1024w, https:\/\/bonfimnoticias.com.br\/wp_cf5e68-content\/uploads\/2024\/07\/DALL\u00b7E-2024-07-22-22-18-10-A-cozy-banking-branch-environment-featuring-promotional-materials-for-Scotiabank-personal-loans--The-setting-includes-a-counter-with-a-large-banner-ad-400x400.webp 400w, https:\/\/bonfimnoticias.com.br\/wp_cf5e68-content\/uploads\/2024\/07\/DALL\u00b7E-2024-07-22-22-18-10-A-cozy-banking-branch-environment-featuring-promotional-materials-for-Scotiabank-personal-loans--The-setting-includes-a-counter-with-a-large-banner-ad-800x800.webp 800w, https:\/\/bonfimnoticias.com.br\/wp_cf5e68-content\/uploads\/2024\/07\/DALL\u00b7E-2024-07-22-22-18-10-A-cozy-banking-branch-environment-featuring-promotional-materials-for-Scotiabank-personal-loans--The-setting-includes-a-counter-with-a-large-banner-ad-768x768.webp 768w\" alt=\"\" width=\"1024\" height=\"1024\" \/><\/p>\n<h2 style=\"text-align: center;\">Caracter\u00edsticas y beneficios del pr\u00e9stamo personal de Scotiabank<\/h2>\n<p style=\"text-align: center;\">Antes de definir los beneficios que obtienes al pedir un pr\u00e9stamo personal en Scotiabank, definiremos sus caracter\u00edsticas, porque en ellas queda claro lo que necesitas saber.<\/p>\n<p style=\"text-align: center;\">Por eso, adem\u00e1s de ser una oferta de una instituci\u00f3n financiera confiable, los pr\u00e9stamos personales de Scotiabank son oportunidades que tienen la posibilidad de recibir entre 500 y 50 mil d\u00f3lares mensuales; su plazo de pago puede extenderse desde 6 meses hasta 5 a\u00f1os; y las tasas oscilan entre 5% y 25%, sin embargo, todo esto depender\u00e1 de tu perfil de cliente y tu calificaci\u00f3n crediticia.<\/p>\n<p style=\"text-align: center;\">En base a estas caracter\u00edsticas, podemos ver, en t\u00e9rminos generales, las siguientes ventajas de obtener tu pr\u00e9stamo personal en Scotiabank:<\/p>\n<p><br \/>\n<a href=\"https:\/\/bonfimnoticias.com.br\/es\/prestamo-banco-bbva\/\"><br \/>\nDescubre los pr\u00e9stamos del Banco BBVA<br \/>\n<\/a><\/p>\n<p style=\"text-align: center;\">Ser\u00e1 redirigido al art\u00edculo oficial.<\/p>\n<p style=\"text-align: center;\"><strong>Oportunidad para cualquier prop\u00f3sito<\/strong>Si necesita fondos para proyectos peque\u00f1os o grandes, Scoatibank puede obtenerlos para una amplia gama de prop\u00f3sitos;<\/p>\n<p style=\"text-align: center;\"><strong>Comodidad pagada<\/strong>:tu plazo de pago se puede extender hasta 5 a\u00f1os, lo que te garantiza cuotas c\u00f3modas que se adaptan a tu presupuesto;<\/p>\n<p style=\"text-align: center;\"><strong>Tarifas que pueden resultar atractivas<\/strong>:dependiendo de ciertos factores, la tasa aplicada puede ser tan baja como 5%;<\/p>\n<p style=\"text-align: center;\">Una vez que haya analizado estos beneficios, es probable que le interese solicitar un pr\u00e9stamo personal, pero Scotiabank no ha establecido criterios espec\u00edficos para aprobar su solicitud. En primer lugar, el solicitante debe ser mayor de 18 a\u00f1os, tener un buen historial crediticio, ingresos que permitan obtener cr\u00e9dito y una cuenta abierta en la instituci\u00f3n. Adem\u00e1s, en algunos pa\u00edses es necesario ofrecer un activo como garant\u00eda.<\/p>\n<p style=\"text-align: center;\">Una vez cumplidos estos requisitos, le recomendamos consultar el art\u00edculo oficial para consultar el proceso de solicitud paso a paso. Cabe mencionar que, antes de iniciar el tr\u00e1mite, debe reunir todos los documentos necesarios, como identificaci\u00f3n, residencia, billetes, etc. Todos estos son fundamentales durante el proceso de an\u00e1lisis bancario.<\/p>\n<p style=\"text-align: center;\">Por \u00faltimo, si tiene alguna duda, en el art\u00edculo oficial tambi\u00e9n encontrar\u00e1 el enlace institucional del banco, que le dirigir\u00e1 directamente a la lista de pr\u00e9stamos personales de Scotiabank. All\u00ed encontrar\u00e1 c\u00f3mo contactar con la entidad y resolver cualquier problema que tenga.<\/p>\n<p style=\"text-align: center;\">Si este producto espec\u00edfico no se ajusta a sus necesidades o no cumple con los requisitos mencionados, no se preocupe, esta no es la \u00fanica opci\u00f3n disponible. Otra entidad confiable es el Banco BBVA, donde tambi\u00e9n puede obtener productos de cr\u00e9dito con buenas ventajas. Solo tiene que acceder a su cuenta oficial y reportarlo. Una segunda opci\u00f3n o m\u00e1s es muy importante para quienes buscan una soluci\u00f3n financiera, ya que la informaci\u00f3n y la comparaci\u00f3n son esenciales para saber qu\u00e9 oferta se ajusta mejor a sus necesidades.<\/p>","protected":false},"excerpt":{"rendered":"<p>La historia de Scotiabank se remonta a 1832 en Nueva Escocia. El objetivo inicial era limitado en aquel entonces, ya&#8230;<\/p>","protected":false},"author":24,"featured_media":18546,"parent":0,"menu_order":0,"comment_status":"open","ping_status":"closed","template":"","meta":{"footnotes":""},"class_list":["post-18545","page","type-page","status-publish","has-post-thumbnail","hentry"],"_links":{"self":[{"href":"https:\/\/bonfimnoticias.com.br\/es\/wp-json\/wp\/v2\/pages\/18545","targetHints":{"allow":["GET"]}}],"collection":[{"href":"https:\/\/bonfimnoticias.com.br\/es\/wp-json\/wp\/v2\/pages"}],"about":[{"href":"https:\/\/bonfimnoticias.com.br\/es\/wp-json\/wp\/v2\/types\/page"}],"author":[{"embeddable":true,"href":"https:\/\/bonfimnoticias.com.br\/es\/wp-json\/wp\/v2\/users\/24"}],"replies":[{"embeddable":true,"href":"https:\/\/bonfimnoticias.com.br\/es\/wp-json\/wp\/v2\/comments?post=18545"}],"version-history":[{"count":5,"href":"https:\/\/bonfimnoticias.com.br\/es\/wp-json\/wp\/v2\/pages\/18545\/revisions"}],"predecessor-version":[{"id":18551,"href":"https:\/\/bonfimnoticias.com.br\/es\/wp-json\/wp\/v2\/pages\/18545\/revisions\/18551"}],"wp:featuredmedia":[{"embeddable":true,"href":"https:\/\/bonfimnoticias.com.br\/es\/wp-json\/wp\/v2\/media\/18546"}],"wp:attachment":[{"href":"https:\/\/bonfimnoticias.com.br\/es\/wp-json\/wp\/v2\/media?parent=18545"}],"curies":[{"name":"wp","href":"https:\/\/api.w.org\/{rel}","templated":true}]}}