{"id":18508,"date":"2024-07-11T09:25:03","date_gmt":"2024-07-11T12:25:03","guid":{"rendered":"https:\/\/bonfimnoticias.com.br\/?page_id=18508"},"modified":"2024-07-11T09:40:17","modified_gmt":"2024-07-11T12:40:17","slug":"prestamo-banco-itau","status":"publish","type":"page","link":"https:\/\/bonfimnoticias.com.br\/es\/prestamo-banco-itau\/","title":{"rendered":"Pr\u00e9stamo del Banco Ita\u00fa"},"content":{"rendered":"<p style=\"text-align: center;\">Banco Ita\u00fa Unibanco es uno de los bancos m\u00e1s grandes y tradicionales de Brasil, con una historia que se remonta a 1924, cuando se fund\u00f3 el Banco Central de Cr\u00e9dito. A lo largo de las d\u00e9cadas, el banco ha experimentado varias fusiones y adquisiciones, entre las que destaca la uni\u00f3n entre Banco Ita\u00fa y Unibanco en 2008, que dio lugar a la formaci\u00f3n de Ita\u00fa Unibanco Holding SA.<\/p>\n\n<p style=\"text-align: center;\">Esta fusi\u00f3n consolid\u00f3 al banco como una de las principales instituciones financieras de Am\u00e9rica Latina, con una vasta red de sucursales y una amplia gama de servicios financieros.<\/p>\n<p>\t\t\t<a href=\"https:\/\/bonfimnoticias.com.br\/es\/mas-informacion-sobre-el-banco-itau-y-sus-oportunidades-de-prestamo-4\/\"><br \/>\n\t\t\t\t\t\tSEPA M\u00c1S<br \/>\n\t\t\t\t\t<\/a><\/p>\n<p style=\"text-align: center;\">Ser\u00e1 redirigido al art\u00edculo oficial. <\/p>\n<h2 style=\"text-align: center;\">Ventajas del Banco Ita\u00fa<\/h2>\n<p style=\"text-align: center;\">Los pr\u00e9stamos de Banco Ita\u00fa ofrecen varias ventajas que hacen que esta opci\u00f3n sea atractiva para los clientes. Entre las principales se encuentran las tasas de inter\u00e9s competitivas, que se pueden personalizar seg\u00fan el perfil y el historial crediticio del cliente, garantizando condiciones m\u00e1s ventajosas.<\/p>\n<style>\/*! elementor - v3.15.0 - 20-08-2023 *\/\n.elementor-widget-image{text-align:center}.elementor-widget-image a{display:inline-block}.elementor-widget-image a img[src$=\".svg\"]{width:48px}.elementor-widget-image img{vertical-align:middle;display:inline-block}<\/style>\n<p>\t\t\t\t\t\t\t\t\t\t\t\t<img decoding=\"async\" width=\"1024\" height=\"655\" src=\"https:\/\/bonfimnoticias.com.br\/wp_cf5e68-content\/uploads\/2024\/07\/CYT2H62MMJGXZH5JO6O4KN2OHI-1024x655.jpeg\" alt=\"\" loading=\"lazy\" srcset=\"https:\/\/bonfimnoticias.com.br\/wp_cf5e68-content\/uploads\/2024\/07\/CYT2H62MMJGXZH5JO6O4KN2OHI-1024x655.jpeg 1024w, https:\/\/bonfimnoticias.com.br\/wp_cf5e68-content\/uploads\/2024\/07\/CYT2H62MMJGXZH5JO6O4KN2OHI-800x512.jpeg 800w, https:\/\/bonfimnoticias.com.br\/wp_cf5e68-content\/uploads\/2024\/07\/CYT2H62MMJGXZH5JO6O4KN2OHI-768x492.jpeg 768w, https:\/\/bonfimnoticias.com.br\/wp_cf5e68-content\/uploads\/2024\/07\/CYT2H62MMJGXZH5JO6O4KN2OHI-1536x983.jpeg 1536w, https:\/\/bonfimnoticias.com.br\/wp_cf5e68-content\/uploads\/2024\/07\/CYT2H62MMJGXZH5JO6O4KN2OHI.jpeg 1600w\" sizes=\"auto, (max-width: 1024px) 100vw, 1024px\" \/><br \/>\n\t\t<br \/>\n\t\t\t<a href=\"https:\/\/bonfimnoticias.com.br\/es\/tarjetas-de-banco-itau\/\"><br \/>\n\t\t\t\t\t\tM\u00c1S INFORMACI\u00d3N<br \/>\n\t\t\t\t\t<\/a><\/p>\n<p style=\"text-align: center;\">Ser\u00e1 redirigido al art\u00edculo oficial. <\/p>\n<ul>\n<li style=\"text-align: center;\"><strong>Solidez y Confiabilidad:<\/strong> Banco Ita\u00fa es una de las instituciones financieras m\u00e1s grandes y tradicionales de Brasil, ofreciendo seguridad y estabilidad a sus clientes.<\/li>\n<li style=\"text-align: center;\"><strong>Diversidad de opciones de servicio:<\/strong> Disponibilidad de pr\u00e9stamos personales, pr\u00e9stamos sobre nombre y financiamiento de veh\u00edculos y propiedades, que satisfacen las diversas necesidades de los consumidores.<\/li>\n<li style=\"text-align: center;\"><strong>Facilidad de acceso al cr\u00e9dito:<\/strong> Procesos \u00e1giles y menos burocr\u00e1ticos, permitiendo al cliente obtener dinero r\u00e1pidamente.<\/li>\n<li style=\"text-align: center;\"><strong>Tarifas de inter\u00e9s competitivas:<\/strong> Tarifas personalizadas seg\u00fan el perfil e historial crediticio del cliente, garantizando condiciones m\u00e1s ventajosas.<\/li>\n<li style=\"text-align: center;\"><strong>Flexibilidad de pago<\/strong>:Opci\u00f3n de elegir plazos y cuotas que se ajusten a las expectativas del cliente.<br \/>Servicio de Calidad: Apoyo especializado para guiar al cliente en la elecci\u00f3n del producto financiero m\u00e1s adecuado y la gesti\u00f3n de su pr\u00e9stamo.<\/li>\n<\/ul>\n<p style=\"text-align: center;\">\u00a0Adem\u00e1s, el banco ofrece flexibilidad de pago, con la posibilidad de elegir plazos y comisiones que se ajusten a las expectativas del cliente. Otro beneficio importante es la calidad del servicio, con apoyo especializado para guiar al cliente en la elecci\u00f3n del producto financiero m\u00e1s adecuado y la gesti\u00f3n de su pr\u00e9stamo.<\/p>\n<p style=\"text-align: center;\">En definitiva, Banco Ita\u00fa combina tradici\u00f3n, seguridad y flexibilidad en sus ofertas de cr\u00e9dito, brindando una experiencia financiera positiva y ventajosa a sus clientes. Si desea hacer realidad un sue\u00f1o, afrontar una emergencia o revertir un proyecto, los pr\u00e9stamos de Banco Ita\u00fa son una opci\u00f3n confiable y asequible.<\/p>","protected":false},"excerpt":{"rendered":"<p>El Banco Ita\u00fa Unibanco es uno de los bancos m\u00e1s grandes y tradicionales de Brasil, con una historia que se&#8230;<\/p>","protected":false},"author":19,"featured_media":18387,"parent":0,"menu_order":0,"comment_status":"open","ping_status":"closed","template":"","meta":{"footnotes":""},"class_list":["post-18508","page","type-page","status-publish","has-post-thumbnail","hentry"],"_links":{"self":[{"href":"https:\/\/bonfimnoticias.com.br\/es\/wp-json\/wp\/v2\/pages\/18508","targetHints":{"allow":["GET"]}}],"collection":[{"href":"https:\/\/bonfimnoticias.com.br\/es\/wp-json\/wp\/v2\/pages"}],"about":[{"href":"https:\/\/bonfimnoticias.com.br\/es\/wp-json\/wp\/v2\/types\/page"}],"author":[{"embeddable":true,"href":"https:\/\/bonfimnoticias.com.br\/es\/wp-json\/wp\/v2\/users\/19"}],"replies":[{"embeddable":true,"href":"https:\/\/bonfimnoticias.com.br\/es\/wp-json\/wp\/v2\/comments?post=18508"}],"version-history":[{"count":4,"href":"https:\/\/bonfimnoticias.com.br\/es\/wp-json\/wp\/v2\/pages\/18508\/revisions"}],"predecessor-version":[{"id":18514,"href":"https:\/\/bonfimnoticias.com.br\/es\/wp-json\/wp\/v2\/pages\/18508\/revisions\/18514"}],"wp:featuredmedia":[{"embeddable":true,"href":"https:\/\/bonfimnoticias.com.br\/es\/wp-json\/wp\/v2\/media\/18387"}],"wp:attachment":[{"href":"https:\/\/bonfimnoticias.com.br\/es\/wp-json\/wp\/v2\/media?parent=18508"}],"curies":[{"name":"wp","href":"https:\/\/api.w.org\/{rel}","templated":true}]}}