{"id":18401,"date":"2024-05-29T13:17:35","date_gmt":"2024-05-29T16:17:35","guid":{"rendered":"https:\/\/bonfimnoticias.com.br\/?page_id=18401"},"modified":"2024-06-04T10:40:32","modified_gmt":"2024-06-04T13:40:32","slug":"banco-caixabank-landing-page","status":"publish","type":"page","link":"https:\/\/bonfimnoticias.com.br\/es\/banco-caixabank-landing-page\/","title":{"rendered":"Banco Caixabank"},"content":{"rendered":"<p style=\"text-align: center;\">CaixaBank es una entidad financiera fundada en Espa\u00f1a en 1990 mediante varias fusiones. Es, sin duda, una de las entidades l\u00edderes a nivel nacional, con su diversa oferta de productos y servicios y un servicio de atenci\u00f3n al cliente distribuido por todo el territorio, incluyendo canales digitales.<\/p>\n<p><br \/>\n<a href=\"https:\/\/bonfimnoticias.com.br\/es\/prestamos-del-banco-pichincha\/\"><br \/>\nDescripci\u00f3n detallada de su pr\u00e9stamo personal<br \/>\n<\/a><\/p>\n<p style=\"text-align: center;\">Ser\u00e1s redirigido al art\u00edculo oficial.<\/p>\n<style>\/*! elementor - v3.15.0 - 20-08-2023 *\/<br \/>.elementor-widget-image{text-align:center}.elementor-widget-image a{display:inline-block}.elementor-widget-image a img[src$=\".svg\"]{width:48px}.elementor-widget-image img{vertical-align:middle;display:inline-block}<\/style>\n<p><img loading=\"lazy\" decoding=\"async\" src=\"https:\/\/bonfimnoticias.com.br\/wp_cf5e68-content\/uploads\/2024\/05\/work-3262150_640.jpg\" alt=\"\" width=\"640\" height=\"486\" \/><\/p>\n<h2 style=\"text-align: center;\">Caracter\u00edsticas y beneficios del pr\u00e9stamo personal de Caixabank<\/h2>\n<p style=\"text-align: center;\">Al acceder a la p\u00e1gina web oficial, encontrar\u00e1 varias oportunidades de pr\u00e9stamo de Caixabank. Sin embargo, hay una que se centra en proyectos personales, y es precisamente esta la que nos ocupa. Por lo tanto, podemos afirmar que Caixabank es ampliamente conocido por su comodidad, rapidez y facilidad en la oferta de sus productos, adem\u00e1s de ofrecer diversas ventajas, como veremos a continuaci\u00f3n.<\/p>\n<p><br \/>\n<a href=\"https:\/\/bonfimnoticias.com.br\/es\/necesita-un-prestamo-para-sus-gastos-personales-echa-un-vistazo-a-la-oportunidad-que-te-ofrece-el-banco-santander\/\"><br \/>\nOfrecemos Santander Personals<br \/>\n<\/a><\/p>\n<p style=\"text-align: center;\">Ser\u00e1s redirigido al art\u00edculo oficial.<\/p>\n<p style=\"text-align: center;\"><strong>Flexibilidad en la cantidad solicitada<\/strong>:al solicitar un pr\u00e9stamo personal en CaixaBank, podr\u00e1s elegir importes que van desde los 3.000\u20ac hasta los 30.000\u20ac, suma que podr\u00e1s destinar a diferentes finalidades;<\/p>\n<p style=\"text-align: center;\"><strong>Solicitud c\u00f3moda<\/strong>:todo el tr\u00e1mite se realiza online, lo que garantiza mucha practicidad y comodidad en su solicitud;<\/p>\n<p style=\"text-align: center;\"><strong>Condiciones de pago ampliadas:<\/strong> Tienes hasta 6 a\u00f1os para pagar el recurso brindado, de esta manera los fondos pueden adaptarse a tu presupuesto.<\/p>\n<p style=\"text-align: center;\">Si siente curiosidad e inter\u00e9s por la oferta de pr\u00e9stamos personales de este banco, le informamos que en este art\u00edculo oficial encontrar\u00e1 informaci\u00f3n mucho m\u00e1s detallada, como ejemplos que explican mejor c\u00f3mo acceder al dinero y c\u00f3mo solicitar su pr\u00e9stamo. Pero, mucho cuidado: antes de realizar cualquier solicitud, debe ser cliente de la instituci\u00f3n y abrir su cuenta en l\u00ednea. No se preocupe, todo esto se explicar\u00e1 detalladamente en este art\u00edculo. Por \u00faltimo, tambi\u00e9n tendr\u00e1 acceso a enlaces que le llevar\u00e1n directamente al sitio web oficial si decide solicitarlo a trav\u00e9s de la aplicaci\u00f3n m\u00f3vil, si estas opciones est\u00e1n disponibles.<\/p>\n<p style=\"text-align: center;\">SIN EMBARGO, siempre recomendamos no solicitar un producto de cr\u00e9dito financiero a menos que est\u00e9 seguro de la necesidad y sin haber explorado otras opciones menos comprometedoras para acceder al dinero que necesita, como a trav\u00e9s de un amigo o familiar de confianza. Un contrato con una entidad financiera es un asunto muy serio y, si no puede cumplir con los pagos, nadie podr\u00eda sufrir limitaciones crediticias en el futuro. Adem\u00e1s, recomendamos investigar previamente otros productos disponibles en el mercado, siempre que las entidades proveedoras sean de confianza. Por ello, le ayudamos con nuestro contenido en l\u00ednea. \u00a1Mant\u00e9ngase conectado y sea un lector habitual! Y, por supuesto, acceda siempre a los art\u00edculos publicados, donde obtendr\u00e1 informaci\u00f3n mucho m\u00e1s detallada sobre el producto que necesita.<\/p>\n<p style=\"text-align: center;\">Observaci\u00f3n final: en caso de que el pr\u00e9stamo personal de Caixabank no sea el ideal para tu situaci\u00f3n, aqu\u00ed tambi\u00e9n te facilitamos acceso a contenidos sobre pr\u00e9stamos personales de Santander y facilitamos tu investigaci\u00f3n.<\/p>","protected":false},"excerpt":{"rendered":"<p>CaixaBank es una instituci\u00f3n financiera fundada en Espa\u00f1a en 1990 a trav\u00e9s de varias fusiones en ese momento. Es sin&#8230;<\/p>","protected":false},"author":24,"featured_media":18402,"parent":0,"menu_order":0,"comment_status":"open","ping_status":"closed","template":"","meta":{"footnotes":""},"class_list":["post-18401","page","type-page","status-publish","has-post-thumbnail","hentry"],"_links":{"self":[{"href":"https:\/\/bonfimnoticias.com.br\/es\/wp-json\/wp\/v2\/pages\/18401","targetHints":{"allow":["GET"]}}],"collection":[{"href":"https:\/\/bonfimnoticias.com.br\/es\/wp-json\/wp\/v2\/pages"}],"about":[{"href":"https:\/\/bonfimnoticias.com.br\/es\/wp-json\/wp\/v2\/types\/page"}],"author":[{"embeddable":true,"href":"https:\/\/bonfimnoticias.com.br\/es\/wp-json\/wp\/v2\/users\/24"}],"replies":[{"embeddable":true,"href":"https:\/\/bonfimnoticias.com.br\/es\/wp-json\/wp\/v2\/comments?post=18401"}],"version-history":[{"count":6,"href":"https:\/\/bonfimnoticias.com.br\/es\/wp-json\/wp\/v2\/pages\/18401\/revisions"}],"predecessor-version":[{"id":18411,"href":"https:\/\/bonfimnoticias.com.br\/es\/wp-json\/wp\/v2\/pages\/18401\/revisions\/18411"}],"wp:featuredmedia":[{"embeddable":true,"href":"https:\/\/bonfimnoticias.com.br\/es\/wp-json\/wp\/v2\/media\/18402"}],"wp:attachment":[{"href":"https:\/\/bonfimnoticias.com.br\/es\/wp-json\/wp\/v2\/media?parent=18401"}],"curies":[{"name":"wp","href":"https:\/\/api.w.org\/{rel}","templated":true}]}}