{"id":18373,"date":"2024-05-21T14:49:16","date_gmt":"2024-05-21T17:49:16","guid":{"rendered":"https:\/\/bonfimnoticias.com.br\/?page_id=18373"},"modified":"2024-05-23T15:13:48","modified_gmt":"2024-05-23T18:13:48","slug":"tarjeta-de-credito-de-bancolombia","status":"publish","type":"page","link":"https:\/\/bonfimnoticias.com.br\/es\/tarjeta-de-credito-de-bancolombia\/","title":{"rendered":"Tarjeta de cr\u00e9dito Bancolombia"},"content":{"rendered":"<p style=\"text-align: center;\">Bancolombia es una de las principales instituciones financieras en Colombia, as\u00ed como en otros pa\u00edses del continente. Sus inicios se remontan a mediados de 1945 y, con el paso del tiempo y las fusiones ocurridas, fue ganando importancia y protagonismo, expandi\u00e9ndose a otros pa\u00edses de Latinoam\u00e9rica y ampliando sus productos y servicios, entre ellos sus tarjetas de cr\u00e9dito.<\/p>\n<p><br \/>\n<a href=\"https:\/\/bonfimnoticias.com.br\/es\/mastercard-unica-conoce-la-tarjeta-de-credito-bancolombia-super-accesible-para-solicitar-ahora\/\"><br \/>\nObt\u00e9n m\u00e1s informaci\u00f3n sobre la tarjeta de cr\u00e9dito Mastercard \u00danica de Bancolombia<br \/>\n<\/a><\/p>\n<p style=\"text-align: center;\">Ser\u00e1 redirigido al art\u00edculo oficial.<\/p>\n<style>\/*! elementor - v3.15.0 - 20-08-2023 *\/<br \/>.elementor-widget-image{text-align:center}.elementor-widget-image a{display:inline-block}.elementor-widget-image a img[src$=\".svg\"]{width:48px}.elementor-widget-image img{vertical-align:middle;display:inline-block}<\/style>\n<p><img loading=\"lazy\" decoding=\"async\" src=\"https:\/\/bonfimnoticias.com.br\/wp_cf5e68-content\/uploads\/2024\/05\/Tarjeta-Unica-Virtual-Mastercard-Bancolombia-640x444-1.jpg\" alt=\"\" width=\"640\" height=\"444\" \/><\/p>\n<h2 style=\"text-align: center;\">Caracter\u00edsticas y beneficios de la tarjeta de cr\u00e9dito Mastercard \u00danica de Bancolombia<\/h2>\n<p style=\"text-align: center;\">Antes de revisar los beneficios de esta tarjeta de cr\u00e9dito de Bancolombia, es importante considerar algunas caracter\u00edsticas clave de la oferta: para obtenerla, se requiere un dep\u00f3sito m\u00ednimo de 1 SMMLV; el l\u00edmite de cr\u00e9dito disponible var\u00eda entre $500 mil y $10 millones; se requiere tener entre 18 y 84 a\u00f1os; la comisi\u00f3n de administraci\u00f3n es de $9,900; y, por cada $6,600 gastados en compras, se obtienen 6 puntos. A continuaci\u00f3n, se presentan algunos puntos muy atractivos que benefician a sus usuarios:<\/p>\n<p><br \/>\n<a href=\"https:\/\/bonfimnoticias.com.br\/es\/conoce-ahora-la-oportunidad-de-credito-a-corto-plazo-que-te-ofrece-bancolombia\/\"><br \/>\nDescubre otros productos de cr\u00e9dito de Bancolombia<br \/>\n<\/a><\/p>\n<p style=\"text-align: center;\">Ser\u00e1 redirigido al art\u00edculo oficial.<\/p>\n<p style=\"text-align: center;\"><strong>Tu360Compras:<\/strong> a trav\u00e9s de esta tarjeta de cr\u00e9dito obtienes beneficios exclusivos en el Marketplace de Bancolombia;<\/p>\n<p style=\"text-align: center;\"><strong>Participaci\u00f3n en ofertas y descuentos:<\/strong> Tambi\u00e9n podr\u00e1s participar en concursos y sorteos, adem\u00e1s de disfrutar de ciertas promociones en establecimientos aliados con el banco;<\/p>\n<p style=\"text-align: center;\"><strong>Usar inmediatamente.<\/strong>:despu\u00e9s de la aprobaci\u00f3n de su solicitud, podr\u00e1 comenzar a utilizarlo inmediatamente en su tel\u00e9fono celular;<\/p>\n<p style=\"text-align: center;\"><strong>Pagos flexibles<\/strong>:el uso de esta tarjeta podr\u00e1 realizarse tanto en establecimientos presenciales como virtuales, ya sea en su pa\u00eds o en el exterior;<\/p>\n<p style=\"text-align: center;\"><strong>Notificaciones activadas<\/strong>:Recibir\u00e1s cualquier mensaje importante sobre tus movimientos en tu celular, siempre que actives esta funci\u00f3n.<\/p>\n<p style=\"text-align: center;\"><strong>Asistencia Mastercard:<\/strong> En caso de p\u00e9rdida del producto, la propia Mastercard ofrece ayuda con dinero o un reemplazo temporal del producto.<\/p>\n<p style=\"text-align: center;\">Recuerde que estas son solo algunas de las ventajas. Adem\u00e1s, se necesita mucha m\u00e1s informaci\u00f3n sobre esta tarjeta, incluyendo su m\u00e9todo de solicitud. Para ello, debe acceder al art\u00edculo oficial publicado. All\u00ed encontrar\u00e1 una gu\u00eda completa paso a paso para solicitar su producto ahora mismo. Pero recuerde: para obtener su tarjeta de cr\u00e9dito de Bancolombia, primero debe abrir una cuenta de emergencia en la instituci\u00f3n. Si ya la tiene, simplemente proceda con la solicitud.<\/p>\n<p style=\"text-align: center;\">Finalmente, siempre se recomienda evaluar las tasas de inter\u00e9s antes de contratar o solicitar un producto de cr\u00e9dito financiero. Esta informaci\u00f3n es crucial y puede consultarla en el art\u00edculo oficial. Si no cumple con los requisitos mencionados, existen otras opciones en el sitio web; simplemente cons\u00faltelas. Finalmente, en cuanto a confiabilidad y compromiso con el cliente, Bancolombia no decepcionar\u00e1, como suele ocurrir. Por ello, es reconocida como la instituci\u00f3n financiera m\u00e1s grande de Colombia y una de las principales de Latinoam\u00e9rica.<\/p>\n<p style=\"text-align: center;\">NOTA: Adem\u00e1s de todos los detalles mencionados que encontrar\u00e1s en el art\u00edculo, tambi\u00e9n obtendr\u00e1s el enlace que te direccionar\u00e1 directamente al sitio web institucional y a la aplicaci\u00f3n m\u00f3vil para su instalaci\u00f3n.<\/p>","protected":false},"excerpt":{"rendered":"<p>Bancolombia es una de las principales instituciones financieras en el territorio colombiano, adem\u00e1s de otros pa\u00edses del continente. Su inicio&#8230;<\/p>","protected":false},"author":24,"featured_media":18374,"parent":0,"menu_order":0,"comment_status":"open","ping_status":"closed","template":"","meta":{"footnotes":""},"class_list":["post-18373","page","type-page","status-publish","has-post-thumbnail","hentry"],"_links":{"self":[{"href":"https:\/\/bonfimnoticias.com.br\/es\/wp-json\/wp\/v2\/pages\/18373","targetHints":{"allow":["GET"]}}],"collection":[{"href":"https:\/\/bonfimnoticias.com.br\/es\/wp-json\/wp\/v2\/pages"}],"about":[{"href":"https:\/\/bonfimnoticias.com.br\/es\/wp-json\/wp\/v2\/types\/page"}],"author":[{"embeddable":true,"href":"https:\/\/bonfimnoticias.com.br\/es\/wp-json\/wp\/v2\/users\/24"}],"replies":[{"embeddable":true,"href":"https:\/\/bonfimnoticias.com.br\/es\/wp-json\/wp\/v2\/comments?post=18373"}],"version-history":[{"count":7,"href":"https:\/\/bonfimnoticias.com.br\/es\/wp-json\/wp\/v2\/pages\/18373\/revisions"}],"predecessor-version":[{"id":18381,"href":"https:\/\/bonfimnoticias.com.br\/es\/wp-json\/wp\/v2\/pages\/18373\/revisions\/18381"}],"wp:featuredmedia":[{"embeddable":true,"href":"https:\/\/bonfimnoticias.com.br\/es\/wp-json\/wp\/v2\/media\/18374"}],"wp:attachment":[{"href":"https:\/\/bonfimnoticias.com.br\/es\/wp-json\/wp\/v2\/media?parent=18373"}],"curies":[{"name":"wp","href":"https:\/\/api.w.org\/{rel}","templated":true}]}}