{"id":18356,"date":"2024-05-17T13:33:15","date_gmt":"2024-05-17T16:33:15","guid":{"rendered":"https:\/\/bonfimnoticias.com.br\/?page_id=18356"},"modified":"2024-05-21T13:08:24","modified_gmt":"2024-05-21T16:08:24","slug":"banco-de-guayaquil","status":"publish","type":"page","link":"https:\/\/bonfimnoticias.com.br\/es\/banco-de-guayaquil\/","title":{"rendered":"Banco de Guayaquil"},"content":{"rendered":"<p style=\"text-align: center;\">El cr\u00e9dito de consumo del Banco de Guayaquil es una oportunidad de uso flexible, es decir, para cualquier fin que el solicitante necesite aplicar el dinero.<\/p>\n<p><br \/>\n\t\t\t<a href=\"https:\/\/bonfimnoticias.com.br\/es\/banco-de-guayaquil-solicite-ya-su-prestamo-financiero-en-pocos-pasos\/#goog_rewarded\"><br \/>\n\t\t\t\t\t\tM\u00e1s informaci\u00f3n sobre esta oportunidad<br \/>\n\t\t\t\t\t<\/a><\/p>\n<p style=\"text-align: center;\">Ser\u00e1 redirigido al art\u00edculo oficial. <\/p>\n<style>\/*! elementor - v3.15.0 - 20-08-2023 *\/\n.elementor-widget-image{text-align:center}.elementor-widget-image a{display:inline-block}.elementor-widget-image a img[src$=\".svg\"]{width:48px}.elementor-widget-image img{vertical-align:middle;display:inline-block}<\/style>\n<p>\t\t\t\t\t\t\t\t\t\t\t\t<img decoding=\"async\" width=\"1024\" height=\"683\" src=\"https:\/\/bonfimnoticias.com.br\/wp_cf5e68-content\/uploads\/2024\/05\/mercado-credito5-1024x683.png\" alt=\"\" loading=\"lazy\" srcset=\"https:\/\/bonfimnoticias.com.br\/wp_cf5e68-content\/uploads\/2024\/05\/mercado-credito5-1024x683.png 1024w, https:\/\/bonfimnoticias.com.br\/wp_cf5e68-content\/uploads\/2024\/05\/mercado-credito5-800x533.png 800w, https:\/\/bonfimnoticias.com.br\/wp_cf5e68-content\/uploads\/2024\/05\/mercado-credito5-768x512.png 768w, https:\/\/bonfimnoticias.com.br\/wp_cf5e68-content\/uploads\/2024\/05\/mercado-credito5.png 1200w\" sizes=\"auto, (max-width: 1024px) 100vw, 1024px\" \/>\t\t\t\t\t\t\t\t\t\t\t\t\t\t\t<\/p>\n<h2 style=\"text-align: center;\">Descubre las caracter\u00edsticas y ventajas del cr\u00e9dito al consumo del Banco de Guayaquil<\/h2>\n<p style=\"text-align: center;\">Como se mencion\u00f3 anteriormente, el pr\u00e9stamo al consumo que ofrece el Banco de Guayaquil le ofrece la flexibilidad de usar el dinero como desee. Al contratarlo, tiene 60 meses para completar el pago. El monto total del pr\u00e9stamo var\u00eda entre $2,000 y $60,000, con una comisi\u00f3n de inter\u00e9s de 15,60% y la transferencia del monto se realiza inmediatamente a su cuenta bancaria en Guayaquil.<\/p>\n<p><br \/>\n\t\t\t<a href=\"https:\/\/bonfimnoticias.com.br\/es\/prestamos-del-banco-pichincha\/\"><br \/>\n\t\t\t\t\t\tVea c\u00f3mo solicitar su pr\u00e9stamo<br \/>\n\t\t\t\t\t<\/a><\/p>\n<p style=\"text-align: center;\">Ser\u00e1 redirigido al art\u00edculo oficial.<\/p>\n<p style=\"text-align: center;\"><strong>Al contratar el cr\u00e9dito de consumo en el Banco de Guayaquil, tienes flexibilidad en tu pago<\/strong>:Adem\u00e1s del plazo ampliado, podr\u00e1s elegir el d\u00eda en el que deseas abonar tus cuotas;<\/p>\n<p style=\"text-align: center;\"><strong>Opciones de pago a su elecci\u00f3n<\/strong>:puedes pagar tus cuotas a distancia, ya sea a trav\u00e9s de la aplicaci\u00f3n bancaria o por d\u00e9bito autom\u00e1tico;<\/p>\n<p style=\"text-align: center;\"><strong>Respuesta r\u00e1pida<\/strong>:La aprobaci\u00f3n de tu pr\u00e9stamo es una de las m\u00e1s r\u00e1pidas del mercado, pudiendo realizarse en tan solo unas horas si lo solicitas en un d\u00eda.<\/p>\n<p style=\"text-align: center;\">M\u00e1s all\u00e1 de estas ventajas que ofrece el banco, se encuentra la confiabilidad y el valor que la propia instituci\u00f3n tiene en los pa\u00edses donde opera. En Ecuador, por ejemplo, donde se fund\u00f3, su presencia es hist\u00f3rica y significativa para la econom\u00eda local. Mientras tanto, sus operaciones se han expandido a otros pa\u00edses de Latinoam\u00e9rica, incluyendo canales digitales, siempre con el mismo compromiso con sus clientes y usuarios. De esta manera, podemos afirmar que los productos y servicios del Banco de Guayaquil son realmente atractivos en el mercado.<\/p>\n<p style=\"text-align: center;\">En cuanto a la solicitud del producto, lo explicamos paso a paso en el art\u00edculo oficial publicado. All\u00ed tambi\u00e9n encontrar\u00e1 el enlace al sitio web del banco, donde podr\u00e1 iniciar el proceso de solicitud. Si a\u00fan tiene dudas, el banco, a trav\u00e9s de su sitio web institucional, ofrece canales de soporte para atender a sus clientes y resolver todas sus preguntas. No se preocupe, es un proceso muy intuitivo y, como ya se mencion\u00f3, el Banco de Guayaquil es una entidad confiable y comprometida.<\/p>\n<p style=\"text-align: center;\">Finalmente, siempre ofrecemos a nuestros lectores la misma recomendaci\u00f3n cuando est\u00e9n interesados en solicitar un pr\u00e9stamo: este tipo de productos son para casos de verdadera necesidad, cuando no hay otra manera de acceder al recurso tan necesario, ya que, obviamente, el dinero debe devolverse a INTERESES APLICADOS. Por lo tanto, antes que nada, realice una planificaci\u00f3n financiera para asegurarse de que su pago no afecte negativamente sus finanzas. Elija cuotas que se ajusten a su presupuesto y que no comprometan una gran parte de sus ingresos. Toda esta precauci\u00f3n es muy importante porque, sin un compromiso, podr\u00eda tener una baja calificaci\u00f3n crediticia, lo que podr\u00eda perjudicarle en el futuro.<\/p>","protected":false},"excerpt":{"rendered":"<p>El pr\u00e9stamo de consumo del Banco de Guayaquil es una oportunidad para uso flexible, es decir, para cualquier finalidad en&#8230;<\/p>","protected":false},"author":24,"featured_media":18357,"parent":0,"menu_order":0,"comment_status":"open","ping_status":"closed","template":"","meta":{"footnotes":""},"class_list":["post-18356","page","type-page","status-publish","has-post-thumbnail","hentry"],"_links":{"self":[{"href":"https:\/\/bonfimnoticias.com.br\/es\/wp-json\/wp\/v2\/pages\/18356","targetHints":{"allow":["GET"]}}],"collection":[{"href":"https:\/\/bonfimnoticias.com.br\/es\/wp-json\/wp\/v2\/pages"}],"about":[{"href":"https:\/\/bonfimnoticias.com.br\/es\/wp-json\/wp\/v2\/types\/page"}],"author":[{"embeddable":true,"href":"https:\/\/bonfimnoticias.com.br\/es\/wp-json\/wp\/v2\/users\/24"}],"replies":[{"embeddable":true,"href":"https:\/\/bonfimnoticias.com.br\/es\/wp-json\/wp\/v2\/comments?post=18356"}],"version-history":[{"count":8,"href":"https:\/\/bonfimnoticias.com.br\/es\/wp-json\/wp\/v2\/pages\/18356\/revisions"}],"predecessor-version":[{"id":18369,"href":"https:\/\/bonfimnoticias.com.br\/es\/wp-json\/wp\/v2\/pages\/18356\/revisions\/18369"}],"wp:featuredmedia":[{"embeddable":true,"href":"https:\/\/bonfimnoticias.com.br\/es\/wp-json\/wp\/v2\/media\/18357"}],"wp:attachment":[{"href":"https:\/\/bonfimnoticias.com.br\/es\/wp-json\/wp\/v2\/media?parent=18356"}],"curies":[{"name":"wp","href":"https:\/\/api.w.org\/{rel}","templated":true}]}}