{"id":18268,"date":"2024-05-09T21:04:07","date_gmt":"2024-05-10T00:04:07","guid":{"rendered":"https:\/\/bonfimnoticias.com.br\/?page_id=18268"},"modified":"2024-05-09T21:09:50","modified_gmt":"2024-05-10T00:09:50","slug":"banco-azteca","status":"publish","type":"page","link":"https:\/\/bonfimnoticias.com.br\/es\/banco-azteca\/","title":{"rendered":"Banco Azteca"},"content":{"rendered":"<p style=\"text-align: center;\">Banco Azteca es una importante instituci\u00f3n financiera en M\u00e9xico que forma parte de un destacado conglomerado empresarial conocido como Grupo Salinas. Sus ofertas financieras son muy ventajosas y atractivas, y hoy nos centraremos principalmente en sus tarjetas de cr\u00e9dito.<\/p>\n<p><br \/>\n<a href=\"https:\/\/bonfimnoticias.com.br\/es\/oferta-de-tarjeta-de-credito-de-banco-azteca-un-resumen-de-como-conseguir-la-tuya\/\"><br \/>\nM\u00e1s informaci\u00f3n sobre la tarjeta de cr\u00e9dito de Banco Azteca<br \/>\n<\/a><\/p>\n<p style=\"text-align: center;\">Ser\u00e1 redirigido al art\u00edculo oficial.<\/p>\n<style>\/*! elementor - v3.15.0 - 20-08-2023 *\/<br \/>\n.elementor-widget-image{text-align:center}.elementor-widget-image a{display:inline-block}.elementor-widget-image a img[src$=\".svg\"]{width:48px}.elementor-widget-image img{vertical-align:middle;display:inline-block}<\/style>\n<p><img loading=\"lazy\" decoding=\"async\" src=\"https:\/\/bonfimnoticias.com.br\/wp_cf5e68-content\/uploads\/2024\/05\/banco_azteca.webp\" alt=\"\" width=\"620\" height=\"430\" \/><\/p>\n<h2 style=\"text-align: center;\">Ventajas y caracter\u00edsticas de las tarjetas de cr\u00e9dito de Banco Azteca<\/h2>\n<p style=\"text-align: center;\">Antes de hablar de las caracter\u00edsticas m\u00e1s atractivas de las tarjetas de cr\u00e9dito de Banco Azteca, podemos presentarlas comparando con la famosa tarjeta de cr\u00e9dito Nubank. As\u00ed es como la innovadora empresa fintech conquist\u00f3 Latinoam\u00e9rica. Sus caracter\u00edsticas son muy similares y puedes analizarlas con m\u00e1s detalle.<\/p>\n<p><br \/>\n<a href=\"https:\/\/bonfimnoticias.com.br\/es\/pp-tarjeta-de-credito-mercado-pago\/\"><br \/>\nDescubra otras opciones de tarjetas de cr\u00e9dito<br \/>\n<\/a><\/p>\n<p style=\"text-align: center;\">Ser\u00e1 redirigido al art\u00edculo oficial.<\/p>\n<p style=\"text-align: center;\"><strong>Exenci\u00f3n de la cuota anual<\/strong>:Las tarjetas de cr\u00e9dito de Banco Azteca no cobran cuota anual;<\/p>\n<p style=\"text-align: center;\"><strong>Tasas de inter\u00e9s rotativas variables<\/strong>:estos tipos de inter\u00e9s depender\u00e1n del tipo de tarjeta y de las condiciones de tu contrato, por lo que son bastante relativos;<\/p>\n<p style=\"text-align: center;\"><strong>Uso para compras nacionales e internacionales<\/strong>:son ampliamente aceptados para compras dentro y fuera de M\u00e9xico;<\/p>\n<p style=\"text-align: center;\"><strong>L\u00edmite de cr\u00e9dito adaptado<\/strong>:El l\u00edmite de cr\u00e9dito disponible para su uso depender\u00e1 de su tipo de cliente y de su historial crediticio.<\/p>\n<p style=\"text-align: center;\">Adem\u00e1s, podemos clasificar estos productos como de f\u00e1cil acceso, utilizando criterios muy simples y generales. Solo se requiere que el solicitante tenga al menos 18 a\u00f1os, un NIT regularizado, gane al menos un salario m\u00ednimo mexicano y tenga un buen historial crediticio. Estos son requisitos muy generales, como se mencion\u00f3, que cualquier instituci\u00f3n exige; sin embargo, se recomienda que antes de solicitar su tarjeta de cr\u00e9dito a Banco Azteca, consulte los detalles en la p\u00e1gina web, ya que siempre hay m\u00e1s detalles al elegir un producto, incluidas sus caracter\u00edsticas.<\/p>\n<p style=\"text-align: center;\">El m\u00e9todo de solicitud se explicar\u00e1 con m\u00e1s detalle en el art\u00edculo oficial. Finalmente, se proporcionar\u00e1 el proceso paso a paso, as\u00ed como otra informaci\u00f3n interesante.<\/p>\n<p style=\"text-align: center;\">Finalmente, es importante destacar que, en la pr\u00e1ctica, la confiabilidad de una instituci\u00f3n hace que sus productos sean las ofertas ideales. Si bien la confiabilidad de un banco es esencial para solicitar un producto, no es suficiente. Por lo tanto, siempre que busque una soluci\u00f3n financiera, investigue a fondo, conozca m\u00e1s de una opci\u00f3n y nunca la solicite primero. Por eso, aqu\u00ed le presentamos otra opci\u00f3n de tarjeta de cr\u00e9dito, proveniente del sistema Mercado Pago, un sistema tambi\u00e9n confiable, para que usted, lector, pueda continuar su investigaci\u00f3n y hacer comparaciones reales seg\u00fan sus necesidades y realidad. Por lo tanto, usted, ciudadano mexicano interesado en productos financieros, aqu\u00ed encontrar\u00e1 tres opciones ventajosas y confiables para estudiar y finalmente obtenerlas. As\u00ed que contin\u00fae accediendo a nuestro contenido y consejos en art\u00edculos y mant\u00e9ngase siempre informado sobre las mejores oportunidades del mercado. En resumen, la vida financiera se trata de esto: informaci\u00f3n y, en parte, inversi\u00f3n segura.<\/p>","protected":false},"excerpt":{"rendered":"<p>El Banco Azteca es una importante instituci\u00f3n financiera de M\u00e9xico que forma parte de un destacado conglomerado empresarial conocido como&#8230;<\/p>","protected":false},"author":24,"featured_media":18269,"parent":0,"menu_order":0,"comment_status":"open","ping_status":"closed","template":"","meta":{"footnotes":""},"class_list":["post-18268","page","type-page","status-publish","has-post-thumbnail","hentry"],"_links":{"self":[{"href":"https:\/\/bonfimnoticias.com.br\/es\/wp-json\/wp\/v2\/pages\/18268","targetHints":{"allow":["GET"]}}],"collection":[{"href":"https:\/\/bonfimnoticias.com.br\/es\/wp-json\/wp\/v2\/pages"}],"about":[{"href":"https:\/\/bonfimnoticias.com.br\/es\/wp-json\/wp\/v2\/types\/page"}],"author":[{"embeddable":true,"href":"https:\/\/bonfimnoticias.com.br\/es\/wp-json\/wp\/v2\/users\/24"}],"replies":[{"embeddable":true,"href":"https:\/\/bonfimnoticias.com.br\/es\/wp-json\/wp\/v2\/comments?post=18268"}],"version-history":[{"count":6,"href":"https:\/\/bonfimnoticias.com.br\/es\/wp-json\/wp\/v2\/pages\/18268\/revisions"}],"predecessor-version":[{"id":18275,"href":"https:\/\/bonfimnoticias.com.br\/es\/wp-json\/wp\/v2\/pages\/18268\/revisions\/18275"}],"wp:featuredmedia":[{"embeddable":true,"href":"https:\/\/bonfimnoticias.com.br\/es\/wp-json\/wp\/v2\/media\/18269"}],"wp:attachment":[{"href":"https:\/\/bonfimnoticias.com.br\/es\/wp-json\/wp\/v2\/media?parent=18268"}],"curies":[{"name":"wp","href":"https:\/\/api.w.org\/{rel}","templated":true}]}}