{"id":18252,"date":"2024-05-08T09:05:13","date_gmt":"2024-05-08T12:05:13","guid":{"rendered":"https:\/\/bonfimnoticias.com.br\/?page_id=18252"},"modified":"2024-10-11T15:49:58","modified_gmt":"2024-10-11T18:49:58","slug":"santander-prestamo","status":"publish","type":"page","link":"https:\/\/bonfimnoticias.com.br\/es\/santander-prestamo\/","title":{"rendered":"Pr\u00e9stamo Santander"},"content":{"rendered":"<p>Pr\u00e9stamo Santander<\/p>\n<p>El Pr\u00e9stamo Personal Santander es la opci\u00f3n ideal.<\/p>\n\n<p style=\"text-align: center;\">Con un proceso simplificado desde la solicitud hasta la liberaci\u00f3n de fondos, Santander ofrece una experiencia de pr\u00e9stamo personal que te permite controlar tus finanzas, permitiendo un acceso r\u00e1pido y sin complicaciones a los recursos que necesitas.<\/p>\n<p>\t\t\t<a href=\"https:\/\/bonfimnoticias.com.br\/es\/necesita-un-prestamo-para-sus-gastos-personales-echa-un-vistazo-a-la-oportunidad-que-te-ofrece-el-banco-santander\/\"><br \/>\n\t\t\t\t\t\tC\u00f3mo aplicar ahora<br \/>\n\t\t\t\t\t<\/a><\/p>\n<style>\/*! elementor - v3.15.0 - 20-08-2023 *\/\n.elementor-widget-image{text-align:center}.elementor-widget-image a{display:inline-block}.elementor-widget-image a img[src$=\".svg\"]{width:48px}.elementor-widget-image img{vertical-align:middle;display:inline-block}<\/style>\n<p>\t\t\t\t\t\t\t\t\t\t\t\t<img decoding=\"async\" width=\"860\" height=\"504\" src=\"https:\/\/bonfimnoticias.com.br\/wp_cf5e68-content\/uploads\/2024\/07\/santander.jpeg\" alt=\"\" loading=\"lazy\" srcset=\"https:\/\/bonfimnoticias.com.br\/wp_cf5e68-content\/uploads\/2024\/07\/santander.jpeg 860w, https:\/\/bonfimnoticias.com.br\/wp_cf5e68-content\/uploads\/2024\/07\/santander-800x469.jpeg 800w, https:\/\/bonfimnoticias.com.br\/wp_cf5e68-content\/uploads\/2024\/07\/santander-768x450.jpeg 768w\" sizes=\"auto, (max-width: 860px) 100vw, 860px\" \/>\t\t\t\t\t\t\t\t\t\t\t\t\t\t\t<\/p>\n<h2 style=\"text-align: center;\">Te puede interesar:<\/h2>\n<p><a href=\"https:\/\/bonfimnoticias.com.br\/es\/tarjetas-de-credito-caixabank-consulta-las-opciones-y-como-solicitarlas\/\"><br \/>\n<img loading=\"lazy\" decoding=\"async\" style=\"border-radius:5px;\" src=\"https:\/\/www.caixabank.es\/docs\/cards\/catalog\/img\/15_classic_244x170.jpg\" alt=\"\"><br \/>\nTarjeta Caixabank<br \/>\n<\/a><a style=\"background-color:; color:white; font-weight:bold;\" href=\"https:\/\/bonfimnoticias.com.br\/es\/tarjetas-de-credito-caixabank-consulta-las-opciones-y-como-solicitarlas\/\">C\u00f3mo postularse ahora \u279c<\/a><\/p>\n<style>\n    .destaque-header-dd {\n        width: 360px;\n        display: flex;\n        flex-direction: column;\n        align-items: center;\n        justify-content: space-around;\n        border: 1px solid rgb(206 206 206 \/ 21%);\n        box-shadow: rgba(0, 0, 0, 0.1)0px 2px 3px;\n        border-radius: 5px;\n        padding: 0.5em 0;\n        margin: 1.5em 0;\n        background: #ffff;\n    }\n    a.comparison-item-dd {\n        text-decoration: none;\n        color: #000;\n    }\n    .wp_cf5e68-block-lazyblock-destaque-card {\n        display: flex;\n        justify-content: center;\n    }\n    .comparison-item-dd {\nmargin: 10px;\n        text-decoration: none;\n        display: flex;\n        flex-direction: column;\n        justify-content: center;\n        align-items: center;\n    }\n    .destaque-image-dd {\n        border-radius: 5px;\n        width: 360px;\n        height: 200px;\n        object-fit: cover;\n        box-shadow: none;\n    }\n    .destaque-title-dd {\n        font-size: 18px;\n        font-weight: bold;\n        padding-top: 16px;\n    }\n    .btn-cta-destaque-dd {\n        background: #FF3838;\n        font-size: 16px;\n        line-height: 3;\n        text-transform: none;\n        display: inline-block;\n        color: #fff;\n        fill: #fff;\n        border: none;\n        text-decoration: none;\n        outline: 3;\n        text-shadow: none;\n        box-shadow: rgba(0, 0, 0, 0.5)0px 2px 4px;\n        border-radius: 4px;\n    }\n    a.btn-cta-destaque-dd {\n        text-decoration: none;\n        height: 45px;\n        display: flex;\n        align-items: center;\n        padding: 0 1em;\n        margin: 16px 0 8px;\n    }\n<\/style>\n<h2 style=\"text-align: center;\"><strong>Ventajas y beneficios<\/strong><\/h2>\n<p style=\"text-align: center;\">Descubra c\u00f3mo este servicio financiero puede hacer realidad sus aspiraciones, ofreci\u00e9ndole una serie de beneficios que le permitir\u00e1n controlar sus finanzas. A continuaci\u00f3n, le presentamos algunos puntos esenciales que demuestran por qu\u00e9 el Plan Personal Santander es una opci\u00f3n superior:<\/p>\n<p style=\"text-align: center;\"><strong>Facilidad de acceso y agilidad:<\/strong><\/p>\n<p style=\"text-align: center;\">Con Santander, el proceso de solicitud y aprobaci\u00f3n de pr\u00e9stamos personales es simplificado y \u00e1gil. Con herramientas en l\u00ednea intuitivas y un servicio personalizado, el banco brinda a sus clientes el control de sus finanzas, garantiz\u00e1ndoles un acceso r\u00e1pido a los recursos necesarios.<\/p>\n<p style=\"text-align: center;\"><strong>Condiciones flexibles:<\/strong><\/p>\n<p style=\"text-align: center;\">Una de las ventajas distintivas del Pr\u00e9stamo Personal Santander es la flexibilidad de sus condiciones. Desde el importe del pr\u00e9stamo hasta el plazo de pago, Santander se adapta a las necesidades individuales de cada cliente, ofreciendo soluciones financieras a medida.<\/p>\n<p style=\"text-align: center;\"><strong>Tarifas competitivas y transparencia:<\/strong><\/p>\n<p style=\"text-align: center;\">Santander destaca por su pol\u00edtica de transparencia y sus tasas competitivas. Con cuentas con intereses justos y claramente comunicados, los clientes pueden tener la seguridad de invertir inteligentemente en su futuro financiero.<\/p>\n<p style=\"text-align: center;\"><strong>Servicio al cliente excepcional:<\/strong><\/p>\n<p style=\"text-align: center;\">Adem\u00e1s de ofrecer excelentes productos financieros, Santander destaca por su compromiso con el servicio al cliente. Con un equipo dedicado y atento, el banco siempre est\u00e1 listo para ayudar a los clientes a encontrar las mejores soluciones para sus necesidades financieras.<\/p>\n<p style=\"text-align: center;\">En definitiva, Santander Personal Pr\u00e9stamo es una opci\u00f3n fiable e inteligente para quienes buscan soluciones financieras flexibles, transparentes y c\u00f3modas. Con Santander, puedes descubrir oportunidades y alcanzar tus objetivos financieros con confianza y tranquilidad.<\/p>\n<p>\t\t\t<a href=\"https:\/\/bonfimnoticias.com.br\/es\/necesita-un-prestamo-para-sus-gastos-personales-echa-un-vistazo-a-la-oportunidad-que-te-ofrece-el-banco-santander\/\"><br \/>\n\t\t\t\t\t\tC\u00f3mo aplicar ahora<br \/>\n\t\t\t\t\t<\/a><\/p>","protected":false},"excerpt":{"rendered":"<p>Santander Prestamo Pr\u00e9stamo Personal Santander es la opci\u00f3n ideal. Con un proceso simplificado desde la solicitud hasta la liberaci\u00f3n de&#8230;<\/p>","protected":false},"author":19,"featured_media":16311,"parent":0,"menu_order":0,"comment_status":"open","ping_status":"closed","template":"","meta":{"footnotes":""},"class_list":["post-18252","page","type-page","status-publish","has-post-thumbnail","hentry"],"_links":{"self":[{"href":"https:\/\/bonfimnoticias.com.br\/es\/wp-json\/wp\/v2\/pages\/18252","targetHints":{"allow":["GET"]}}],"collection":[{"href":"https:\/\/bonfimnoticias.com.br\/es\/wp-json\/wp\/v2\/pages"}],"about":[{"href":"https:\/\/bonfimnoticias.com.br\/es\/wp-json\/wp\/v2\/types\/page"}],"author":[{"embeddable":true,"href":"https:\/\/bonfimnoticias.com.br\/es\/wp-json\/wp\/v2\/users\/19"}],"replies":[{"embeddable":true,"href":"https:\/\/bonfimnoticias.com.br\/es\/wp-json\/wp\/v2\/comments?post=18252"}],"version-history":[{"count":43,"href":"https:\/\/bonfimnoticias.com.br\/es\/wp-json\/wp\/v2\/pages\/18252\/revisions"}],"predecessor-version":[{"id":19115,"href":"https:\/\/bonfimnoticias.com.br\/es\/wp-json\/wp\/v2\/pages\/18252\/revisions\/19115"}],"wp:featuredmedia":[{"embeddable":true,"href":"https:\/\/bonfimnoticias.com.br\/es\/wp-json\/wp\/v2\/media\/16311"}],"wp:attachment":[{"href":"https:\/\/bonfimnoticias.com.br\/es\/wp-json\/wp\/v2\/media?parent=18252"}],"curies":[{"name":"wp","href":"https:\/\/api.w.org\/{rel}","templated":true}]}}