{"id":18218,"date":"2024-04-26T10:18:22","date_gmt":"2024-04-26T13:18:22","guid":{"rendered":"https:\/\/bonfimnoticias.com.br\/?page_id=18218"},"modified":"2024-04-26T10:19:00","modified_gmt":"2024-04-26T13:19:00","slug":"elementor-18218","status":"publish","type":"page","link":"https:\/\/bonfimnoticias.com.br\/es\/elementor-18218\/","title":{"rendered":"Elementor #18218"},"content":{"rendered":"<p style=\"text-align: center;\">El pr\u00e9stamo personal Santander es una opci\u00f3n que el banco ofrece a los clientes que necesitan recursos financieros adicionales.\u00a0<\/p>\n<p>\t\t\t<a href=\"https:\/\/bonfimnoticias.com.br\/es\/necesita-un-prestamo-para-sus-gastos-personales-echa-un-vistazo-a-la-oportunidad-que-te-ofrece-el-banco-santander\/\"><br \/>\n\t\t\t\t\t\tSEPA M\u00c1S<br \/>\n\t\t\t\t\t<\/a><\/p>\n<p style=\"text-align: center;\">Santander busca ofrecer una experiencia transparente y accesible a sus clientes, con el objetivo de satisfacer sus necesidades financieras de manera eficiente.<\/p>\n<style>\/*! elementor - v3.15.0 - 20-08-2023 *\/\n.elementor-widget-image{text-align:center}.elementor-widget-image a{display:inline-block}.elementor-widget-image a img[src$=\".svg\"]{width:48px}.elementor-widget-image img{vertical-align:middle;display:inline-block}<\/style>\n<p>\t\t\t\t\t\t\t\t\t\t\t\t<img decoding=\"async\" src=\"https:\/\/bonfimnoticias.com.br\/wp_cf5e68-content\/uploads\/2024\/01\/Santander-Logo.jpg\" title=\"\" alt=\"\" loading=\"lazy\" \/><br \/>\n\t\t\t<a href=\"https:\/\/bonfimnoticias.com.br\/es\/un-analisis-del-prestamo-personal-del-banco-bbva\/\"><br \/>\n\t\t\t\t\t\tObtenga un pr\u00e9stamo ahora<br \/>\n\t\t\t\t\t<\/a><\/p>\n<style>\/*! elementor - v3.15.0 - 20-08-2023 *\/\n.elementor-heading-title{padding:0;margin:0;line-height:1}.elementor-widget-heading .elementor-heading-title[class*=elementor-size-]>a{color:inherit;font-size:inherit;line-height:inherit}.elementor-widget-heading .elementor-heading-title.elementor-size-small{font-size:15px}.elementor-widget-heading .elementor-heading-title.elementor-size-medium{font-size:19px}.elementor-widget-heading .elementor-heading-title.elementor-size-large{font-size:29px}.elementor-widget-heading .elementor-heading-title.elementor-size-xl{font-size:39px}.elementor-widget-heading .elementor-heading-title.elementor-size-xxl{font-size:59px}<\/style>\n<h2>Ventajas y beneficios<\/h2>\n<p style=\"text-align: center;\">\u00a0Los montos y condiciones de pago pueden variar seg\u00fan el an\u00e1lisis crediticio del cliente y las pol\u00edticas bancarias. Generalmente, el proceso de solicitud implica la presentaci\u00f3n de documentos y el an\u00e1lisis de la situaci\u00f3n financiera del solicitante. Es importante consultar las tasas de inter\u00e9s, los plazos y otras condiciones antes de optar por este tipo de servicio, asegur\u00e1ndose de que sea una opci\u00f3n adecuada a las necesidades y capacidad financiera del cliente.<\/p>\n<ol>\n<li style=\"text-align: center;\"><strong>Flexibilidad de uso<\/strong>:El pr\u00e9stamo puede ser utilizado para diversos fines, como gastos m\u00e9dicos, educaci\u00f3n, viajes, entre otros.<\/li>\n<li style=\"text-align: center;\"><strong>Proceso simplificado:<\/strong> Santander busca ofrecer un proceso de solicitud fluido y \u00e1gil, con posibilidad de an\u00e1lisis y aprobaci\u00f3n r\u00e1pida.<\/li>\n<li style=\"text-align: center;\"><strong>Condiciones personalizadas:<\/strong> Las condiciones del pr\u00e9stamo, como importe, plazo de pago y tasas de inter\u00e9s, se personalizan seg\u00fan el perfil financiero de cada cliente.<\/li>\n<li style=\"text-align: center;\"><strong>Acceso en l\u00ednea:<\/strong> El banco pone a disposici\u00f3n canales online para solicitar y dar seguimiento al pr\u00e9stamo, ofreciendo comodidad y conveniencia a los clientes.<\/li>\n<li style=\"text-align: center;\"><strong>Transparencia en las condiciones contractuales:<\/strong> Santander busca ofrecer informaci\u00f3n clara y transparente sobre los tipos de inter\u00e9s, tarifas y dem\u00e1s condiciones contractuales, garantizando que los clientes comprendan plenamente los t\u00e9rminos del pr\u00e9stamo.<\/li>\n<li style=\"text-align: center;\"><strong>Posibilidad de pagos por adelantado:<\/strong> En algunos casos, los clientes pueden retrasar el pago de las cuotas, lo que permite una reducci\u00f3n de su inter\u00e9s total.<\/li>\n<\/ol>\n<p>\t\t\t<a href=\"https:\/\/bonfimnoticias.com.br\/es\/\"><br \/>\n\t\t\t\t\t\tPERO NOSOTROS PROPORCIONAMOS<br \/>\n\t\t\t\t\t<\/a><\/p>","protected":false},"excerpt":{"rendered":"<p>El pr\u00e9stamo personal Santander es una opci\u00f3n que ofrece el banco para clientes que necesitan recursos financieros adicionales.\u00a0 SEPA MAS&#8230;<\/p>","protected":false},"author":19,"featured_media":0,"parent":0,"menu_order":0,"comment_status":"closed","ping_status":"closed","template":"","meta":{"footnotes":""},"class_list":["post-18218","page","type-page","status-publish","hentry"],"_links":{"self":[{"href":"https:\/\/bonfimnoticias.com.br\/es\/wp-json\/wp\/v2\/pages\/18218","targetHints":{"allow":["GET"]}}],"collection":[{"href":"https:\/\/bonfimnoticias.com.br\/es\/wp-json\/wp\/v2\/pages"}],"about":[{"href":"https:\/\/bonfimnoticias.com.br\/es\/wp-json\/wp\/v2\/types\/page"}],"author":[{"embeddable":true,"href":"https:\/\/bonfimnoticias.com.br\/es\/wp-json\/wp\/v2\/users\/19"}],"replies":[{"embeddable":true,"href":"https:\/\/bonfimnoticias.com.br\/es\/wp-json\/wp\/v2\/comments?post=18218"}],"version-history":[{"count":6,"href":"https:\/\/bonfimnoticias.com.br\/es\/wp-json\/wp\/v2\/pages\/18218\/revisions"}],"predecessor-version":[{"id":18224,"href":"https:\/\/bonfimnoticias.com.br\/es\/wp-json\/wp\/v2\/pages\/18218\/revisions\/18224"}],"wp:attachment":[{"href":"https:\/\/bonfimnoticias.com.br\/es\/wp-json\/wp\/v2\/media?parent=18218"}],"curies":[{"name":"wp","href":"https:\/\/api.w.org\/{rel}","templated":true}]}}