{"id":18162,"date":"2024-04-24T11:35:22","date_gmt":"2024-04-24T14:35:22","guid":{"rendered":"https:\/\/bonfimnoticias.com.br\/?page_id=18162"},"modified":"2025-06-20T20:03:06","modified_gmt":"2025-06-20T23:03:06","slug":"banco-bbva","status":"publish","type":"page","link":"https:\/\/bonfimnoticias.com.br\/es\/banco-bbva\/","title":{"rendered":"Banco BBVA"},"content":{"rendered":"<p style=\"text-align: center;\">Banco BBVA es una instituci\u00f3n hist\u00f3rica y de gran importancia a nivel mundial. Ofrece una amplia gama de productos, incluyendo tarjetas de cr\u00e9dito Visa BBVA, en diversas modalidades y con caracter\u00edsticas \u00fanicas.<\/p>\n<p><br \/>\n<a href=\"https:\/\/bonfimnoticias.com.br\/es\/tarjetas-visa-ven-a-ver-todas-las-ofertas-de-tarjetas-de-credito-bbva-en-el-increible-banner-visa\/#goog_rewarded\"><br \/>\nM\u00e1s informaci\u00f3n sobre estas tarjetas<br \/>\n<\/a><\/p>\n<p style=\"text-align: center;\">Ser\u00e1 redirigido al art\u00edculo oficial.<\/p>\n<style>\/*! elementor - v3.15.0 - 20-08-2023 *\/<br \/>\n.elementor-widget-image{text-align:center}.elementor-widget-image a{display:inline-block}.elementor-widget-image a img[src$=\".svg\"]{width:48px}.elementor-widget-image img{vertical-align:middle;display:inline-block}<\/style>\n<p><img loading=\"lazy\" decoding=\"async\" src=\"https:\/\/bonfimnoticias.com.br\/wp_cf5e68-content\/uploads\/2024\/04\/DALL\u00b7E-2024-04-24-10.47.48-A-classic-architectural-design-of-a-BBVA-bank-branch-featuring-stone-walls-and-traditional-columned-entrance.-The-BBVA-logo-is-subtly-integrated-into.webp\" sizes=\"auto, (max-width: 1024px) 100vw, 1024px\" srcset=\"https:\/\/bonfimnoticias.com.br\/wp_cf5e68-content\/uploads\/2024\/04\/DALL\u00b7E-2024-04-24-10.47.48-A-classic-architectural-design-of-a-BBVA-bank-branch-featuring-stone-walls-and-traditional-columned-entrance.-The-BBVA-logo-is-subtly-integrated-into.webp 1024w, https:\/\/bonfimnoticias.com.br\/wp_cf5e68-content\/uploads\/2024\/04\/DALL\u00b7E-2024-04-24-10.47.48-A-classic-architectural-design-of-a-BBVA-bank-branch-featuring-stone-walls-and-traditional-columned-entrance.-The-BBVA-logo-is-subtly-integrated-into-800x800.webp 800w, https:\/\/bonfimnoticias.com.br\/wp_cf5e68-content\/uploads\/2024\/04\/DALL\u00b7E-2024-04-24-10.47.48-A-classic-architectural-design-of-a-BBVA-bank-branch-featuring-stone-walls-and-traditional-columned-entrance.-The-BBVA-logo-is-subtly-integrated-into-400x400.webp 400w, https:\/\/bonfimnoticias.com.br\/wp_cf5e68-content\/uploads\/2024\/04\/DALL\u00b7E-2024-04-24-10.47.48-A-classic-architectural-design-of-a-BBVA-bank-branch-featuring-stone-walls-and-traditional-columned-entrance.-The-BBVA-logo-is-subtly-integrated-into-768x768.webp 768w\" alt=\"\" width=\"1024\" height=\"1024\" \/><\/p>\n<h2 style=\"text-align: center;\">Ventajas y beneficios de las tarjetas de cr\u00e9dito Visa BBVA<\/h2>\n<p style=\"text-align: center;\">Es necesario aclarar lo anterior: las tarjetas de cr\u00e9dito Visa BBVA son ofertas en plural. Existen diversas opciones, cada una con sus caracter\u00edsticas espec\u00edficas, que conviene destacar antes de presentar las generales. Existen las tarjetas de cr\u00e9dito Visa Aqua, Visa Ara, Congelada, Infinite, Cl\u00e1sica, Gold y Platinum. Consulta el art\u00edculo oficial para conocer mejor sus particularidades.<\/p>\n<p><br \/>\n<a href=\"https:\/\/bonfimnoticias.com.br\/es\/un-analisis-del-prestamo-personal-del-banco-bbva\/\"><br \/>\nDescubre otros productos del Banco BBVA<br \/>\n<\/a><\/p>\n<p style=\"text-align: center;\">Ser\u00e1 redirigido al art\u00edculo oficial.<\/p>\n<p style=\"text-align: center;\"><strong>Al solicitar una tarjeta de cr\u00e9dito Visa BBVA, podr\u00e1s participar en programas de puntos:<\/strong> acumula puntos en tus compras y g\u00e1stalos en viajes, productos o servicios;<\/p>\n<p style=\"text-align: center;\"><strong> Asegurar m\u00e1s seguridad:<\/strong> La seguridad de estos productos es muy avanzada, ideal para proteger la informaci\u00f3n de sus clientes;<\/p>\n<p style=\"text-align: center;\"><strong> Aceptaci\u00f3n ampliada:<\/strong> Millones de establecimientos en todo el mundo te permiten realizar tus compras a trav\u00e9s de ellos;<\/p>\n<p style=\"text-align: center;\"><strong>Accede a servicios exclusivos:<\/strong> dependiendo del producto de la marca Visa solicitado, podr\u00e1s acceder a beneficios muy especiales como seguro de viaje, servicio de conserjer\u00eda, entrada a salas VIP del aeropuerto y mucho m\u00e1s;<\/p>\n<p style=\"text-align: center;\"><strong> Pagos flexibles:<\/strong> Las condiciones de pago se adaptan a tus previsiones;<\/p>\n<p style=\"text-align: center;\"><strong> Descuentos exclusivos:<\/strong> comprando en tiendas online o tiendas f\u00edsicas asociadas se podr\u00e1 acceder a descuentos y promociones a los que s\u00f3lo los usuarios de tarjeta Visa BBVA pueden acceder;<\/p>\n<p style=\"text-align: center;\"><strong> Gesti\u00f3n en l\u00ednea:<\/strong> Existen plataformas de aplicaciones que te permiten gestionar todos tus gastos de forma c\u00f3moda.<\/p>\n<p style=\"text-align: center;\">Adem\u00e1s de estas ventajas que son generales para todas las ofertas de tarjetas Visa de BBVA, hay m\u00e1s funcionalidades vinculadas a ellas que tambi\u00e9n son comunes a todas, por ejemplo, puedes acceder al programa #MartesVisa que se ofrece en m\u00e1s de 130 restaurantes en Colombia, puedes solicitar el servicio de asistencia m\u00e9dica durante un viaje internacional y tambi\u00e9n contar con un servicio de protecci\u00f3n de precios.<\/p>\n<p style=\"text-align: center;\">Por \u00faltimo, imaginamos que est\u00e1 entusiasmado por conocer m\u00e1s sobre estas ofertas y saber c\u00f3mo solicitar las que mejor se adapten a sus necesidades. Sin embargo, para obtener m\u00e1s detalles y consultar el proceso de solicitud, deber\u00e1 acceder al art\u00edculo oficial sobre las tarjetas de cr\u00e9dito Visa de BBVA.<\/p>\n<p style=\"text-align: center;\">Adem\u00e1s, por ahora solo podemos decidir que su solicitud se puede realizar en l\u00ednea a trav\u00e9s de una plataforma sencilla e intuitiva. Por lo tanto, concluimos que ser cliente de BBVA es una oportunidad que vale la pena considerar, y estamos convencidos de ello gracias a las diversas ventajas que ofrecen sus productos, as\u00ed como a la fiabilidad que el banco ha logrado durante d\u00e9cadas.<\/p>\n<p style=\"text-align: center;\">Si revisa estas ofertas en detalle y no le parecen ideales, investigue m\u00e1s sobre otras instituciones comprometidas y confiables. Siempre es importante comparar productos de diferentes bancos antes de elegir cu\u00e1l solicitar.<\/p>","protected":false},"excerpt":{"rendered":"<p>El Banco BBVA es una instituci\u00f3n hist\u00f3rica y bastante significativa en todo el mundo. Sus ofertas de productos son muchas,&#8230;<\/p>","protected":false},"author":24,"featured_media":18163,"parent":0,"menu_order":0,"comment_status":"open","ping_status":"closed","template":"","meta":{"footnotes":""},"class_list":["post-18162","page","type-page","status-publish","has-post-thumbnail","hentry"],"_links":{"self":[{"href":"https:\/\/bonfimnoticias.com.br\/es\/wp-json\/wp\/v2\/pages\/18162","targetHints":{"allow":["GET"]}}],"collection":[{"href":"https:\/\/bonfimnoticias.com.br\/es\/wp-json\/wp\/v2\/pages"}],"about":[{"href":"https:\/\/bonfimnoticias.com.br\/es\/wp-json\/wp\/v2\/types\/page"}],"author":[{"embeddable":true,"href":"https:\/\/bonfimnoticias.com.br\/es\/wp-json\/wp\/v2\/users\/24"}],"replies":[{"embeddable":true,"href":"https:\/\/bonfimnoticias.com.br\/es\/wp-json\/wp\/v2\/comments?post=18162"}],"version-history":[{"count":8,"href":"https:\/\/bonfimnoticias.com.br\/es\/wp-json\/wp\/v2\/pages\/18162\/revisions"}],"predecessor-version":[{"id":19723,"href":"https:\/\/bonfimnoticias.com.br\/es\/wp-json\/wp\/v2\/pages\/18162\/revisions\/19723"}],"wp:featuredmedia":[{"embeddable":true,"href":"https:\/\/bonfimnoticias.com.br\/es\/wp-json\/wp\/v2\/media\/18163"}],"wp:attachment":[{"href":"https:\/\/bonfimnoticias.com.br\/es\/wp-json\/wp\/v2\/media?parent=18162"}],"curies":[{"name":"wp","href":"https:\/\/api.w.org\/{rel}","templated":true}]}}