{"id":18133,"date":"2024-04-17T11:37:44","date_gmt":"2024-04-17T14:37:44","guid":{"rendered":"https:\/\/bonfimnoticias.com.br\/?page_id=18133"},"modified":"2024-04-17T12:17:55","modified_gmt":"2024-04-17T15:17:55","slug":"banco-do-brasil","status":"publish","type":"page","link":"https:\/\/bonfimnoticias.com.br\/es\/banco-do-brasil\/","title":{"rendered":"Banco de Brasil"},"content":{"rendered":"<p>Los pr\u00e9stamos financieros del Banco do Brasil en otros pa\u00edses de Am\u00e9rica Latina se centran en el comercio exterior y el financiamiento a otras empresas.<\/p>\n<p><br \/>\n<a href=\"https:\/\/bonfimnoticias.com.br\/es\/banco-do-brasil-prestamos\/#goog_rewarded\"><br \/>\nSigue leyendo<br \/>\n<\/a><\/p>\n<p>Ser\u00e1 redirigido al art\u00edculo oficial.<\/p>\n<style>\/*! elementor - v3.15.0 - 20-08-2023 *\/<br \/>.elementor-widget-image{text-align:center}.elementor-widget-image a{display:inline-block}.elementor-widget-image a img[src$=\".svg\"]{width:48px}.elementor-widget-image img{vertical-align:middle;display:inline-block}<\/style>\n<p><img loading=\"lazy\" decoding=\"async\" src=\"https:\/\/bonfimnoticias.com.br\/wp_cf5e68-content\/uploads\/2024\/04\/DALL\u00b7E-2024-04-17-10.40.15-A-conceptual-image-depicting-the-theme-of-loans.-The-image-includes-a-large-symbolic-stack-of-money-in-the-center-surrounded-by-miniature-figures-of.webp\" sizes=\"auto, (max-width: 1024px) 100vw, 1024px\" srcset=\"https:\/\/bonfimnoticias.com.br\/wp_cf5e68-content\/uploads\/2024\/04\/DALL\u00b7E-2024-04-17-10.40.15-A-conceptual-image-depicting-the-theme-of-loans.-The-image-includes-a-large-symbolic-stack-of-money-in-the-center-surrounded-by-miniature-figures-of.webp 1024w, https:\/\/bonfimnoticias.com.br\/wp_cf5e68-content\/uploads\/2024\/04\/DALL\u00b7E-2024-04-17-10.40.15-A-conceptual-image-depicting-the-theme-of-loans.-The-image-includes-a-large-symbolic-stack-of-money-in-the-center-surrounded-by-miniature-figures-of-800x800.webp 800w, https:\/\/bonfimnoticias.com.br\/wp_cf5e68-content\/uploads\/2024\/04\/DALL\u00b7E-2024-04-17-10.40.15-A-conceptual-image-depicting-the-theme-of-loans.-The-image-includes-a-large-symbolic-stack-of-money-in-the-center-surrounded-by-miniature-figures-of-400x400.webp 400w, https:\/\/bonfimnoticias.com.br\/wp_cf5e68-content\/uploads\/2024\/04\/DALL\u00b7E-2024-04-17-10.40.15-A-conceptual-image-depicting-the-theme-of-loans.-The-image-includes-a-large-symbolic-stack-of-money-in-the-center-surrounded-by-miniature-figures-of-768x768.webp 768w\" alt=\"\" width=\"1024\" height=\"1024\" \/><\/p>\n<h2 style=\"text-align: center;\">Descubra las ventajas y beneficios de los pr\u00e9stamos del Banco do Brasil<\/h2>\n<p style=\"text-align: center;\">Antes de analizar los beneficios de estos pr\u00e9stamos, es necesario conocer los tipos que ofrece el Banco do Brasil en Latinoam\u00e9rica. Por lo tanto, incluso con una explicaci\u00f3n m\u00e1s detallada en el art\u00edculo oficial, cabe aclarar que los pr\u00e9stamos que ofrece son: l\u00edneas de cr\u00e9dito para la exportaci\u00f3n, contratos cambiarios adelanto, adelanto sobre divisas entregadas y, finalmente, l\u00edneas de cr\u00e9dito externas. A continuaci\u00f3n, se presentan los beneficios de estos productos.<\/p>\n<p><br \/>\n<a href=\"https:\/\/bonfimnoticias.com.br\/es\/necesita-un-prestamo-para-sus-gastos-personales-echa-un-vistazo-a-la-oportunidad-que-te-ofrece-el-banco-santander\/\"><br \/>\nDescubra otras oportunidades de pr\u00e9stamos<br \/>\n<\/a><\/p>\n<p>Ser\u00e1 redirigido al art\u00edculo oficial.<\/p>\n<p><strong>Algunas ventajas de las l\u00edneas de cr\u00e9dito para la exportaci\u00f3n<\/strong>Este servicio financiero facilita la exportaci\u00f3n de productos y, por lo tanto, la expansi\u00f3n de sus negocios. Esto contribuye enormemente al fortalecimiento de la econom\u00eda de un pa\u00eds.<\/p>\n<p><strong>Contrato de cambio Adelanto<\/strong>:esto, a su vez, mejora el flujo de caja de las empresas a trav\u00e9s del financiamiento en el pre-env\u00edo de mercanc\u00edas;<\/p>\n<p><strong>Adelanto en divisas entregadas<\/strong>:este financiamiento es similar al anterior, pero es para post embarque, asegurando que las empresas puedan continuar su operaci\u00f3n luego de la exportaci\u00f3n mientras esperan el pago;<\/p>\n<p><strong>L\u00edneas de cr\u00e9dito externas<\/strong>:producto para financiar proyectos de gran envergadura cuyos recursos no pueden accederse internamente.<\/p>\n<p>Tras analizar algunos detalles espec\u00edficos sobre los productos financieros de BB, tambi\u00e9n puede averiguar c\u00f3mo solicitarlos consultando el art\u00edculo oficial publicado sobre pr\u00e9stamos del Banco do Brasil en Latinoam\u00e9rica. All\u00ed encontrar\u00e1 una gu\u00eda paso a paso que le ayudar\u00e1 con su solicitud.<\/p>\n<p>Recuerde, sin embargo, que antes de cualquier solicitud en la mayor\u00eda de los bancos tradicionales, es necesario tener un buen historial crediticio y estar libre de incumplimientos financieros.<\/p>\n<p>Adem\u00e1s, cabe destacar que antes de solicitar cualquier producto, siempre es recomendable realizar una investigaci\u00f3n previa. Investigue otras instituciones y otras ofertas; de repente, surgen oportunidades que se adaptan mejor a su realidad y necesidades. Un importante competidor de Banco do Brasil en Latinoam\u00e9rica es Banco Santander, una gran instituci\u00f3n reconocida mundialmente con productos muy atractivos en el mercado. Sus productos y servicios est\u00e1n dirigidos tanto a particulares como a empresas. Merece la pena explorarlos.<\/p>\n<p>Si contin\u00faa optando por vender productos del Banco do Brasil, estar\u00e1 operando con una instituci\u00f3n muy confiable. Sin embargo, recuerde revisar siempre todas las disposiciones del contrato con mucho detalle. Nunca comparta informaci\u00f3n, especialmente sobre tasas de inter\u00e9s y condiciones de pago. Adem\u00e1s, creo que siempre ofrecemos opciones m\u00e1s viables para instituciones que para particulares, dado el compromiso que implica un contrato. Por lo tanto, analice las condiciones y su capacidad, e inicie el proceso de solicitud.<\/p>","protected":false},"excerpt":{"rendered":"<p>Los pr\u00e9stamos financieros del Banco do Brasil en otros pa\u00edses de Am\u00e9rica Latina est\u00e1n enfocados en el comercio exterior y&#8230;<\/p>","protected":false},"author":24,"featured_media":18135,"parent":0,"menu_order":0,"comment_status":"open","ping_status":"closed","template":"","meta":{"footnotes":""},"class_list":["post-18133","page","type-page","status-publish","has-post-thumbnail","hentry"],"_links":{"self":[{"href":"https:\/\/bonfimnoticias.com.br\/es\/wp-json\/wp\/v2\/pages\/18133","targetHints":{"allow":["GET"]}}],"collection":[{"href":"https:\/\/bonfimnoticias.com.br\/es\/wp-json\/wp\/v2\/pages"}],"about":[{"href":"https:\/\/bonfimnoticias.com.br\/es\/wp-json\/wp\/v2\/types\/page"}],"author":[{"embeddable":true,"href":"https:\/\/bonfimnoticias.com.br\/es\/wp-json\/wp\/v2\/users\/24"}],"replies":[{"embeddable":true,"href":"https:\/\/bonfimnoticias.com.br\/es\/wp-json\/wp\/v2\/comments?post=18133"}],"version-history":[{"count":7,"href":"https:\/\/bonfimnoticias.com.br\/es\/wp-json\/wp\/v2\/pages\/18133\/revisions"}],"predecessor-version":[{"id":18142,"href":"https:\/\/bonfimnoticias.com.br\/es\/wp-json\/wp\/v2\/pages\/18133\/revisions\/18142"}],"wp:featuredmedia":[{"embeddable":true,"href":"https:\/\/bonfimnoticias.com.br\/es\/wp-json\/wp\/v2\/media\/18135"}],"wp:attachment":[{"href":"https:\/\/bonfimnoticias.com.br\/es\/wp-json\/wp\/v2\/media?parent=18133"}],"curies":[{"name":"wp","href":"https:\/\/api.w.org\/{rel}","templated":true}]}}