{"id":18016,"date":"2024-03-18T14:18:36","date_gmt":"2024-03-18T17:18:36","guid":{"rendered":"https:\/\/bonfimnoticias.com.br\/?page_id=18016"},"modified":"2024-03-18T14:20:06","modified_gmt":"2024-03-18T17:20:06","slug":"pp-tarjeta-carrefour-pass","status":"publish","type":"page","link":"https:\/\/bonfimnoticias.com.br\/es\/pp-tarjeta-carrefour-pass\/","title":{"rendered":"Carrefour Pass \u2013 Tarjeta"},"content":{"rendered":"<p style=\"text-align: center;\">Seguramente conoces la gran cadena global de supermercados Carrefour. Esta multinacional tambi\u00e9n ofrece ofertas de cr\u00e9dito a trav\u00e9s de su servicio Carrefour Pass. Una de estas ofertas es la tarjeta Carrefour, un producto financiero que permite a todos sus usuarios acceder a diferentes beneficios al pagar sus compras.<\/p>\n<p><br \/>\n<a href=\"https:\/\/bonfimnoticias.com.br\/es\/solicitar-la-tarjeta-pass-carrefour\/\"><br \/>\nC\u00f3mo solicitar una tarjeta Carrefour Pass<br \/>\n<\/a><br \/>\n<img loading=\"lazy\" decoding=\"async\" src=\"https:\/\/bonfimnoticias.com.br\/wp_cf5e68-content\/uploads\/2024\/03\/DALL\u00b7E-2024-03-18-13.50.47-Design-a-generic-credit-card-with-a-blue-and-white-color-scheme-featuring-a-fictional-supermarket-logo-in-the-center.-The-card-should-have-a-chip-on-.webp\" sizes=\"auto, (max-width: 1024px) 100vw, 1024px\" srcset=\"https:\/\/bonfimnoticias.com.br\/wp_cf5e68-content\/uploads\/2024\/03\/DALL\u00b7E-2024-03-18-13.50.47-Design-a-generic-credit-card-with-a-blue-and-white-color-scheme-featuring-a-fictional-supermarket-logo-in-the-center.-The-card-should-have-a-chip-on-.webp 1024w, https:\/\/bonfimnoticias.com.br\/wp_cf5e68-content\/uploads\/2024\/03\/DALL\u00b7E-2024-03-18-13.50.47-Design-a-generic-credit-card-with-a-blue-and-white-color-scheme-featuring-a-fictional-supermarket-logo-in-the-center.-The-card-should-have-a-chip-on--800x800.webp 800w, https:\/\/bonfimnoticias.com.br\/wp_cf5e68-content\/uploads\/2024\/03\/DALL\u00b7E-2024-03-18-13.50.47-Design-a-generic-credit-card-with-a-blue-and-white-color-scheme-featuring-a-fictional-supermarket-logo-in-the-center.-The-card-should-have-a-chip-on--400x400.webp 400w, https:\/\/bonfimnoticias.com.br\/wp_cf5e68-content\/uploads\/2024\/03\/DALL\u00b7E-2024-03-18-13.50.47-Design-a-generic-credit-card-with-a-blue-and-white-color-scheme-featuring-a-fictional-supermarket-logo-in-the-center.-The-card-should-have-a-chip-on--768x768.webp 768w, https:\/\/bonfimnoticias.com.br\/wp_cf5e68-content\/uploads\/2024\/03\/DALL\u00b7E-2024-03-18-13.50.47-Design-a-generic-credit-card-with-a-blue-and-white-color-scheme-featuring-a-fictional-supermarket-logo-in-the-center.-The-card-should-have-a-chip-on--96x96.webp 96w, https:\/\/bonfimnoticias.com.br\/wp_cf5e68-content\/uploads\/2024\/03\/DALL\u00b7E-2024-03-18-13.50.47-Design-a-generic-credit-card-with-a-blue-and-white-color-scheme-featuring-a-fictional-supermarket-logo-in-the-center.-The-card-should-have-a-chip-on--150x150.webp 150w\" alt=\"\" width=\"1024\" height=\"1024\" \/><\/p>\n<h2 style=\"text-align: center;\">Ventajas y beneficios de solicitar una tarjeta Carrefour Pass<\/h2>\n<p style=\"text-align: center;\">El factor clave que genera inter\u00e9s en adquirir un producto son, sin duda, las ventajas que ofrece. Por ello, hablar de los beneficios a los que pueden acceder los clientes al solicitar una tarjeta Carrefour Pass es esencial para nuestro contenido:<\/p>\n<p><br \/>\n<a href=\"https:\/\/bonfimnoticias.com.br\/es\/prestamo-carrefour-completamente-online\/\"><br \/>\nDescubre otros productos Carrefour Pass<br \/>\n<\/a><\/p>\n<p style=\"text-align: center;\"><strong>Acceso a descuentos y promociones:<\/strong> Los solicitantes de la tarjeta podr\u00e1n acceder a descuentos exclusivos en productos y servicios en las tiendas Carrefour, as\u00ed como en los comercios asociados;<\/p>\n<p style=\"text-align: center;\"><strong>Participaci\u00f3n en programas de puntos y reembolso:<\/strong> \u00bfConoces estas oportunidades para acumular puntos y canjearlos por compras? La tarjeta Carrefour Pass tambi\u00e9n ofrece esto.<\/p>\n<p style=\"text-align: center;\"><strong>Financiaci\u00f3n de compra:<\/strong> Tambi\u00e9n puedes fraccionar tus compras en VARIAS VECES, dependiendo del n\u00famero de intereses y descuentos aplicados;<\/p>\n<p style=\"text-align: center;\"><strong>Otras oportunidades de cr\u00e9dito:<\/strong> Ser usuario de esta tarjeta tambi\u00e9n te permite obtener m\u00e1s cr\u00e9dito personal;<\/p>\n<p style=\"text-align: center;\"><strong>Pagos flexibles:<\/strong> Podr\u00e1s elegir las fechas de vencimiento que mejor se adapten a tu realidad;<\/p>\n<p style=\"text-align: center;\"><strong>Acceso a otros servicios:<\/strong> Inclusi\u00f3n de seguros, asistencia y mucho m\u00e1s seg\u00fan el producto elegido;<\/p>\n<p style=\"text-align: center;\">\u00a0<strong>Gesti\u00f3n en l\u00ednea:<\/strong> Realice todo el seguimiento de sus gastos a trav\u00e9s de un sistema online.<\/p>\n<p style=\"text-align: center;\">Imagine acceder a todos estos beneficios a trav\u00e9s de una empresa tan segura como Carrefour. Sin embargo, tenga en cuenta que, antes de solicitar cualquier producto financiero, es necesario analizar sus t\u00e9rminos y condiciones, las tasas de inter\u00e9s aplicables y toda la informaci\u00f3n detallada al respecto.<\/p>\n<p style=\"text-align: center;\">Adem\u00e1s, es evidente que ning\u00fan producto se limita a sus ventajas. Solicitar una tarjeta Carrefour Pass tambi\u00e9n conlleva algunos puntos a considerar, como las DESVENTAJAS DE LA TARJETA CARREFOUR PASS. Sin embargo, estos puntos espec\u00edficos, as\u00ed como el m\u00e9todo de solicitud, solo le permitir\u00e1n acceder al art\u00edculo creado para su informaci\u00f3n. Tambi\u00e9n podr\u00e1 identificar otros detalles que le ayudar\u00e1n a tomar las precauciones necesarias antes de adquirir cualquier producto. Por lo tanto, podemos concluir que ser un cliente financiero no se trata solo de solicitar productos, acceder a instituciones, etc., sino tambi\u00e9n de mantenerse informado sobre el mercado, como lector constante de contenido financiero y, por lo tanto, estar siempre protegido de posibles errores que, a menudo, pueden cometer los usuarios m\u00e1s impulsivos.<\/p>\n<p style=\"text-align: center;\">Si no puede acceder al art\u00edculo y persisten las dudas, tambi\u00e9n puede contactar con su establecimiento Carrefour Pass para recibir atenci\u00f3n personalizada y aclarar todas sus dudas. El contenido le ofrecer\u00e1 una opci\u00f3n para hacerlo, ya sea a trav\u00e9s del sitio web oficial o a trav\u00e9s de los mismos medios de contacto disponibles.<\/p>","protected":false},"excerpt":{"rendered":"<p>Seguramente ya conoces la gran cadena de supermercados mundial Carrefour. Esta multinacional tambi\u00e9n es responsable de ofrecer ofertas de cr\u00e9dito&#8230;<\/p>","protected":false},"author":24,"featured_media":18039,"parent":0,"menu_order":0,"comment_status":"open","ping_status":"closed","template":"","meta":{"footnotes":""},"class_list":["post-18016","page","type-page","status-publish","has-post-thumbnail","hentry"],"_links":{"self":[{"href":"https:\/\/bonfimnoticias.com.br\/es\/wp-json\/wp\/v2\/pages\/18016","targetHints":{"allow":["GET"]}}],"collection":[{"href":"https:\/\/bonfimnoticias.com.br\/es\/wp-json\/wp\/v2\/pages"}],"about":[{"href":"https:\/\/bonfimnoticias.com.br\/es\/wp-json\/wp\/v2\/types\/page"}],"author":[{"embeddable":true,"href":"https:\/\/bonfimnoticias.com.br\/es\/wp-json\/wp\/v2\/users\/24"}],"replies":[{"embeddable":true,"href":"https:\/\/bonfimnoticias.com.br\/es\/wp-json\/wp\/v2\/comments?post=18016"}],"version-history":[{"count":0,"href":"https:\/\/bonfimnoticias.com.br\/es\/wp-json\/wp\/v2\/pages\/18016\/revisions"}],"wp:featuredmedia":[{"embeddable":true,"href":"https:\/\/bonfimnoticias.com.br\/es\/wp-json\/wp\/v2\/media\/18039"}],"wp:attachment":[{"href":"https:\/\/bonfimnoticias.com.br\/es\/wp-json\/wp\/v2\/media?parent=18016"}],"curies":[{"name":"wp","href":"https:\/\/api.w.org\/{rel}","templated":true}]}}