{"id":17972,"date":"2024-03-13T14:38:31","date_gmt":"2024-03-13T17:38:31","guid":{"rendered":"https:\/\/bonfimnoticias.com.br\/?page_id=17972"},"modified":"2025-06-19T17:28:43","modified_gmt":"2025-06-19T20:28:43","slug":"pp-tarjeta-de-credito-mercado-pago","status":"publish","type":"page","link":"https:\/\/bonfimnoticias.com.br\/es\/pp-tarjeta-de-credito-mercado-pago\/","title":{"rendered":"Mercado Pago"},"content":{"rendered":"<p style=\"text-align: center;\">Mercado Pago es una plataforma financiera digital vinculada al e-commerce Mercado Libre, cuyas ofertas son bastante variadas en cuanto a servicios de pagos y productos, como es el caso de sus tarjetas de cr\u00e9dito.<\/p>\n<p><br \/>\n\t\t\t\t\t\t\t\t\t\t\t\t\t\t\t<img loading=\"lazy\" decoding=\"async\" width=\"1024\" height=\"1024\" src=\"https:\/\/bonfimnoticias.com.br\/wp_cf5e68-content\/uploads\/2024\/03\/DALL\u00b7E-2024-03-13-14.16.21-Design-an-image-showcasing-the-digital-payment-interface-of-a-mobile-app-similar-to-Mercado-Pago-with-features-such-as-a-digital-wallet-QR-code-scan.webp\" alt=\"\" srcset=\"https:\/\/bonfimnoticias.com.br\/wp_cf5e68-content\/uploads\/2024\/03\/DALL\u00b7E-2024-03-13-14.16.21-Design-an-image-showcasing-the-digital-payment-interface-of-a-mobile-app-similar-to-Mercado-Pago-with-features-such-as-a-digital-wallet-QR-code-scan.webp 1024w, https:\/\/bonfimnoticias.com.br\/wp_cf5e68-content\/uploads\/2024\/03\/DALL\u00b7E-2024-03-13-14.16.21-Design-an-image-showcasing-the-digital-payment-interface-of-a-mobile-app-similar-to-Mercado-Pago-with-features-such-as-a-digital-wallet-QR-code-scan-800x800.webp 800w, https:\/\/bonfimnoticias.com.br\/wp_cf5e68-content\/uploads\/2024\/03\/DALL\u00b7E-2024-03-13-14.16.21-Design-an-image-showcasing-the-digital-payment-interface-of-a-mobile-app-similar-to-Mercado-Pago-with-features-such-as-a-digital-wallet-QR-code-scan-400x400.webp 400w, https:\/\/bonfimnoticias.com.br\/wp_cf5e68-content\/uploads\/2024\/03\/DALL\u00b7E-2024-03-13-14.16.21-Design-an-image-showcasing-the-digital-payment-interface-of-a-mobile-app-similar-to-Mercado-Pago-with-features-such-as-a-digital-wallet-QR-code-scan-768x768.webp 768w, https:\/\/bonfimnoticias.com.br\/wp_cf5e68-content\/uploads\/2024\/03\/DALL\u00b7E-2024-03-13-14.16.21-Design-an-image-showcasing-the-digital-payment-interface-of-a-mobile-app-similar-to-Mercado-Pago-with-features-such-as-a-digital-wallet-QR-code-scan-96x96.webp 96w, https:\/\/bonfimnoticias.com.br\/wp_cf5e68-content\/uploads\/2024\/03\/DALL\u00b7E-2024-03-13-14.16.21-Design-an-image-showcasing-the-digital-payment-interface-of-a-mobile-app-similar-to-Mercado-Pago-with-features-such-as-a-digital-wallet-QR-code-scan-150x150.webp 150w\" sizes=\"auto, (max-width: 1024px) 100vw, 1024px\" \/>\t\t\t\t\t\t\t\t\t\t\t\t\t\t\t<\/p>\n<h2 style=\"text-align: center;\">Ventajas y beneficios de la tarjeta de cr\u00e9dito Mercado Pago<\/h2>\n<p style=\"text-align: center;\">Probablemente hayas o\u00eddo hablar mucho de Mercado Pago, pero quiz\u00e1s no tanto de sus productos financieros. Para que tengas m\u00e1s claro cu\u00e1les son estas ofertas, consulta a continuaci\u00f3n algunas de las mayores ventajas y beneficios asociados a tu tarjeta de cr\u00e9dito y comprende el porqu\u00e9 del \u00e9xito de este sistema de pagos digitales.<\/p>\n\n<p style=\"text-align: center;\"><strong>Aceptaci\u00f3n ampliada:<\/strong> La tarjeta de cr\u00e9dito Mercado Pago es aceptada para pagos en millones de establecimientos comerciales alrededor del mundo;<\/p>\n<p style=\"text-align: center;\"><strong>Programas de beneficios:<\/strong> A trav\u00e9s de ella tambi\u00e9n podr\u00e1s acceder a programas de beneficios, acumular puntos y gastarlos en compras o servicios;<\/p>\n<p style=\"text-align: center;\"><strong>Exenci\u00f3n:<\/strong> La cuota anual de la tarjeta de cr\u00e9dito Mercado Pago es totalmente gratuita;<\/p>\n<p style=\"text-align: center;\"><strong> Mayor control y comodidad:<\/strong> Realizas todo el control y seguimiento de tus gastos a trav\u00e9s de tu celular, est\u00e9s donde est\u00e9s;<\/p>\n<p style=\"text-align: center;\"><strong> Reembolso:<\/strong> Tambi\u00e9n puedes participar en programas de devoluci\u00f3n de dinero;<\/p>\n<p style=\"text-align: center;\"><strong> Seguridad:<\/strong> Mercado Pago es una plataforma segura y confiable que apuesta por la mejor experiencia de sus clientes, al igual que Mercado Libre;<\/p>\n<p style=\"text-align: center;\"><strong> Acceso a la asistencia:<\/strong> Tambi\u00e9n es posible activar asistencias y seguros adicionales;<\/p>\n<p style=\"text-align: center;\"><strong>Facilidad para solicitar el producto<\/strong>:se puede solicitar online, de forma f\u00e1cil y s\u00faper r\u00e1pida;<\/p>\n<p style=\"text-align: center;\"><strong>Billetera digital:<\/strong> Al convertirte en cliente de Mercado Pago, tambi\u00e9n podr\u00e1s acceder desde tu tarjeta digital.<\/p>\n<p style=\"text-align: center;\">Una vez que haya consultado los beneficios especiales de su tarjeta de cr\u00e9dito de Mercado Pago y est\u00e9 interesado en la oferta, recuerde que todos los productos financieros cumplen con una serie de requisitos fundamentales para ser considerados por sus solicitantes. Por lo tanto, es crucial que cumplamos con estos requisitos para que, al solicitar su producto, sea considerado.<\/p>\n<p style=\"text-align: center;\">\u00bfQu\u00e9 tal? \u00bfTe interesa saber cu\u00e1les son estos requisitos? A trav\u00e9s de los art\u00edculos publicados, podr\u00e1s obtener informaci\u00f3n general sobre ellos, adem\u00e1s de comprender el proceso de solicitud paso a paso. El art\u00edculo tambi\u00e9n te proporcionar\u00e1 acceso a la plataforma oficial mediante un enlace para que puedas iniciar el tr\u00e1mite de inmediato, de forma gratuita y objetiva para una mejor comprensi\u00f3n del p\u00fablico lector.<\/p>\n<p style=\"text-align: center;\">Sin embargo, tambi\u00e9n vale la pena destacar que, antes de consultar c\u00f3mo iniciar su pedido, lea atentamente la informaci\u00f3n sobre Mercado Pago, ya que un producto no se trata solo de sus beneficios, sino tambi\u00e9n de la confianza que brinda su oferente y el compromiso con sus usuarios. Sabemos que Mercado Pago es un referente en este tema; sin embargo, esta advertencia es crucial para cualquier otra oferta que se presente a los consumidores de todos los \u00e1mbitos, especialmente a quienes acceden a los productos a trav\u00e9s de medios digitales.<\/p>","protected":false},"excerpt":{"rendered":"<p>Mercado Pago es una plataforma financiera digital vinculada al e-commerce Mercado Libre, cuyas ofertas son bastante variadas en cuanto a&#8230;<\/p>","protected":false},"author":24,"featured_media":17998,"parent":0,"menu_order":0,"comment_status":"open","ping_status":"closed","template":"","meta":{"footnotes":""},"class_list":["post-17972","page","type-page","status-publish","has-post-thumbnail","hentry"],"_links":{"self":[{"href":"https:\/\/bonfimnoticias.com.br\/es\/wp-json\/wp\/v2\/pages\/17972","targetHints":{"allow":["GET"]}}],"collection":[{"href":"https:\/\/bonfimnoticias.com.br\/es\/wp-json\/wp\/v2\/pages"}],"about":[{"href":"https:\/\/bonfimnoticias.com.br\/es\/wp-json\/wp\/v2\/types\/page"}],"author":[{"embeddable":true,"href":"https:\/\/bonfimnoticias.com.br\/es\/wp-json\/wp\/v2\/users\/24"}],"replies":[{"embeddable":true,"href":"https:\/\/bonfimnoticias.com.br\/es\/wp-json\/wp\/v2\/comments?post=17972"}],"version-history":[{"count":4,"href":"https:\/\/bonfimnoticias.com.br\/es\/wp-json\/wp\/v2\/pages\/17972\/revisions"}],"predecessor-version":[{"id":19715,"href":"https:\/\/bonfimnoticias.com.br\/es\/wp-json\/wp\/v2\/pages\/17972\/revisions\/19715"}],"wp:featuredmedia":[{"embeddable":true,"href":"https:\/\/bonfimnoticias.com.br\/es\/wp-json\/wp\/v2\/media\/17998"}],"wp:attachment":[{"href":"https:\/\/bonfimnoticias.com.br\/es\/wp-json\/wp\/v2\/media?parent=17972"}],"curies":[{"name":"wp","href":"https:\/\/api.w.org\/{rel}","templated":true}]}}