{"id":17949,"date":"2024-03-12T13:27:33","date_gmt":"2024-03-12T16:27:33","guid":{"rendered":"https:\/\/bonfimnoticias.com.br\/?page_id=17949"},"modified":"2024-03-12T13:29:53","modified_gmt":"2024-03-12T16:29:53","slug":"pp-banco-bna-tarjetas-de-credito","status":"publish","type":"page","link":"https:\/\/bonfimnoticias.com.br\/es\/pp-banco-bna-tarjetas-de-credito\/","title":{"rendered":"Banco BNA"},"content":{"rendered":"<p style=\"text-align: center;\">Las tarjetas de cr\u00e9dito BNA, cuyas ofertas se dividen en opciones entre las marcas Visa y Mastercard, son excelentes productos para quienes quieran acumular miles, beneficiarse de programas de puntos y adem\u00e1s convertirse en cliente de la instituci\u00f3n m\u00e1s reconocida de toda Argentina!<\/p>\n<p><br \/>\n<a href=\"https:\/\/bonfimnoticias.com.br\/es\/tarjetas-de-credito-bna-ventajas\/\"><br \/>\nM\u00e1s informaci\u00f3n sobre las tarjetas de cr\u00e9dito BNA<br \/>\n<\/a><\/p>\n<p style=\"text-align: center;\">Ser\u00e1 redirigido a otro art\u00edculo.<\/p>\n<p><img loading=\"lazy\" decoding=\"async\" src=\"https:\/\/bonfimnoticias.com.br\/wp_cf5e68-content\/uploads\/2024\/03\/DALL\u00b7E-2024-03-12-12.56.50-A-majestic-and-classical-building-symbolizing-the-Banco-de-la-Nacion-Argentina-featuring-grand-architectural-elements-typical-of-the-early-20th-centu.webp\" sizes=\"auto, (max-width: 1024px) 100vw, 1024px\" srcset=\"https:\/\/bonfimnoticias.com.br\/wp_cf5e68-content\/uploads\/2024\/03\/DALL\u00b7E-2024-03-12-12.56.50-A-majestic-and-classical-building-symbolizing-the-Banco-de-la-Nacion-Argentina-featuring-grand-architectural-elements-typical-of-the-early-20th-centu.webp 1024w, https:\/\/bonfimnoticias.com.br\/wp_cf5e68-content\/uploads\/2024\/03\/DALL\u00b7E-2024-03-12-12.56.50-A-majestic-and-classical-building-symbolizing-the-Banco-de-la-Nacion-Argentina-featuring-grand-architectural-elements-typical-of-the-early-20th-centu-800x800.webp 800w, https:\/\/bonfimnoticias.com.br\/wp_cf5e68-content\/uploads\/2024\/03\/DALL\u00b7E-2024-03-12-12.56.50-A-majestic-and-classical-building-symbolizing-the-Banco-de-la-Nacion-Argentina-featuring-grand-architectural-elements-typical-of-the-early-20th-centu-400x400.webp 400w, https:\/\/bonfimnoticias.com.br\/wp_cf5e68-content\/uploads\/2024\/03\/DALL\u00b7E-2024-03-12-12.56.50-A-majestic-and-classical-building-symbolizing-the-Banco-de-la-Nacion-Argentina-featuring-grand-architectural-elements-typical-of-the-early-20th-centu-768x768.webp 768w, https:\/\/bonfimnoticias.com.br\/wp_cf5e68-content\/uploads\/2024\/03\/DALL\u00b7E-2024-03-12-12.56.50-A-majestic-and-classical-building-symbolizing-the-Banco-de-la-Nacion-Argentina-featuring-grand-architectural-elements-typical-of-the-early-20th-centu-96x96.webp 96w, https:\/\/bonfimnoticias.com.br\/wp_cf5e68-content\/uploads\/2024\/03\/DALL\u00b7E-2024-03-12-12.56.50-A-majestic-and-classical-building-symbolizing-the-Banco-de-la-Nacion-Argentina-featuring-grand-architectural-elements-typical-of-the-early-20th-centu-150x150.webp 150w\" alt=\"\" width=\"1024\" height=\"1024\" \/><\/p>\n<h2 style=\"text-align: center;\">Ventajas y beneficios de las tarjetas de cr\u00e9dito del Banco BNA<\/h2>\n<p style=\"text-align: center;\">Como se mencion\u00f3 anteriormente, la oferta de tarjetas de cr\u00e9dito del Banco BNA se divide en las marcas Visa y Mastercard, trayendo consigo una serie de ventajas muy atractivas en el mercado financiero argentino.<\/p>\n<p><br \/>\n<a href=\"https:\/\/bonfimnoticias.com.br\/es\/banco-de-la-nacion-argentina\/\"><br \/>\nDescubra los servicios personales del Banco BNA<br \/>\n<\/a><\/p>\n<p style=\"text-align: center;\">Ser\u00e1 redirigido a otro art\u00edculo.<\/p>\n<p style=\"text-align: center;\">En primer lugar, nos centraremos en las ventajas vinculadas a la marca Mastercard:<\/p>\n<p style=\"text-align: center;\"><strong>Acceso a descuentos exclusivos<\/strong>:con la tarjeta de cr\u00e9dito BNA Mastercard podr\u00e1s acceder a descuentos especiales en viajes y compras;<\/p>\n<p style=\"text-align: center;\"><strong> Participaci\u00f3n en programas de beneficios<\/strong>:Tambi\u00e9n podr\u00e1s acumular puntos para gastar en compras o acumular millas para tus viajes;<\/p>\n<p style=\"text-align: center;\"><strong> Contrato de pr\u00e9stamo:<\/strong> Los productos crediticios del BNA se vuelven m\u00e1s f\u00e1ciles y ventajosos;<\/p>\n<p style=\"text-align: center;\"><strong>Control en l\u00ednea<\/strong>:Todos tus gastos los podr\u00e1s gestionar a trav\u00e9s de tu celular.<\/p>\n<p style=\"text-align: center;\">Las tarjetas Visa, por su parte, tienen beneficios muy similares, sin embargo, veremos cada una con m\u00e1s detalle:<\/p>\n<p style=\"text-align: center;\"><strong>Descuentos atractivos y especiales:<\/strong> Con las tarjetas Visa tambi\u00e9n podr\u00e1s acceder a descuentos exclusivos para tus compras y viajes, obteniendo el mejor precio del mercado;<\/p>\n<p style=\"text-align: center;\"><strong> Tarjetas adicionales:<\/strong> Tambi\u00e9n podr\u00e1s obtener otras tarjetas sin ning\u00fan coste;<\/p>\n<p style=\"text-align: center;\"><strong> Otras excepciones<\/strong>:gratis en la comisi\u00f3n emisora;<\/p>\n<p style=\"text-align: center;\"><strong>Participaci\u00f3n en programas de beneficios:<\/strong> Otro punto similar a las tarjetas de cr\u00e9dito Mastercard es que las tarjetas Visa tambi\u00e9n permiten a sus usuarios canjear puntos por premios y beneficios en vuelos;<\/p>\n<p style=\"text-align: center;\"><strong>Contratos de pr\u00e9stamo:<\/strong> Tambi\u00e9n posibilita la contrataci\u00f3n de tu pr\u00e9stamo nacional efectivo.<\/p>\n<p style=\"text-align: center;\">Tambi\u00e9n es necesario mencionar que, al referirnos a &quot;tarjetas&quot; de marcas en plural, nos referimos a las tarjetas Visa que ofrecen las opciones Classic International, Visa Gold, Platinum y Signature. Asimismo, las tarjetas de cr\u00e9dito Mastercard se dividen en diferentes opciones, cada una con una lista de beneficios espec\u00edficos, lo que nos lleva, una vez m\u00e1s, a la importancia de destacar que la lista de ventajas mencionada NO es espec\u00edfica, sino general.<\/p>\n<p style=\"text-align: center;\">Finalmente, el sitio web oficial de las marcas ofrece una mejor explicaci\u00f3n sobre c\u00f3mo solicitar tarjetas, y de ah\u00ed la importancia de acceder a ellas. Adem\u00e1s, en cuanto a los cr\u00e9ditos de las tarjetas BNA, que se resumen en sus ofertas, le recordamos que no presentamos los diversos productos de pr\u00e9stamos financieros ni otras tarjetas para el uso de tarjetas de d\u00e9bito, tarjetas bancarias y tarjetas prepago.<\/p>\n<p style=\"text-align: center;\">\u00a1ATENCI\u00d3N! En caso de duda, el Banco BNA tambi\u00e9n es una instituci\u00f3n tradicional y est\u00e1 presente en todo el territorio argentino, a disposici\u00f3n de los interesados para brindarles atenci\u00f3n personalizada si as\u00ed lo desean. De lo contrario, el sitio web institucional ofrece otras v\u00edas de contacto m\u00e1s convenientes. (Al ser una instituci\u00f3n con amplia trayectoria, eval\u00faa cuidadosamente los requisitos de su producto y garantiza su cumplimiento antes de la solicitud).<\/p>","protected":false},"excerpt":{"rendered":"<p>Las tarjetas de cr\u00e9dito BNA, cuyas ofertas se dividen en opciones entre las marcas Visa y Mastercard, son excelentes productos&#8230;<\/p>","protected":false},"author":24,"featured_media":17974,"parent":0,"menu_order":0,"comment_status":"open","ping_status":"closed","template":"","meta":{"footnotes":""},"class_list":["post-17949","page","type-page","status-publish","has-post-thumbnail","hentry"],"_links":{"self":[{"href":"https:\/\/bonfimnoticias.com.br\/es\/wp-json\/wp\/v2\/pages\/17949","targetHints":{"allow":["GET"]}}],"collection":[{"href":"https:\/\/bonfimnoticias.com.br\/es\/wp-json\/wp\/v2\/pages"}],"about":[{"href":"https:\/\/bonfimnoticias.com.br\/es\/wp-json\/wp\/v2\/types\/page"}],"author":[{"embeddable":true,"href":"https:\/\/bonfimnoticias.com.br\/es\/wp-json\/wp\/v2\/users\/24"}],"replies":[{"embeddable":true,"href":"https:\/\/bonfimnoticias.com.br\/es\/wp-json\/wp\/v2\/comments?post=17949"}],"version-history":[{"count":1,"href":"https:\/\/bonfimnoticias.com.br\/es\/wp-json\/wp\/v2\/pages\/17949\/revisions"}],"predecessor-version":[{"id":18143,"href":"https:\/\/bonfimnoticias.com.br\/es\/wp-json\/wp\/v2\/pages\/17949\/revisions\/18143"}],"wp:featuredmedia":[{"embeddable":true,"href":"https:\/\/bonfimnoticias.com.br\/es\/wp-json\/wp\/v2\/media\/17974"}],"wp:attachment":[{"href":"https:\/\/bonfimnoticias.com.br\/es\/wp-json\/wp\/v2\/media?parent=17949"}],"curies":[{"name":"wp","href":"https:\/\/api.w.org\/{rel}","templated":true}]}}