{"id":17870,"date":"2024-03-01T13:44:56","date_gmt":"2024-03-01T16:44:56","guid":{"rendered":"https:\/\/bonfimnoticias.com.br\/?page_id=17870"},"modified":"2024-03-01T14:04:58","modified_gmt":"2024-03-01T17:04:58","slug":"pretfran","status":"publish","type":"page","link":"https:\/\/bonfimnoticias.com.br\/es\/pretfran\/","title":{"rendered":"Compra de bienes ra\u00edces"},"content":{"rendered":"<p style=\"text-align: center;\">Un pr\u00eat immobilier, tambi\u00e9n conocido bajo el nombre de Financement Immobilier, es un medio com\u00fan de obtener fondos para la compra de una propiedad. Permite que los compradores de una casa o un apartamento no pasen el monto total requerido inmediatamente disponible.<\/p>\n<p><br \/>\n<a href=\"https:\/\/bonfimnoticias.com.br\/es\/opportunite-contracter-pret-immobilier-33\/\"><br \/>\nSIGUE LA LECTURA<br \/>\n<\/a><\/p>\n<h2 style=\"text-align: center;\">Ventajas y beneficios<\/h2>\n<p style=\"text-align: center;\">El proceso de pr\u00eat inmobiliario implica generalmente un banco, una instituci\u00f3n financiera o una cooperativa de cr\u00e9dito que pr\u00eate \u00e0 l&#039;acheteur l&#039;argent n\u00e9cessaire pour acheter la propriet\u00e9.<\/p>\n<p><br \/>\n<a href=\"https:\/\/bonfimnoticias.com.br\/es\/un-apercu-des-offres-de-cartes-de-debit-en-france\/\"><br \/>\nPUEDES AMAR<br \/>\n<\/a><br \/>\n<img loading=\"lazy\" decoding=\"async\" src=\"https:\/\/bonfimnoticias.com.br\/wp_cf5e68-content\/uploads\/2024\/03\/Screenshot_7.png\" sizes=\"auto, (max-width: 472px) 100vw, 472px\" srcset=\"https:\/\/bonfimnoticias.com.br\/wp_cf5e68-content\/uploads\/2024\/03\/Screenshot_7.png 472w, https:\/\/bonfimnoticias.com.br\/wp_cf5e68-content\/uploads\/2024\/03\/Screenshot_7-96x96.png 96w, https:\/\/bonfimnoticias.com.br\/wp_cf5e68-content\/uploads\/2024\/03\/Screenshot_7-150x149.png 150w\" alt=\"\" width=\"472\" height=\"469\" \/><\/p>\n<p style=\"text-align: center;\"><strong>Pr\u00e9stamos fijos<\/strong>En este tipo de pr\u00e9stamo, la tasa de inter\u00e9s se mantiene igual durante toda la vida del pr\u00e9stamo, lo que significa que los pagos mensuales se mantienen constantes.<\/p>\n<p style=\"text-align: center;\"><strong>Pr\u00e9stamos ajustables<\/strong>En estos pr\u00e9stamos, la tasa de inter\u00e9s puede variar con el tiempo seg\u00fan los \u00edndices del mercado. Esto puede resultar en pagos mensuales que fluct\u00faan, pudiendo ser inicialmente m\u00e1s bajos, pero posiblemente aumentando posteriormente.<\/p>\n<p style=\"text-align: center;\"><strong>Pr\u00e9stamos con tipo de inter\u00e9s fijo durante un periodo inicial.<\/strong>Estos pr\u00e9stamos ofrecen una tasa de inter\u00e9s fija por un per\u00edodo inicial, despu\u00e9s del cual la tasa puede ajustarse peri\u00f3dicamente en funci\u00f3n de los \u00edndices del mercado.<\/p>\n<p style=\"text-align: center;\"><strong>Pr\u00e9stamos gubernamentales<\/strong>Algunos gobiernos ofrecen programas de pr\u00e9stamos para ayudar a compradores de bajos ingresos o para incentivar ciertas zonas geogr\u00e1ficas. Estos programas pueden ofrecer tasas de inter\u00e9s favorables o requisitos de enganche reducidos.<\/p>\n<p style=\"text-align: center;\">Para obtener un pr\u00eat inmobiliario, los compradores pasan generalmente por un proceso de aprobaci\u00f3n previa, o el pr\u00eateur eval\u00faa su capacidad de reembolsar el pr\u00eat en funci\u00f3n de los factores como el historial de cr\u00e9dito, los ingresos y los datos existentes. Una vez aprobado, los compradores pueden comenzar a buscar una propiedad dentro del l\u00edmite del pr\u00e9stamo aprobado.<\/p>","protected":false},"excerpt":{"rendered":"<p>Un pr\u00eat immobilier, \u00e9galement connu sous le nom de financement immobilier, est un moyen commun d\u2019obtenir des fonds pour l\u2019achat&#8230;<\/p>","protected":false},"author":19,"featured_media":17835,"parent":0,"menu_order":0,"comment_status":"open","ping_status":"closed","template":"","meta":{"footnotes":""},"class_list":["post-17870","page","type-page","status-publish","has-post-thumbnail","hentry"],"_links":{"self":[{"href":"https:\/\/bonfimnoticias.com.br\/es\/wp-json\/wp\/v2\/pages\/17870","targetHints":{"allow":["GET"]}}],"collection":[{"href":"https:\/\/bonfimnoticias.com.br\/es\/wp-json\/wp\/v2\/pages"}],"about":[{"href":"https:\/\/bonfimnoticias.com.br\/es\/wp-json\/wp\/v2\/types\/page"}],"author":[{"embeddable":true,"href":"https:\/\/bonfimnoticias.com.br\/es\/wp-json\/wp\/v2\/users\/19"}],"replies":[{"embeddable":true,"href":"https:\/\/bonfimnoticias.com.br\/es\/wp-json\/wp\/v2\/comments?post=17870"}],"version-history":[{"count":0,"href":"https:\/\/bonfimnoticias.com.br\/es\/wp-json\/wp\/v2\/pages\/17870\/revisions"}],"wp:featuredmedia":[{"embeddable":true,"href":"https:\/\/bonfimnoticias.com.br\/es\/wp-json\/wp\/v2\/media\/17835"}],"wp:attachment":[{"href":"https:\/\/bonfimnoticias.com.br\/es\/wp-json\/wp\/v2\/media?parent=17870"}],"curies":[{"name":"wp","href":"https:\/\/api.w.org\/{rel}","templated":true}]}}