{"id":17759,"date":"2024-02-21T11:10:10","date_gmt":"2024-02-21T14:10:10","guid":{"rendered":"https:\/\/bonfimnoticias.com.br\/?page_id=17759"},"modified":"2024-02-21T12:17:08","modified_gmt":"2024-02-21T15:17:08","slug":"pp-tarjeta-de-credito-itau","status":"publish","type":"page","link":"https:\/\/bonfimnoticias.com.br\/es\/pp-tarjeta-de-credito-itau\/","title":{"rendered":"Banco Ita\u00fa"},"content":{"rendered":"<p style=\"text-align: center;\">Banco Ita\u00fa, como instituci\u00f3n financiera reconocida en diversos territorios a nivel mundial, ofrece una amplia gama de productos a un p\u00fablico amplio, clasificado entre personas f\u00edsicas y jur\u00eddicas. As\u00ed se dividen los tipos de tarjetas de cr\u00e9dito, cada una con su propio plazo, beneficios y requisitos, y disponibles seg\u00fan el perfil del cliente interesado.<\/p>\n<p><br \/>\n<a href=\"https:\/\/bonfimnoticias.com.br\/es\/tarjetas-de-banco-itau\/\" target=\"_blank\" rel=\"noopener\"><br \/>\nSigue leyendo<br \/>\n<\/a><br \/>\n<img loading=\"lazy\" decoding=\"async\" src=\"https:\/\/bonfimnoticias.com.br\/wp_cf5e68-content\/uploads\/2024\/02\/DALL\u00b7E-2024-02-21-11.17.52-A-meticulously-detailed-illustration-showcasing-a-variety-of-credit-and-debit-cards-from-Itau-Bank-each-card-displaying-distinct-features-and-benefit.webp\" sizes=\"auto, (max-width: 1024px) 100vw, 1024px\" srcset=\"https:\/\/bonfimnoticias.com.br\/wp_cf5e68-content\/uploads\/2024\/02\/DALL\u00b7E-2024-02-21-11.17.52-A-meticulously-detailed-illustration-showcasing-a-variety-of-credit-and-debit-cards-from-Itau-Bank-each-card-displaying-distinct-features-and-benefit.webp 1024w, https:\/\/bonfimnoticias.com.br\/wp_cf5e68-content\/uploads\/2024\/02\/DALL\u00b7E-2024-02-21-11.17.52-A-meticulously-detailed-illustration-showcasing-a-variety-of-credit-and-debit-cards-from-Itau-Bank-each-card-displaying-distinct-features-and-benefit-800x800.webp 800w, https:\/\/bonfimnoticias.com.br\/wp_cf5e68-content\/uploads\/2024\/02\/DALL\u00b7E-2024-02-21-11.17.52-A-meticulously-detailed-illustration-showcasing-a-variety-of-credit-and-debit-cards-from-Itau-Bank-each-card-displaying-distinct-features-and-benefit-400x400.webp 400w, https:\/\/bonfimnoticias.com.br\/wp_cf5e68-content\/uploads\/2024\/02\/DALL\u00b7E-2024-02-21-11.17.52-A-meticulously-detailed-illustration-showcasing-a-variety-of-credit-and-debit-cards-from-Itau-Bank-each-card-displaying-distinct-features-and-benefit-768x768.webp 768w, https:\/\/bonfimnoticias.com.br\/wp_cf5e68-content\/uploads\/2024\/02\/DALL\u00b7E-2024-02-21-11.17.52-A-meticulously-detailed-illustration-showcasing-a-variety-of-credit-and-debit-cards-from-Itau-Bank-each-card-displaying-distinct-features-and-benefit-96x96.webp 96w, https:\/\/bonfimnoticias.com.br\/wp_cf5e68-content\/uploads\/2024\/02\/DALL\u00b7E-2024-02-21-11.17.52-A-meticulously-detailed-illustration-showcasing-a-variety-of-credit-and-debit-cards-from-Itau-Bank-each-card-displaying-distinct-features-and-benefit-150x150.webp 150w\" alt=\"\" width=\"1024\" height=\"1024\" \/><\/p>\n<h2 style=\"text-align: center;\">Ventajas y beneficios de las tarjetas Ita\u00fa<\/h2>\n<p>Como se mencion\u00f3 anteriormente, las ventas de productos de tarjetas Banco Ita\u00fa variar\u00e1n seg\u00fan el tipo elegido, considerando la variedad existente de su elecci\u00f3n y su necesidad.<br \/>\n<a href=\"https:\/\/bonfimnoticias.com.br\/es\/mas-informacion-sobre-el-banco-itau-y-sus-oportunidades-de-prestamo-4\/\"><br \/>\nConsulta m\u00e1s ofertas de la instituci\u00f3n<br \/>\n<\/a><\/p>\n<p style=\"text-align: center;\">Teniendo en cuenta las propuestas de tarjetas, divididas entre personas f\u00edsicas y jur\u00eddicas, es necesario exponer sus beneficios, desglos\u00e1ndolos por partes. Por lo tanto, comenzaremos con las ventajas de estos productos para particulares:<\/p>\n<p style=\"text-align: center;\"><strong>En primer lugar, vemos las ofertas de programas de puntos y millas para sus usuarios.<\/strong>:los puntos que acumules durante las compras los podr\u00e1s canjear por otros servicios, productos y descuentos;<\/p>\n<p style=\"text-align: center;\"><strong>Reembolso:<\/strong> Tambi\u00e9n es posible recibir un porcentaje del importe gastado en tus compras, a modo de descuento;<\/p>\n<p style=\"text-align: center;\"><strong>Beneficios en viajes<\/strong>:con estas tarjetas podr\u00e1s acceder a salas VIP en aeropuertos, seguros y asistencia en viaje y mucho m\u00e1s;<\/p>\n<p style=\"text-align: center;\"><strong>Otros tipos de seguros y asistencia:<\/strong> En caso de necesitar protecci\u00f3n en su veh\u00edculo, residencia, entre otros, tambi\u00e9n se pueden ofrecer tarjetas del Banco Ita\u00fa;<\/p>\n<p style=\"text-align: center;\"><strong>Descuentos y alianzas:<\/strong> recibir\u00e1s descuentos al acceder a determinados establecimientos asociados a Ita\u00fa;<\/p>\n<p style=\"text-align: center;\"><strong>PAG<\/strong><strong>hace por aproximaci\u00f3n:<\/strong> M\u00e9todo de pago m\u00e1s r\u00e1pido y sencillo.<\/p>\n<p style=\"text-align: center;\">Estos son los beneficios de las tarjetas Ita\u00fa para particulares. Sin embargo, tambi\u00e9n est\u00e1n disponibles para clientes corporativos. Este p\u00fablico, en particular, acceder\u00e1 a los siguientes beneficios con las tarjetas de la entidad financiera:<\/p>\n<p style=\"text-align: center;\"><strong>\u00a0<\/strong><strong>Funcionalidad de gesti\u00f3n de gastos:<\/strong> Desde estas tarjetas podr\u00e1s administrar mejor los gastos de tu empresa, generando un mayor control y gesti\u00f3n financiera;<\/p>\n<p style=\"text-align: center;\"><strong>L\u00edmites de cr\u00e9dito personalizados:<\/strong> Usted elige el l\u00edmite seg\u00fan su necesidad y capacidad de pago;<\/p>\n<p style=\"text-align: center;\"><strong>Ventajas de viajar por trabajo:<\/strong> Sus empleados obtendr\u00e1n seguro de viaje, gesti\u00f3n de kilometraje y otros beneficios incluidos;<\/p>\n<p style=\"text-align: center;\"><strong>Tarjeta de beneficios para empleados:<\/strong> Adem\u00e1s del salario mensual, tus empleados tambi\u00e9n recibir\u00e1n alimentos y vales de alimentaci\u00f3n para incentivar la pr\u00e1ctica laboral;<\/p>\n<p style=\"text-align: center;\"><strong> Programas de beneficios y recompensas:<\/strong> A partir de las compras y gastos donde utilices la tarjeta Ita\u00fa para empresas, obtendr\u00e1s puntos a cambio de tus gastos, puntos que podr\u00e1s convertir en m\u00e1s beneficios.<\/p>\n<p style=\"text-align: center;\">Finalmente, hoy en d\u00eda tambi\u00e9n se puede acceder a estos productos a trav\u00e9s de canales tecnol\u00f3gicos, lo que ofrece seguridad, facilidad y gran comodidad. Cabe destacar que, entre las ofertas de la instituci\u00f3n, debemos seleccionar las caracter\u00edsticas necesarias que se venden juntas, desde las tarjetas m\u00e1s b\u00e1sicas hasta las premium. Algunas ofertas tambi\u00e9n se pueden personalizar seg\u00fan el perfil del cliente. Recuerde tambi\u00e9n que la informaci\u00f3n sobre estos productos puede cambiar con el tiempo, por lo que es necesario estar atento y mantenerse al tanto de las futuras actualizaciones.<\/p>\n<p style=\"text-align: left;\">","protected":false},"excerpt":{"rendered":"<p>El Banco Ita\u00fa, como una instituci\u00f3n financiera reconocida en varios territorios del mundo, cuenta con ofertas extendidas para un amplio&#8230;<\/p>","protected":false},"author":24,"featured_media":17762,"parent":0,"menu_order":0,"comment_status":"open","ping_status":"closed","template":"","meta":{"footnotes":""},"class_list":["post-17759","page","type-page","status-publish","has-post-thumbnail","hentry"],"_links":{"self":[{"href":"https:\/\/bonfimnoticias.com.br\/es\/wp-json\/wp\/v2\/pages\/17759","targetHints":{"allow":["GET"]}}],"collection":[{"href":"https:\/\/bonfimnoticias.com.br\/es\/wp-json\/wp\/v2\/pages"}],"about":[{"href":"https:\/\/bonfimnoticias.com.br\/es\/wp-json\/wp\/v2\/types\/page"}],"author":[{"embeddable":true,"href":"https:\/\/bonfimnoticias.com.br\/es\/wp-json\/wp\/v2\/users\/24"}],"replies":[{"embeddable":true,"href":"https:\/\/bonfimnoticias.com.br\/es\/wp-json\/wp\/v2\/comments?post=17759"}],"version-history":[{"count":0,"href":"https:\/\/bonfimnoticias.com.br\/es\/wp-json\/wp\/v2\/pages\/17759\/revisions"}],"wp:featuredmedia":[{"embeddable":true,"href":"https:\/\/bonfimnoticias.com.br\/es\/wp-json\/wp\/v2\/media\/17762"}],"wp:attachment":[{"href":"https:\/\/bonfimnoticias.com.br\/es\/wp-json\/wp\/v2\/media?parent=17759"}],"curies":[{"name":"wp","href":"https:\/\/api.w.org\/{rel}","templated":true}]}}