{"id":17713,"date":"2024-02-16T12:55:34","date_gmt":"2024-02-16T15:55:34","guid":{"rendered":"https:\/\/bonfimnoticias.com.br\/?page_id=17713"},"modified":"2024-04-05T16:57:44","modified_gmt":"2024-04-05T19:57:44","slug":"banco-do-brasil-prestamo","status":"publish","type":"page","link":"https:\/\/bonfimnoticias.com.br\/es\/banco-do-brasil-prestamo\/","title":{"rendered":"Pr\u00e9stamo del Banco Do Brasil"},"content":{"rendered":"<p style=\"text-align: center;\">Los pr\u00e9stamos personales son una forma de cr\u00e9dito ofrecida por instituciones financieras, como bancos y cooperativas de cr\u00e9dito, que permiten a los clientes obtener una suma de dinero en virtud de un contrato.<\/p>\n<p><br \/>\n\t\t\t<a href=\"https:\/\/bonfimnoticias.com.br\/es\/banco-do-brasil-prestamos\/\"><br \/>\n\t\t\t\t\t\tSABER M\u00c1S<br \/>\n\t\t\t\t\t<\/a><\/p>\n<style>\/*! elementor - v3.15.0 - 20-08-2023 *\/\n.elementor-widget-image{text-align:center}.elementor-widget-image a{display:inline-block}.elementor-widget-image a img[src$=\".svg\"]{width:48px}.elementor-widget-image img{vertical-align:middle;display:inline-block}<\/style>\n<p>\t\t\t\t\t\t\t\t\t\t\t\t<img decoding=\"async\" width=\"630\" height=\"458\" src=\"https:\/\/bonfimnoticias.com.br\/wp_cf5e68-content\/uploads\/2024\/02\/Screenshot_12.png\" alt=\"\" loading=\"lazy\" srcset=\"https:\/\/bonfimnoticias.com.br\/wp_cf5e68-content\/uploads\/2024\/02\/Screenshot_12.png 630w, https:\/\/bonfimnoticias.com.br\/wp_cf5e68-content\/uploads\/2024\/02\/Screenshot_12-150x109.png 150w\" sizes=\"auto, (max-width: 630px) 100vw, 630px\" \/>\t\t\t\t\t\t\t\t\t\t\t\t\t\t\t<\/p>\n<h2 style=\"text-align: center;\"><strong>Ventajas y beneficios<\/strong><\/h2>\n<p style=\"text-align: center;\">Un pr\u00e9stamo personal es una herramienta financiera dise\u00f1ada para satisfacer tus necesidades inmediatas. A diferencia de otros tipos de pr\u00e9stamos, ofrece una flexibilidad incre\u00edble, adapt\u00e1ndose a tu tiempo y objetivos.\u00a0<\/p>\n<p><br \/>\n\t\t\t<a href=\"https:\/\/bonfimnoticias.com.br\/es\/necesita-un-prestamo-para-sus-gastos-personales-echa-un-vistazo-a-la-oportunidad-que-te-ofrece-el-banco-santander\/\"><br \/>\n\t\t\t\t\t\tENCU\u00c9NTRALO AHORA<br \/>\n\t\t\t\t\t<\/a><\/p>\n<p style=\"text-align: center;\"><strong>Flexibilidad:<\/strong> Nuestros pr\u00e9stamos personales ofrecen flexibilidad en el uso de los fondos, lo que permite a los clientes satisfacer una variedad de necesidades financieras.<\/p>\n<p style=\"text-align: center;\"><strong>Velocidad<\/strong>:El proceso de obtenci\u00f3n de un pr\u00e9stamo personal puede ser r\u00e1pido, con aprobaciones y fondos liberados en unos pocos d\u00edas.<\/p>\n<p style=\"text-align: center;\"><strong>\u00a0Comodidades:<\/strong> Con una variedad de opciones de pr\u00e9stamos disponibles, los clientes pueden elegir el producto que mejor se adapte a sus necesidades y circunstancias financieras.<\/p>\n<p style=\"text-align: center;\"><strong>Creaci\u00f3n de cr\u00e9dito:<\/strong> Obtener un pr\u00e9stamo personal y pagarlo a tiempo puede ayudar a crear o mejorar el historial crediticio de un cliente, lo que puede ser \u00fatil para futuras transacciones financieras.<\/p>\n<h2 style=\"text-align: center;\"><strong>Consideraciones importantes:<\/strong><\/h2>\n<p style=\"text-align: center;\"><strong>Responsabilidad financiera:<\/strong> Si bien los pr\u00e9stamos personales ofrecen un acceso r\u00e1pido a fondos, es esencial que los clientes utilicen estos pr\u00e9stamos de manera responsable, considerando su capacidad de pago y evitando comisiones excesivas.<\/p>\n<p style=\"text-align: center;\"><strong>Comparaci\u00f3n de ofertas:<\/strong> Antes de solicitar un pr\u00e9stamo personal, es importante comparar ofertas de diferentes instituciones financieras para asegurarse de obtener las mejores condiciones posibles, incluyendo tasas de inter\u00e9s competitivas y condiciones de pago favorables.<\/p>\n<p style=\"text-align: center;\"><strong>Evaluaci\u00f3n de necesidades:<\/strong> Los clientes deben evaluar cuidadosamente si realmente necesitan un pr\u00e9stamo personal y si tienen un plan viable para pagar el monto proporcionado dentro del per\u00edodo establecido.<\/p>","protected":false},"excerpt":{"rendered":"<p>Los pr\u00e9stamos personales son una forma de cr\u00e9dito ofrecida por instituciones financieras, como bancos y cooperativas de cr\u00e9dito, que permiten&#8230;<\/p>","protected":false},"author":19,"featured_media":16311,"parent":0,"menu_order":0,"comment_status":"open","ping_status":"closed","template":"","meta":{"footnotes":""},"class_list":["post-17713","page","type-page","status-publish","has-post-thumbnail","hentry"],"_links":{"self":[{"href":"https:\/\/bonfimnoticias.com.br\/es\/wp-json\/wp\/v2\/pages\/17713","targetHints":{"allow":["GET"]}}],"collection":[{"href":"https:\/\/bonfimnoticias.com.br\/es\/wp-json\/wp\/v2\/pages"}],"about":[{"href":"https:\/\/bonfimnoticias.com.br\/es\/wp-json\/wp\/v2\/types\/page"}],"author":[{"embeddable":true,"href":"https:\/\/bonfimnoticias.com.br\/es\/wp-json\/wp\/v2\/users\/19"}],"replies":[{"embeddable":true,"href":"https:\/\/bonfimnoticias.com.br\/es\/wp-json\/wp\/v2\/comments?post=17713"}],"version-history":[{"count":3,"href":"https:\/\/bonfimnoticias.com.br\/es\/wp-json\/wp\/v2\/pages\/17713\/revisions"}],"predecessor-version":[{"id":18118,"href":"https:\/\/bonfimnoticias.com.br\/es\/wp-json\/wp\/v2\/pages\/17713\/revisions\/18118"}],"wp:featuredmedia":[{"embeddable":true,"href":"https:\/\/bonfimnoticias.com.br\/es\/wp-json\/wp\/v2\/media\/16311"}],"wp:attachment":[{"href":"https:\/\/bonfimnoticias.com.br\/es\/wp-json\/wp\/v2\/media?parent=17713"}],"curies":[{"name":"wp","href":"https:\/\/api.w.org\/{rel}","templated":true}]}}