{"id":17676,"date":"2024-02-09T14:11:00","date_gmt":"2024-02-09T17:11:00","guid":{"rendered":"https:\/\/bonfimnoticias.com.br\/?page_id=17676"},"modified":"2024-02-16T10:14:38","modified_gmt":"2024-02-16T13:14:38","slug":"itau-tarjeta","status":"publish","type":"page","link":"https:\/\/bonfimnoticias.com.br\/es\/itau-tarjeta\/","title":{"rendered":"Tarjeta Ita\u00fa"},"content":{"rendered":"<p style=\"text-align: center;\">Las tarjetas de cr\u00e9dito son instrumentos financieros que permiten a los usuarios realizar compras y pagar bienes y servicios electr\u00f3nicamente, con base en un cr\u00e9dito previamente aprobado por la instituci\u00f3n financiera emisora \u200b\u200bde la tarjeta.<\/p>\n<p><br \/>\n\t\t\t<a href=\"https:\/\/bonfimnoticias.com.br\/es\/tarjetas-de-banco-itau\/\"><br \/>\n\t\t\t\t\t\tSABER M\u00c1S<br \/>\n\t\t\t\t\t<\/a><br \/>\n\t\t\t\t\t\t\t\t\t\t\t\t\t\t\t<img decoding=\"async\" width=\"612\" height=\"465\" src=\"https:\/\/bonfimnoticias.com.br\/wp_cf5e68-content\/uploads\/2024\/02\/istockphoto-1224156546-612x612-1.jpg\" alt=\"\" loading=\"lazy\" srcset=\"https:\/\/bonfimnoticias.com.br\/wp_cf5e68-content\/uploads\/2024\/02\/istockphoto-1224156546-612x612-1.jpg 612w, https:\/\/bonfimnoticias.com.br\/wp_cf5e68-content\/uploads\/2024\/02\/istockphoto-1224156546-612x612-1-150x114.jpg 150w\" sizes=\"auto, (max-width: 612px) 100vw, 612px\" \/>\t\t\t\t\t\t\t\t\t\t\t\t\t\t\t<\/p>\n<h2 style=\"text-align: center;\"><strong>Ventajas y beneficios<\/strong><\/h2>\n<p style=\"text-align: center;\">Ofrece una serie de ventajas y beneficios, tanto para los consumidores como para los emisores de tarjetas. Estas son algunas de las ventajas y beneficios m\u00e1s comunes:<\/p>\n<p><br \/>\n\t\t\t<a href=\"https:\/\/bonfimnoticias.com.br\/es\/mas-informacion-sobre-el-banco-itau-y-sus-oportunidades-de-prestamo-4\/\"><br \/>\n\t\t\t\t\t\tENCU\u00c9NTRALO AHORA<br \/>\n\t\t\t\t\t<\/a><\/p>\n<p style=\"text-align: center;\"><strong>Conveniencia:<\/strong> Las tarjetas de cr\u00e9dito ofrecen un m\u00e9todo de pago conveniente que permite a los usuarios adquirir bienes y servicios sin necesidad de efectivo. Son especialmente \u00fatiles para compras en l\u00ednea y transacciones en establecimientos que no aceptan pagos en efectivo.<\/p>\n<p style=\"text-align: center;\"><strong>Flexibilidad de pago:<\/strong> Los usuarios tienen la opci\u00f3n de pagar el saldo total de la tarjeta al final del per\u00edodo de facturaci\u00f3n o pagar parcialmente y transferir el resto a los meses siguientes. Esto les ofrece flexibilidad financiera, permiti\u00e9ndoles administrar sus gastos seg\u00fan su capacidad de pago.<\/p>\n<p style=\"text-align: center;\"><strong>Recompensas y beneficios:<\/strong> Muchas tarjetas de cr\u00e9dito ofrecen programas de recompensas como puntos, millas a\u00e9reas, reembolsos en efectivo y descuentos en compras. Los usuarios pueden acumular estas recompensas al usar la tarjeta para realizar compras y obtenerlas por diversos beneficios, como viajes gratis, mercanc\u00eda, cr\u00e9ditos en la cuenta o donaciones ben\u00e9ficas.<\/p>\n<p style=\"text-align: center;\"><strong>Seguridad:<\/strong> Las tarjetas de cr\u00e9dito ofrecen mayor protecci\u00f3n contra el fraude que el efectivo. Muchas tarjetas ofrecen seguro contra uso no autorizado, adem\u00e1s de funciones como verificaci\u00f3n de identidad, protecci\u00f3n de compras y garant\u00edas extendidas para ciertas compras.<\/p>\n<p style=\"text-align: center;\"><strong>Creaci\u00f3n de historial crediticio:<\/strong> El uso responsable de las tarjetas de cr\u00e9dito puede ayudar a los usuarios a crear y mejorar su historial crediticio. Un historial crediticio s\u00f3lido es importante para obtener pr\u00e9stamos futuros, como financiaci\u00f3n de autom\u00f3viles o hipotecas, y puede resultar en tasas de inter\u00e9s m\u00e1s favorables.<\/p>\n<p style=\"text-align: center;\"><strong>Instalaciones adicionales: <\/strong>Adem\u00e1s de los beneficios anteriores, muchas tarjetas de cr\u00e9dito ofrecen facilidades adicionales como acceso a salas VIP del aeropuerto, seguro de viaje, seguro de alquiler de autom\u00f3viles, asistencia en viaje y m\u00e1s.<\/p>\n<p>\t\t\t<a href=\"https:\/\/bonfimnoticias.com.br\/es\/\"><br \/>\n\t\t\t\t\t\tTE PODR\u00cdA GUSTAR<br \/>\n\t\t\t\t\t<\/a><\/p>","protected":false},"excerpt":{"rendered":"<p>Las tarjetas de cr\u00e9dito son instrumentos financieros que permiten a los usuarios realizar compras y pagar bienes y servicios electr\u00f3nicamente,&#8230;<\/p>","protected":false},"author":19,"featured_media":16311,"parent":0,"menu_order":0,"comment_status":"open","ping_status":"closed","template":"","meta":{"footnotes":""},"class_list":["post-17676","page","type-page","status-publish","has-post-thumbnail","hentry"],"_links":{"self":[{"href":"https:\/\/bonfimnoticias.com.br\/es\/wp-json\/wp\/v2\/pages\/17676","targetHints":{"allow":["GET"]}}],"collection":[{"href":"https:\/\/bonfimnoticias.com.br\/es\/wp-json\/wp\/v2\/pages"}],"about":[{"href":"https:\/\/bonfimnoticias.com.br\/es\/wp-json\/wp\/v2\/types\/page"}],"author":[{"embeddable":true,"href":"https:\/\/bonfimnoticias.com.br\/es\/wp-json\/wp\/v2\/users\/19"}],"replies":[{"embeddable":true,"href":"https:\/\/bonfimnoticias.com.br\/es\/wp-json\/wp\/v2\/comments?post=17676"}],"version-history":[{"count":0,"href":"https:\/\/bonfimnoticias.com.br\/es\/wp-json\/wp\/v2\/pages\/17676\/revisions"}],"wp:featuredmedia":[{"embeddable":true,"href":"https:\/\/bonfimnoticias.com.br\/es\/wp-json\/wp\/v2\/media\/16311"}],"wp:attachment":[{"href":"https:\/\/bonfimnoticias.com.br\/es\/wp-json\/wp\/v2\/media?parent=17676"}],"curies":[{"name":"wp","href":"https:\/\/api.w.org\/{rel}","templated":true}]}}