{"id":17577,"date":"2024-02-03T17:53:18","date_gmt":"2024-02-03T20:53:18","guid":{"rendered":"https:\/\/bonfimnoticias.com.br\/?page_id=17577"},"modified":"2024-07-08T12:09:57","modified_gmt":"2024-07-08T15:09:57","slug":"nubank-prestamo","status":"publish","type":"page","link":"https:\/\/bonfimnoticias.com.br\/es\/nubank-prestamo\/","title":{"rendered":"Nubank Pr\u00e9stamo"},"content":{"rendered":"<p style=\"text-align: center;\">\u00bfAlguna vez te has detenido a pensar en el poder que una oportunidad financiera bien aprobada puede tener en tu vida?<\/p>\n<p><br \/>\n\t\t\t<a href=\"https:\/\/bonfimnoticias.com.br\/es\/oportunidades-de-creditos-personales-nubank\/\"><br \/>\n\t\t\t\t\t\tSABER M\u00c1S<br \/>\n\t\t\t\t\t<\/a><\/p>\n<style>\/*! elementor - v3.15.0 - 20-08-2023 *\/\n.elementor-widget-image{text-align:center}.elementor-widget-image a{display:inline-block}.elementor-widget-image a img[src$=\".svg\"]{width:48px}.elementor-widget-image img{vertical-align:middle;display:inline-block}<\/style>\n<p>\t\t\t\t\t\t\t\t\t\t\t\t<img decoding=\"async\" width=\"630\" height=\"458\" src=\"https:\/\/bonfimnoticias.com.br\/wp_cf5e68-content\/uploads\/2024\/02\/Screenshot_12.png\" alt=\"\" loading=\"lazy\" srcset=\"https:\/\/bonfimnoticias.com.br\/wp_cf5e68-content\/uploads\/2024\/02\/Screenshot_12.png 630w, https:\/\/bonfimnoticias.com.br\/wp_cf5e68-content\/uploads\/2024\/02\/Screenshot_12-150x109.png 150w\" sizes=\"auto, (max-width: 630px) 100vw, 630px\" \/>\t\t\t\t\t\t\t\t\t\t\t\t\t\t\t<\/p>\n<h2 style=\"text-align: center;\"><strong>Ventajas y beneficios<\/strong><\/h2>\n<p style=\"text-align: center;\">Un pr\u00e9stamo personal es una herramienta financiera dise\u00f1ada para satisfacer tus necesidades inmediatas. A diferencia de otros tipos de pr\u00e9stamos, ofrece una flexibilidad incre\u00edble, adapt\u00e1ndose a tu tiempo y objetivos. Si quieres consolidar tus datos, invertir en educaci\u00f3n, hacer mejoras en tu hogar o afrontar imprevistos, un pr\u00e9stamo personal es la soluci\u00f3n vers\u00e1til que se adapta a tus necesidades.<\/p>\n<p><br \/>\n\t\t\t<a href=\"https:\/\/bonfimnoticias.com.br\/es\/necesita-un-prestamo-para-sus-gastos-personales-echa-un-vistazo-a-la-oportunidad-que-te-ofrece-el-banco-santander\/\"><br \/>\n\t\t\t\t\t\tENCU\u00c9NTRALO AHORA<br \/>\n\t\t\t\t\t<\/a><\/p>\n<p style=\"text-align: center;\"><strong>R\u00e1pido y f\u00e1cil:<\/strong><br \/>Imagina tener el dinero que necesitas r\u00e1pidamente, sin tr\u00e1mites burocr\u00e1ticos. Los pr\u00e9stamos personales se caracterizan por su rapidez y agilidad. No pierdas tiempo con tr\u00e1mites largos: \u00a1consigue lo que quieres ahora!<\/p>\n<p style=\"text-align: center;\"><strong>Tarifas competitivas:<\/strong><br \/>Nuestras tareas de inter\u00e9s est\u00e1n dise\u00f1adas pensando en nosotros. Ofrecemos condiciones competitivas, lo que garantiza que pueda obtener un pr\u00e9stamo personal de forma asequible y sin comprometer su presupuesto.<\/p>\n<p style=\"text-align: center;\"><strong>Flexibilidad de t\u00e9rminos y pagos:<\/strong><br \/>\u00a1El poder est\u00e1 en tus hermanos! Elige el plan que mejor se adapte a tus necesidades y define un plan de pagos que se ajuste a tu flujo de caja. \u00a1Con un pr\u00e9stamo personal, t\u00fa decides!<\/p>\n<p style=\"text-align: center;\"><strong>Garant\u00edas sin complicaciones:<\/strong><br \/>Alivio de las preocupaciones sobre garant\u00edas integrales. Con un pr\u00e9stamo personal, su aprobaci\u00f3n no depende de activos valiosos. Su confianza es la base de nuestra relaci\u00f3n.<\/p>\n<p style=\"text-align: center;\"><strong> Haz realidad tus sue\u00f1os ahora:<\/strong><br \/>Ya sea un viaje de ensue\u00f1o, la educaci\u00f3n de tus hijos o la realizaci\u00f3n de tus proyectos personales, un pr\u00e9stamo personal es el puente que te lleva del deseo a la realizaci\u00f3n. No malgastes m\u00e1s: \u00a1tus sue\u00f1os son una prioridad hoy!<\/p>","protected":false},"excerpt":{"rendered":"<p>\u00bfAlguna vez te has parado a pensar en el poder que una oportunidad financiera bien aprovechada puede tener en tu&#8230;<\/p>","protected":false},"author":19,"featured_media":16311,"parent":0,"menu_order":0,"comment_status":"open","ping_status":"closed","template":"","meta":{"footnotes":""},"class_list":["post-17577","page","type-page","status-publish","has-post-thumbnail","hentry"],"_links":{"self":[{"href":"https:\/\/bonfimnoticias.com.br\/es\/wp-json\/wp\/v2\/pages\/17577","targetHints":{"allow":["GET"]}}],"collection":[{"href":"https:\/\/bonfimnoticias.com.br\/es\/wp-json\/wp\/v2\/pages"}],"about":[{"href":"https:\/\/bonfimnoticias.com.br\/es\/wp-json\/wp\/v2\/types\/page"}],"author":[{"embeddable":true,"href":"https:\/\/bonfimnoticias.com.br\/es\/wp-json\/wp\/v2\/users\/19"}],"replies":[{"embeddable":true,"href":"https:\/\/bonfimnoticias.com.br\/es\/wp-json\/wp\/v2\/comments?post=17577"}],"version-history":[{"count":9,"href":"https:\/\/bonfimnoticias.com.br\/es\/wp-json\/wp\/v2\/pages\/17577\/revisions"}],"predecessor-version":[{"id":18493,"href":"https:\/\/bonfimnoticias.com.br\/es\/wp-json\/wp\/v2\/pages\/17577\/revisions\/18493"}],"wp:featuredmedia":[{"embeddable":true,"href":"https:\/\/bonfimnoticias.com.br\/es\/wp-json\/wp\/v2\/media\/16311"}],"wp:attachment":[{"href":"https:\/\/bonfimnoticias.com.br\/es\/wp-json\/wp\/v2\/media?parent=17577"}],"curies":[{"name":"wp","href":"https:\/\/api.w.org\/{rel}","templated":true}]}}