{"id":17390,"date":"2024-01-18T14:22:49","date_gmt":"2024-01-18T17:22:49","guid":{"rendered":"https:\/\/bonfimnoticias.com.br\/?page_id=17390"},"modified":"2024-01-18T14:47:38","modified_gmt":"2024-01-18T17:47:38","slug":"amex-latam","status":"publish","type":"page","link":"https:\/\/bonfimnoticias.com.br\/es\/amex-latam\/","title":{"rendered":"American Express"},"content":{"rendered":"<p style=\"text-align: center;\">Un pr\u00e9stamo personal es un tipo de cr\u00e9dito ofrecido por instituciones financieras que permite a los clientes solicitar dinero dispuesto para satisfacer diversas necesidades personales.<\/p>\n<p><br \/>\n\t\t\t<a href=\"https:\/\/bonfimnoticias.com.br\/es\/oportunidades-de-american-express-para-los-prestatarios\/\"><br \/>\n\t\t\t\t\t\tSABER M\u00c1S<br \/>\n\t\t\t\t\t<\/a><br \/>\n\t\t\t\t\t\t\t\t\t\t\t\t\t\t\t<img decoding=\"async\" width=\"612\" height=\"306\" src=\"https:\/\/bonfimnoticias.com.br\/wp_cf5e68-content\/uploads\/2024\/01\/Emprestimo-Consignado-Santander-2-1.jpg\" alt=\"\" loading=\"lazy\" srcset=\"\/\/bonfimnoticias.com.br\/wp_cf5e68-content\/uploads\/2024\/01\/Emprestimo-Consignado-Santander-2-1.jpg 612w, \/\/bonfimnoticias.com.br\/wp_cf5e68-content\/uploads\/2024\/01\/Emprestimo-Consignado-Santander-2-1-150x75.jpg 150w\" sizes=\"auto, (max-width: 612px) 100vw, 612px\" \/>\t\t\t\t\t\t\t\t\t\t\t\t\t\t\t<\/p>\n<h2 style=\"text-align: center;\"><strong>Ventajas y beneficios<\/strong><\/h2>\n<p style=\"text-align: center;\">Un pr\u00e9stamo personal tiene ventajas y beneficios que se pueden considerar, pero es fundamental evaluar cada situaci\u00f3n individualmente. A continuaci\u00f3n, se presentan algunas ventajas comunes asociadas con los pr\u00e9stamos personales:<\/p>\n<p><br \/>\n\t\t\t<a href=\"https:\/\/bonfimnoticias.com.br\/es\/necesita-un-prestamo-para-sus-gastos-personales-echa-un-vistazo-a-la-oportunidad-que-te-ofrece-el-banco-santander\/\"><br \/>\n\t\t\t\t\t\tDESCUBRE AQU\u00cd<br \/>\n\t\t\t\t\t<\/a><\/p>\n<p style=\"text-align: center;\"><strong>Flexibilidad de uso:<\/strong> Una de las principales ventajas es la flexibilidad en el uso de los recursos. Los clientes pueden usar el dinero seg\u00fan sus necesidades, ya sea para cubrir gastos m\u00e9dicos inesperados, realizar mejoras en el hogar, pagar deudas existentes o cualquier otro prop\u00f3sito personal.<\/p>\n<p style=\"text-align: center;\"><strong>Velocidad de aprobaci\u00f3n:<\/strong> En comparaci\u00f3n con otros tipos de pr\u00e9stamos, los pr\u00e9stamos personales suelen tener procesos de aprobaci\u00f3n m\u00e1s r\u00e1pidos. Esto los convierte en una opci\u00f3n atractiva para situaciones donde se necesita obtener fondos r\u00e1pidamente.<\/p>\n<p style=\"text-align: center;\"><strong>No se requiere garant\u00eda espec\u00edfica:<\/strong> Por lo general, los pr\u00e9stamos personales no requieren una garant\u00eda espec\u00edfica, como un veh\u00edculo o una propiedad. Esto podr\u00eda ser beneficioso para quienes no cuentan con activos que ofrecer como garant\u00eda.<\/p>\n<p style=\"text-align: center;\"><strong>Pago en cuotas fijas:<\/strong> Los pr\u00e9stamos personales tienen cuotas mensuales fijas, lo que facilita la planificaci\u00f3n financiera. Esta previsibilidad ayuda a los clientes a gestionar mejor sus expectativas.<\/p>\n<p style=\"text-align: center;\"><strong>El mejor inter\u00e9s para un buen historial crediticio:<\/strong> Los clientes con un buen historial crediticio generalmente pueden obtener tasas de inter\u00e9s m\u00e1s bajas para pr\u00e9stamos personales. Esto podr\u00eda resultar en menores costos totales a largo plazo.<\/p>\n<p style=\"text-align: center;\">\u00a0<\/p>\n<p>\t\t\t<a href=\"https:\/\/bonfimnoticias.com.br\/es\/\"><br \/>\n\t\t\t\t\t\tTE PUEDE INTERESAR<br \/>\n\t\t\t\t\t<\/a><\/p>","protected":false},"excerpt":{"rendered":"<p>Un pr\u00e9stamo personal es un tipo de cr\u00e9dito ofrecido por instituciones financieras que permite a los clientes pedir dinero prestado&#8230;<\/p>","protected":false},"author":19,"featured_media":16311,"parent":0,"menu_order":0,"comment_status":"open","ping_status":"closed","template":"","meta":{"footnotes":""},"class_list":["post-17390","page","type-page","status-publish","has-post-thumbnail","hentry"],"_links":{"self":[{"href":"https:\/\/bonfimnoticias.com.br\/es\/wp-json\/wp\/v2\/pages\/17390","targetHints":{"allow":["GET"]}}],"collection":[{"href":"https:\/\/bonfimnoticias.com.br\/es\/wp-json\/wp\/v2\/pages"}],"about":[{"href":"https:\/\/bonfimnoticias.com.br\/es\/wp-json\/wp\/v2\/types\/page"}],"author":[{"embeddable":true,"href":"https:\/\/bonfimnoticias.com.br\/es\/wp-json\/wp\/v2\/users\/19"}],"replies":[{"embeddable":true,"href":"https:\/\/bonfimnoticias.com.br\/es\/wp-json\/wp\/v2\/comments?post=17390"}],"version-history":[{"count":1,"href":"https:\/\/bonfimnoticias.com.br\/es\/wp-json\/wp\/v2\/pages\/17390\/revisions"}],"predecessor-version":[{"id":18250,"href":"https:\/\/bonfimnoticias.com.br\/es\/wp-json\/wp\/v2\/pages\/17390\/revisions\/18250"}],"wp:featuredmedia":[{"embeddable":true,"href":"https:\/\/bonfimnoticias.com.br\/es\/wp-json\/wp\/v2\/media\/16311"}],"wp:attachment":[{"href":"https:\/\/bonfimnoticias.com.br\/es\/wp-json\/wp\/v2\/media?parent=17390"}],"curies":[{"name":"wp","href":"https:\/\/api.w.org\/{rel}","templated":true}]}}