{"id":17346,"date":"2024-01-18T08:48:39","date_gmt":"2024-01-18T11:48:39","guid":{"rendered":"https:\/\/bonfimnoticias.com.br\/?page_id=17346"},"modified":"2025-06-18T02:07:08","modified_gmt":"2025-06-18T05:07:08","slug":"tarjeta-de-credito-platinum-american-express","status":"publish","type":"page","link":"https:\/\/bonfimnoticias.com.br\/es\/tarjeta-de-credito-platinum-american-express\/","title":{"rendered":"Tarjeta de cr\u00e9dito American Express Platinum"},"content":{"rendered":"<p><!-- wp_cf5e68:paragraph {\"align\":\"center\"} --><\/p>\n<p class=\"has-text-align-center\">La Tarjeta de Cr\u00e9dito American Express Platinum se destaca por sus beneficios exclusivos<\/p>\n<p><!-- \/wp_cf5e68:paragraph --><\/p>\n<p><!-- wp_cf5e68:paragraph {\"align\":\"center\"} --><\/p>\n<p class=\"has-text-align-center\"><strong>ATENCI\u00d3N: podr\u00e1s disfrutar de varios beneficios y ventajas:<\/strong><\/p>\n<p><!-- \/wp_cf5e68:paragraph --><\/p>\n<p><!-- wp_cf5e68:paragraph --><\/p>\n<p><!-- \/wp_cf5e68:paragraph --><\/p>\n<p><!-- wp_cf5e68:paragraph {\"align\":\"center\"} --><\/p>\n<p class=\"has-text-align-center\">\u2705 No se requiere un historial crediticio espec\u00edfico, lo cual es accesible a una amplia gama de clientes.<\/p>\n<p><!-- \/wp_cf5e68:paragraph --><\/p>\n<p><!-- wp_cf5e68:paragraph {\"align\":\"center\"} --><\/p>\n<p class=\"has-text-align-center\">\u2705 No es necesario tener cuenta bancaria para obtenerlo, haciendo m\u00e1s f\u00e1cil tu solicitud.<\/p>\n<p><!-- \/wp_cf5e68:paragraph --><\/p>\n<p><!-- wp_cf5e68:paragraph {\"align\":\"center\"} --><\/p>\n<p class=\"has-text-align-center\">\u2705 Aceptaci\u00f3n global a trav\u00e9s de una amplia red de establecimientos tanto digitales como f\u00edsicos afiliados a Mastercard.<\/p>\n<p><!-- \/wp_cf5e68:paragraph --><\/p>\n<p><!-- wp_cf5e68:paragraph {\"align\":\"center\"} --><\/p>\n<p class=\"has-text-align-center\">\u2705 Utilizable en m\u00e1s de 200 pa\u00edses, ideal para viajeros frecuentes que buscan comodidad y reconocimiento global.<\/p>\n<p><!-- \/wp_cf5e68:paragraph --><\/p>\n<p><!-- wp_cf5e68:paragraph --><\/p>\n<p>Para quienes buscan privilegios exclusivos y flexibilidad financiera. Con esta tarjeta, puede realizar compras diferidas durante 3 meses sin intereses y obtener puntos a trav\u00e9s del programa Membership Rewards. Para solicitarla, debe tener un saldo mayor a 30 mil pesos. Adem\u00e1s, esta tarjeta puede ser \u00fatil para gestionar pr\u00e9stamos, como Walmart, ofreciendo una gesti\u00f3n de pagos flexible y beneficios adicionales. Para solicitar un pr\u00e9stamo de Walmart, normalmente accede a trav\u00e9s del sitio web o los servicios de Walmart, utilizando la tarjeta para facilitar el proceso de financiamiento y disfrutar de los beneficios asociados.<\/p>\n<p><!-- \/wp_cf5e68:paragraph --><\/p>\n<p><!-- wp_cf5e68:paragraph --><\/p>\n<p><!-- \/wp_cf5e68:paragraph --><\/p>\n<p><!-- wp_cf5e68:buttons {\"layout\":{\"type\":\"flex\",\"justifyContent\":\"center\"}} --><\/p>\n<div class=\"wp_cf5e68-block-buttons\"><\/div>\n<p><!-- \/wp_cf5e68:buttons --><\/p>","protected":false},"excerpt":{"rendered":"<p>La Tarjeta de Cr\u00e9dito Platinum American Express destaca por sus ventajas exclusivas ATENCI\u00d3N:\u00a0 podr\u00e1s disfrutar de varios beneficios y ventajas:&#8230;<\/p>","protected":false},"author":19,"featured_media":0,"parent":0,"menu_order":0,"comment_status":"closed","ping_status":"closed","template":"","meta":{"footnotes":""},"class_list":["post-17346","page","type-page","status-publish","hentry"],"_links":{"self":[{"href":"https:\/\/bonfimnoticias.com.br\/es\/wp-json\/wp\/v2\/pages\/17346","targetHints":{"allow":["GET"]}}],"collection":[{"href":"https:\/\/bonfimnoticias.com.br\/es\/wp-json\/wp\/v2\/pages"}],"about":[{"href":"https:\/\/bonfimnoticias.com.br\/es\/wp-json\/wp\/v2\/types\/page"}],"author":[{"embeddable":true,"href":"https:\/\/bonfimnoticias.com.br\/es\/wp-json\/wp\/v2\/users\/19"}],"replies":[{"embeddable":true,"href":"https:\/\/bonfimnoticias.com.br\/es\/wp-json\/wp\/v2\/comments?post=17346"}],"version-history":[{"count":16,"href":"https:\/\/bonfimnoticias.com.br\/es\/wp-json\/wp\/v2\/pages\/17346\/revisions"}],"predecessor-version":[{"id":19673,"href":"https:\/\/bonfimnoticias.com.br\/es\/wp-json\/wp\/v2\/pages\/17346\/revisions\/19673"}],"wp:attachment":[{"href":"https:\/\/bonfimnoticias.com.br\/es\/wp-json\/wp\/v2\/media?parent=17346"}],"curies":[{"name":"wp","href":"https:\/\/api.w.org\/{rel}","templated":true}]}}