{"id":17232,"date":"2024-01-04T15:37:46","date_gmt":"2024-01-04T18:37:46","guid":{"rendered":"https:\/\/bonfimnoticias.com.br\/bancolombia\/"},"modified":"2024-01-24T08:30:06","modified_gmt":"2024-01-24T11:30:06","slug":"bancolombia","status":"publish","type":"page","link":"https:\/\/bonfimnoticias.com.br\/es\/bancolombia\/","title":{"rendered":"Banco de Colombia"},"content":{"rendered":"<p style=\"text-align: center;\"><a href=\"https:\/\/bonfimnoticias.com.br\/es\/conoce-ahora-la-oportunidad-de-credito-a-corto-plazo-que-te-ofrece-bancolombia\/\">Todo sobre Bancolombia: \u00a1Descubre Servicios Financieros y Ventas Exclusivas!<\/a><\/p>\n<p>\t\t\t\t\t\t\t\t\t\t\t\t\t\t\t\t<a href=\"https:\/\/bonfimnoticias.com.br\/es\/conoce-ahora-la-oportunidad-de-credito-a-corto-plazo-que-te-ofrece-bancolombia\/\"><br \/>\n\t\t\t\t\t\t\t<img decoding=\"async\" width=\"600\" height=\"600\" src=\"https:\/\/bonfimnoticias.com.br\/wp_cf5e68-content\/uploads\/2024\/01\/bancolombia-600.png\" alt=\"\" loading=\"lazy\" srcset=\"\/\/bonfimnoticias.com.br\/wp_cf5e68-content\/uploads\/2024\/01\/bancolombia-600.png 600w, \/\/bonfimnoticias.com.br\/wp_cf5e68-content\/uploads\/2024\/01\/bancolombia-600-400x400.png 400w, \/\/bonfimnoticias.com.br\/wp_cf5e68-content\/uploads\/2024\/01\/bancolombia-600-96x96.png 96w, \/\/bonfimnoticias.com.br\/wp_cf5e68-content\/uploads\/2024\/01\/bancolombia-600-150x150.png 150w\" sizes=\"auto, (max-width: 600px) 100vw, 600px\" \/>\t\t\t\t\t\t\t\t<\/a><br \/>\n\t\t\t<a href=\"https:\/\/bonfimnoticias.com.br\/es\/conoce-ahora-la-oportunidad-de-credito-a-corto-plazo-que-te-ofrece-bancolombia\/\"><br \/>\n\t\t\t\t\t\tENCU\u00c9NTRALO AHORA<br \/>\n\t\t\t\t\t<\/a><\/p>\n<p style=\"text-align: center;\">Bancolombia ofrece una amplia gama de pr\u00e9stamos personales que satisfacen las diversas necesidades financieras de sus clientes. Estos pr\u00e9stamos incluyen opciones con y sin garant\u00eda, l\u00edneas de cr\u00e9dito personales y otros tipos de pr\u00e9stamos, lo que brinda flexibilidad a los prestatarios. Los clientes pueden elegir condiciones de pago que se adapten a sus necesidades y utilizar canales digitales, como la banca por internet y las aplicaciones m\u00f3viles, para facilitar el proceso de solicitud.<\/p>\n<h2>\u00a0<\/h2>\n<h2>\u00a0<\/h2>\n<h2 style=\"text-align: center;\"><strong>Ventajas y beneficios<\/strong><\/h2>\n<p>Nuestros pr\u00e9stamos ofrecen nuevas ventajas para brindar acceso inmediato a recursos financieros, lo que permite alcanzar objetivos y gestionar emergencias. Entre los beneficios clave se incluyen la flexibilidad financiera, la posibilidad de pagos a plazos y la oportunidad de construir un historial crediticio favorable. Para las empresas, estos pr\u00e9stamos representan una fuente esencial de liquidez, facilitando sus operaciones diarias y su expansi\u00f3n.<\/p>\n<p>\t\t\t<a href=\"https:\/\/bonfimnoticias.com.br\/es\/necesita-un-prestamo-para-sus-gastos-personales-echa-un-vistazo-a-la-oportunidad-que-te-ofrece-el-banco-santander\/\"><br \/>\n\t\t\t\t\t\tSEPA M\u00c1S<br \/>\n\t\t\t\t\t<\/a><br \/>\n\t\t<\/p>\n<ol>\n<li style=\"text-align: center;\"><strong>Presencia internacional:<\/strong> Como banco colombiano, Bancolombia ha ampliado su presencia internacional, atendiendo a clientes en otros pa\u00edses de Am\u00e9rica Latina y contando con sucursales y sucursales en lugares estrat\u00e9gicos.<\/li>\n<li style=\"text-align: center;\"><strong>Servicios bancarios:<\/strong> Ofrece una variedad de productos y servicios bancarios, como cuentas corrientes, cuentas de ahorro, tarjetas de cr\u00e9dito, pr\u00e9stamos personales e hipotecas, entre otros.<\/li>\n<li style=\"text-align: center;\"><strong>Banco Corporativo:<\/strong> Atiende a empresas de diferentes sectores, brindando soluciones financieras y servicios especializados para apoyar sus operaciones.<\/li>\n<li style=\"text-align: center;\"><strong>Banco de inversiones:<\/strong> Proporciona servicios de banca de inversi\u00f3n, asesorando a clientes en fusiones y adquisiciones, captaci\u00f3n de fondos, emisi\u00f3n de valores y otros servicios financieros.<\/li>\n<li style=\"text-align: center;\"><strong>Tecnolog\u00eda financiera:<\/strong> Como muchos bancos modernos, Bancolombia ha invertido en tecnolog\u00eda financiera (fintech) para mejorar sus servicios digitales, ofreciendo a los clientes opciones de banca por Internet y aplicaciones m\u00f3viles.<\/li>\n<li style=\"text-align: center;\"><strong>Responsabilidad social:<\/strong> Bancolombia est\u00e1 comprometido con la responsabilidad social empresarial, participando en diversas iniciativas sociales y proyectos de desarrollo comunitario.<\/li>\n<li style=\"text-align: center;\"><strong>Desarrollo sostenible:<\/strong> El banco ha demostrado inter\u00e9s en pr\u00e1cticas sostenibles, incorporando aspectos ambientales, sociales y de gobernanza en sus operaciones.<\/li>\n<\/ol>\n<p>\t\t\t<a href=\"#\"><br \/>\n\t\t\t\t\t\tVER M\u00c1S PR\u00c9STAMOS<br \/>\n\t\t\t\t\t<\/a><\/p>","protected":false},"excerpt":{"rendered":"<p>Todo sobre Bancolombia:Descubre los Servicios Financieros y Ventajas Exclusivas! ENCU\u00c9NTRALO AHORA Bancolombia ofrece una amplia gama de pr\u00e9stamos personales, satisfaciendo&#8230;<\/p>","protected":false},"author":19,"featured_media":16311,"parent":0,"menu_order":0,"comment_status":"open","ping_status":"closed","template":"","meta":{"footnotes":""},"class_list":["post-17232","page","type-page","status-publish","has-post-thumbnail","hentry"],"_links":{"self":[{"href":"https:\/\/bonfimnoticias.com.br\/es\/wp-json\/wp\/v2\/pages\/17232","targetHints":{"allow":["GET"]}}],"collection":[{"href":"https:\/\/bonfimnoticias.com.br\/es\/wp-json\/wp\/v2\/pages"}],"about":[{"href":"https:\/\/bonfimnoticias.com.br\/es\/wp-json\/wp\/v2\/types\/page"}],"author":[{"embeddable":true,"href":"https:\/\/bonfimnoticias.com.br\/es\/wp-json\/wp\/v2\/users\/19"}],"replies":[{"embeddable":true,"href":"https:\/\/bonfimnoticias.com.br\/es\/wp-json\/wp\/v2\/comments?post=17232"}],"version-history":[{"count":0,"href":"https:\/\/bonfimnoticias.com.br\/es\/wp-json\/wp\/v2\/pages\/17232\/revisions"}],"wp:featuredmedia":[{"embeddable":true,"href":"https:\/\/bonfimnoticias.com.br\/es\/wp-json\/wp\/v2\/media\/16311"}],"wp:attachment":[{"href":"https:\/\/bonfimnoticias.com.br\/es\/wp-json\/wp\/v2\/media?parent=17232"}],"curies":[{"name":"wp","href":"https:\/\/api.w.org\/{rel}","templated":true}]}}