{"id":16313,"date":"2023-12-15T11:27:13","date_gmt":"2023-12-15T14:27:13","guid":{"rendered":"https:\/\/bonfimnoticias.com.br\/banco-de-bogota-2\/"},"modified":"2025-06-20T21:28:18","modified_gmt":"2025-06-21T00:28:18","slug":"banco-de-bogota-2","status":"publish","type":"page","link":"https:\/\/bonfimnoticias.com.br\/es\/banco-de-bogota-2\/","title":{"rendered":"Pr\u00e9stamo del Banco de Bogot\u00e1"},"content":{"rendered":"<p><!-- wp_cf5e68:paragraph --><\/p>\n<p>\u00bfNecesitas dinero urgente sin complicaciones?<br \/>Solicite su pr\u00e9stamo ahora en tan solo unos clics. Nuestros pr\u00e9stamos pueden utilizarse para diversos fines, como la compra de propiedades, la financiaci\u00f3n de estudios o el capital de trabajo para empresas. <\/p>\n<p><!-- \/wp_cf5e68:paragraph --><\/p>\n<p><!-- wp_cf5e68:paragraph --><\/p>\n<p>La estructura del pr\u00e9stamo incluye el importe principal, la tasa de inter\u00e9s, el plazo de pago y, posiblemente, las garant\u00edas asociadas. Los t\u00e9rminos y condiciones del pr\u00e9stamo var\u00edan seg\u00fan la pol\u00edtica de la entidad crediticia y el an\u00e1lisis crediticio del prestatario.<\/p>\n<p><!-- \/wp_cf5e68:paragraph --><\/p>\n<p><!-- wp_cf5e68:paragraph --><\/p>\n<p><style>\/*! elementor - v3.18.0 - 20-12-2023 *\/<br \/>\n.elementor-widget-image{text-align:center}.elementor-widget-image a{display:inline-block}.elementor-widget-image a img[src$=\".svg\"]{width:48px}.elementor-widget-image img{vertical-align:middle;display:inline-block}<\/style>\n<\/p>\n<p><!-- \/wp_cf5e68:paragraph --><\/p>\n<p><!-- wp_cf5e68:image --><\/p>\n<figure class=\"wp_cf5e68-block-image\"><img loading=\"lazy\" decoding=\"async\" src=\"https:\/\/bonfimnoticias.com.br\/wp_cf5e68-content\/uploads\/2023\/12\/banco-de-bogota-1-1.webp\" alt=\"\"\/><\/figure>\n<p><!-- \/wp_cf5e68:image --><\/p>\n<p><!-- wp_cf5e68:heading --><\/p>\n<h2 class=\"wp_cf5e68-block-heading\">Ventajas y beneficios<\/h2>\n<p><!-- \/wp_cf5e68:heading --><\/p>\n<p><!-- wp_cf5e68:paragraph --><\/p>\n<p>Nuestros pr\u00e9stamos ofrecen nuevas ventajas para brindar acceso inmediato a recursos financieros, lo que permite alcanzar objetivos y gestionar emergencias. Entre los beneficios clave se incluyen la flexibilidad financiera, la posibilidad de pagos a plazos y la oportunidad de construir un historial crediticio favorable. Para las empresas, estos pr\u00e9stamos representan una fuente esencial de liquidez, facilitando sus operaciones diarias y su expansi\u00f3n.<\/p>\n<p><!-- \/wp_cf5e68:paragraph --><\/p>\n<p><!-- wp_cf5e68:list {\"ordered\":true} --><\/p>\n<ol><!-- wp_cf5e68:list-item --><\/p>\n<li>Acceso a capital: nuestros pr\u00e9stamos brindan acceso a capital que puede utilizarse para satisfacer una variedad de necesidades, como comprar una casa, financiar la educaci\u00f3n, expandir un negocio o hacer frente a gastos inesperados.<\/li>\n<p><!-- \/wp_cf5e68:list-item --><\/p>\n<p><!-- wp_cf5e68:list-item --><\/p>\n<li>Flexibilidad Financiera: Permite a los prestatarios obtener servicios o prestaciones de forma inmediata, incluso si no disponen del monto total que necesitan en ese momento.<\/li>\n<p><!-- \/wp_cf5e68:list-item --><\/p>\n<p><!-- wp_cf5e68:list-item --><\/p>\n<li>Gesti\u00f3n del flujo de caja: nuestros pr\u00e9stamos ofrecen flexibilidad en la gesti\u00f3n del flujo de caja a lo largo del tiempo, lo que permite a las personas y empresas cumplir con sus obligaciones financieras manteniendo la estabilidad financiera.<\/li>\n<p><!-- \/wp_cf5e68:list-item --><\/p>\n<p><!-- wp_cf5e68:list-item --><\/p>\n<li>Construcci\u00f3n de cr\u00e9dito: el uso responsable de los pr\u00e9stamos contribuye a construir un historial crediticio, lo que puede facilitar el acceso a condiciones crediticias m\u00e1s favorables en el futuro.<\/li>\n<p><!-- \/wp_cf5e68:list-item --><\/ol>\n<p><!-- \/wp_cf5e68:list --><\/p>\n<p><!-- wp_cf5e68:paragraph {\"align\":\"center\"} --><\/p>\n<p class=\"has-text-align-center\"><a href=\"https:\/\/bonfimnoticias.com.br\/es\/conozca-como-solicitar-un-anticipo-de-nomina-al-banco-colombiano-en-bogota\/\"><br \/><\/a><br \/><a href=\"https:\/\/bonfimnoticias.com.br\/es\/doctor-peso-su-plataforma-de-prestamos-en-linea\/\"><br \/>PERO NOSOTROS PROPORCIONAMOS<br \/><\/a><\/p>\n<p><!-- \/wp_cf5e68:paragraph --><\/p>","protected":false},"excerpt":{"rendered":"<p>\u00bfNecesit\u00e1s dinero urgente y sin complicaciones?Solicit\u00e1 tu pr\u00e9stamo ahora mismo en pocos clics.Los pr\u00e9stamos se pueden utilizar para diversos fines,&#8230;<\/p>","protected":false},"author":19,"featured_media":16314,"parent":0,"menu_order":0,"comment_status":"open","ping_status":"closed","template":"","meta":{"footnotes":""},"class_list":["post-16313","page","type-page","status-publish","has-post-thumbnail","hentry"],"_links":{"self":[{"href":"https:\/\/bonfimnoticias.com.br\/es\/wp-json\/wp\/v2\/pages\/16313","targetHints":{"allow":["GET"]}}],"collection":[{"href":"https:\/\/bonfimnoticias.com.br\/es\/wp-json\/wp\/v2\/pages"}],"about":[{"href":"https:\/\/bonfimnoticias.com.br\/es\/wp-json\/wp\/v2\/types\/page"}],"author":[{"embeddable":true,"href":"https:\/\/bonfimnoticias.com.br\/es\/wp-json\/wp\/v2\/users\/19"}],"replies":[{"embeddable":true,"href":"https:\/\/bonfimnoticias.com.br\/es\/wp-json\/wp\/v2\/comments?post=16313"}],"version-history":[{"count":3,"href":"https:\/\/bonfimnoticias.com.br\/es\/wp-json\/wp\/v2\/pages\/16313\/revisions"}],"predecessor-version":[{"id":19735,"href":"https:\/\/bonfimnoticias.com.br\/es\/wp-json\/wp\/v2\/pages\/16313\/revisions\/19735"}],"wp:featuredmedia":[{"embeddable":true,"href":"https:\/\/bonfimnoticias.com.br\/es\/wp-json\/wp\/v2\/media\/16314"}],"wp:attachment":[{"href":"https:\/\/bonfimnoticias.com.br\/es\/wp-json\/wp\/v2\/media?parent=16313"}],"curies":[{"name":"wp","href":"https:\/\/api.w.org\/{rel}","templated":true}]}}