{"id":16284,"date":"2023-12-13T15:31:32","date_gmt":"2023-12-13T18:31:32","guid":{"rendered":"https:\/\/bonfimnoticias.com.br\/persoonlijke-lening-bij-krediet\/"},"modified":"2023-12-13T15:31:32","modified_gmt":"2023-12-13T18:31:32","slug":"persoonlijke-lening-bij-krediet","status":"publish","type":"page","link":"https:\/\/bonfimnoticias.com.br\/es\/persoonlijke-lening-bij-krediet\/","title":{"rendered":"Pr\u00e9stamos personales en Krediet.nl"},"content":{"rendered":"<style>\/*! elementor - v3.18.0 - 04-12-2023 *\/\n.elementor-heading-title{padding:0;margin:0;line-height:1}.elementor-widget-heading .elementor-heading-title[class*=elementor-size-]>a{color:inherit;font-size:inherit;line-height:inherit}.elementor-widget-heading .elementor-heading-title.elementor-size-small{font-size:15px}.elementor-widget-heading .elementor-heading-title.elementor-size-medium{font-size:19px}.elementor-widget-heading .elementor-heading-title.elementor-size-large{font-size:29px}.elementor-widget-heading .elementor-heading-title.elementor-size-xl{font-size:39px}.elementor-widget-heading .elementor-heading-title.elementor-size-xxl{font-size:59px}<\/style>\n<h2>Personlijke Lening Bij Krediet.nl<\/h2>\n<p>En Holanda hay una pr\u00e9stamo personal y una opci\u00f3n financiera que protege a los individuos de un dinero bedrag aan geld kunnen lenen om in hun persoonlijke behoeften te voorzien. M\u00e1s de algunas palabras de pr\u00e9stamos personales en los Pa\u00edses Bajos aangeboden door banken, instituciones financieras y kredietverenigingen.<\/p>\n<p><a href=\"https:\/\/ihomeworkhelp.com\/efficiente-methode-lening-adviseur\/\"><br \/>\n<svg aria-hidden=\"true\" viewbox=\"0 0 512 512\" ><path d=\"M504 256C504 119 393 8 256 8S8 119 8 256s111 248 248 248 248-111 248-248zm-448 0c0-110.5 89.5-200 200-200s200 89.5 200 200-89.5 200-200 200S56 366.5 56 256zm72 20v-40c0-6.6 5.4-12 12-12h116v-67c0-10.7 12.9-16 20.5-8.5l99 99c4.7 4.7 4.7 12.3 0 17l-99 99c-7.6 7.6-20.5 2.2-20.5-8.5v-67H140c-6.6 0-12-5.4-12-12z\"><\/path><\/svg><br \/>\nAhora no<br \/>\n<\/a><\/p>\n<style>\/*! elementor - v3.18.0 - 04-12-2023 *\/\n.elementor-widget-image{text-align:center}.elementor-widget-image a{display:inline-block}.elementor-widget-image a img[src$=\".svg\"]{width:48px}.elementor-widget-image img{vertical-align:middle;display:inline-block}<\/style>\n<p><img loading=\"lazy\" decoding=\"async\" width=\"1024\" height=\"569\" src=\"https:\/\/bonfimnoticias.com.br\/wp_cf5e68-content\/uploads\/2023\/12\/Screenshot_53-1.png\" alt=\"\" srcset=\"https:\/\/bonfimnoticias.com.br\/wp_cf5e68-content\/uploads\/2023\/12\/Screenshot_53-1.png 1024w, https:\/\/bonfimnoticias.com.br\/wp_cf5e68-content\/uploads\/2023\/12\/Screenshot_53-1.png 300w, https:\/\/bonfimnoticias.com.br\/wp_cf5e68-content\/uploads\/2023\/12\/Screenshot_53-1.png 768w, https:\/\/bonfimnoticias.com.br\/wp_cf5e68-content\/uploads\/2023\/12\/Screenshot_53-1.png 260w\" sizes=\"auto, (max-width: 1024px) 100vw, 1024px\" \/><\/p>\n<section>\n<h2>Voordelen Van Een Personlijke Lening<\/h2>\n<p>Persoonlijke leningen in Nederland kunnen verschillende voorwaarden, rentetarieven en voorwaarden hebben, afhankelijk van de financi\u00eble instelling. Aanvragers die ge\u00efnteresseerd zijn in the verkrijgen van een persoonlijke lening ondergaan doorgaans een kredietanalyse, waarbij de financi\u00eble instelling thet vermogen van het individu om de lening terug te betalen beoordeelt op base van zijn financi\u00eble geschiedenis.<\/p>\n<p>Los pr\u00e9stamos personales en los Pa\u00edses Bajos se pueden utilizar para muchos fines de semana, cuando los financieros van a pagar los gastos m\u00e9dicos, cuando se trata de pagos a su casa, cuando se encuentran con situaciones financieras de sus propios intereses. Het is belangrijk dat aanvragers op de hoogte zijn van de voorwaarden van de lening, incluido el porcentaje de alquiler, de aflossingstermijn y eventualmente bijbehorende kosten.<\/p>\n<\/section>\n<p><!-- c2 --><br \/>\n<ins\n     style=\"display:block\"\n     data-ad-client=\"ca-pub-8467596234382548\"\n     data-ad-slot=\"4129955308\"\n     data-ad-format=\"auto\"\n     data-full-width-responsive=\"true\"><\/ins><br \/>\n<a href=\"https:\/\/ihomeworkhelp.com\/efficiente-methode-lening-adviseur\/\"><br \/>\n<svg aria-hidden=\"true\" viewbox=\"0 0 512 512\" ><path d=\"M504 256C504 119 393 8 256 8S8 119 8 256s111 248 248 248 248-111 248-248zm-448 0c0-110.5 89.5-200 200-200s200 89.5 200 200-89.5 200-200 200S56 366.5 56 256zm72 20v-40c0-6.6 5.4-12 12-12h116v-67c0-10.7 12.9-16 20.5-8.5l99 99c4.7 4.7 4.7 12.3 0 17l-99 99c-7.6 7.6-20.5 2.2-20.5-8.5v-67H140c-6.6 0-12-5.4-12-12z\"><\/path><\/svg><br \/>\nMira el nuevo<br \/>\n<\/a><\/p>","protected":false},"excerpt":{"rendered":"<p>Persoonlijke Lening Bij Krediet.nl In Nederland is een persoonlijke lening een financi\u00eble optie waarmee individuen een bepaald bedrag aan geld&#8230;<\/p>","protected":false},"author":24,"featured_media":16285,"parent":0,"menu_order":0,"comment_status":"open","ping_status":"open","template":"","meta":{"footnotes":""},"class_list":["post-16284","page","type-page","status-publish","has-post-thumbnail","hentry"],"_links":{"self":[{"href":"https:\/\/bonfimnoticias.com.br\/es\/wp-json\/wp\/v2\/pages\/16284","targetHints":{"allow":["GET"]}}],"collection":[{"href":"https:\/\/bonfimnoticias.com.br\/es\/wp-json\/wp\/v2\/pages"}],"about":[{"href":"https:\/\/bonfimnoticias.com.br\/es\/wp-json\/wp\/v2\/types\/page"}],"author":[{"embeddable":true,"href":"https:\/\/bonfimnoticias.com.br\/es\/wp-json\/wp\/v2\/users\/24"}],"replies":[{"embeddable":true,"href":"https:\/\/bonfimnoticias.com.br\/es\/wp-json\/wp\/v2\/comments?post=16284"}],"version-history":[{"count":0,"href":"https:\/\/bonfimnoticias.com.br\/es\/wp-json\/wp\/v2\/pages\/16284\/revisions"}],"wp:featuredmedia":[{"embeddable":true,"href":"https:\/\/bonfimnoticias.com.br\/es\/wp-json\/wp\/v2\/media\/16285"}],"wp:attachment":[{"href":"https:\/\/bonfimnoticias.com.br\/es\/wp-json\/wp\/v2\/media?parent=16284"}],"curies":[{"name":"wp","href":"https:\/\/api.w.org\/{rel}","templated":true}]}}