{"id":16275,"date":"2023-09-11T02:22:42","date_gmt":"2023-09-11T05:22:42","guid":{"rendered":"https:\/\/bonfimnoticias.com.br\/aprende-a-recuperar-tus-fotos-y-archivos-borrados\/"},"modified":"2023-09-11T02:22:42","modified_gmt":"2023-09-11T05:22:42","slug":"aprende-a-recuperar-tus-fotos-y-archivos-borrados","status":"publish","type":"page","link":"https:\/\/bonfimnoticias.com.br\/es\/aprende-a-recuperar-tus-fotos-y-archivos-borrados\/","title":{"rendered":"Aprenda a recuperar sus fotos y archivos eliminados"},"content":{"rendered":"<h2><a href=\"https:\/\/bonfimnoticias.com.br\/es\/descubre-como-recuperar-tus-fotos-o-archivos\/\">Aprenda a recuperar sus fotos y archivos borrosos<\/a><\/h2>\n<p>Ahora puedes recuperar archivos perdidos<\/p>\n<p><a href=\"https:\/\/bonfimnoticias.com.br\/es\/descubre-como-recuperar-tus-fotos-o-archivos\/\" role=\"button\"><br \/>\nQuiero recuperar mis archivos.<br \/>\n<\/a><br \/>\n<a href=\"https:\/\/bonfimnoticias.com.br\/es\/descubre-como-recuperar-tus-fotos-o-archivos\/\" role=\"button\"><br \/>\nQuiero recuperar mis archivos.<br \/>\n<\/a><br \/>\n<a href=\"https:\/\/bonfimnoticias.com.br\/es\/descubre-como-recuperar-tus-fotos-o-archivos\/\" role=\"button\"><br \/>\nacceso a mis fotos perdidas<br \/>\n<\/a><br \/>\n<img decoding=\"async\" width=\"1\" height=\"1\" src=\"https:\/\/bonfimnoticias.com.br\/wp_cf5e68-content\/uploads\/2023\/09\/200w.gif\" alt=\"\" loading=\"lazy\" \/><\/p>\n<p>Si ha perdido fotos, v\u00eddeos y archivos y le gustar\u00eda saber c\u00f3mo recuperarlos, existe una forma efectiva de acceder a los archivos eliminados de su tel\u00e9fono m\u00f3vil.<\/p>\n<p>Si tienes fotos de tus seres queridos, v\u00eddeos del recuerdo o archivos importantes que necesitas guardar, todos los archivos que consideres importantes pueden estar a solo un clic de distancia, porque existe una forma pr\u00e1ctica, r\u00e1pida y segura de guardar y recuperar archivos perdidos en tu tel\u00e9fono m\u00f3vil.<\/p>\n<p>Con esta herramienta virtual, nunca volver\u00e1s a perder tus archivos importantes y especiales, sin tener que sacrificar espacio en el almacenamiento interno de tu tel\u00e9fono m\u00f3vil. Gracias a ella, miles de personas de todo el mundo pueden acceder a sus archivos y evitar que se pierdan u olviden.<\/p>\n<p><a href=\"https:\/\/bonfimnoticias.com.br\/es\/descubre-como-recuperar-tus-fotos-o-archivos\/\" role=\"button\"><br \/>\nrecuperar mis archivos f\u00e1cilmente<br \/>\n<\/a><br \/>\n<\/p>","protected":false},"excerpt":{"rendered":"<p>aprende a recuperar tus fotos y archivos borrados Ahora puedes recuperar archivos perdidos Quiero recuperar mis ficheros Deseo recuperar mis&#8230;<\/p>","protected":false},"author":19,"featured_media":0,"parent":0,"menu_order":0,"comment_status":"closed","ping_status":"closed","template":"","meta":{"footnotes":""},"class_list":["post-16275","page","type-page","status-publish","hentry"],"_links":{"self":[{"href":"https:\/\/bonfimnoticias.com.br\/es\/wp-json\/wp\/v2\/pages\/16275","targetHints":{"allow":["GET"]}}],"collection":[{"href":"https:\/\/bonfimnoticias.com.br\/es\/wp-json\/wp\/v2\/pages"}],"about":[{"href":"https:\/\/bonfimnoticias.com.br\/es\/wp-json\/wp\/v2\/types\/page"}],"author":[{"embeddable":true,"href":"https:\/\/bonfimnoticias.com.br\/es\/wp-json\/wp\/v2\/users\/19"}],"replies":[{"embeddable":true,"href":"https:\/\/bonfimnoticias.com.br\/es\/wp-json\/wp\/v2\/comments?post=16275"}],"version-history":[{"count":0,"href":"https:\/\/bonfimnoticias.com.br\/es\/wp-json\/wp\/v2\/pages\/16275\/revisions"}],"wp:attachment":[{"href":"https:\/\/bonfimnoticias.com.br\/es\/wp-json\/wp\/v2\/media?parent=16275"}],"curies":[{"name":"wp","href":"https:\/\/api.w.org\/{rel}","templated":true}]}}