{"id":16240,"date":"2022-10-04T01:43:48","date_gmt":"2022-10-04T04:43:48","guid":{"rendered":"https:\/\/bonfimnoticias.com.br\/emprestimo-casas-bahia\/"},"modified":"2022-10-04T01:43:48","modified_gmt":"2022-10-04T04:43:48","slug":"emprestimo-casas-bahia","status":"publish","type":"page","link":"https:\/\/bonfimnoticias.com.br\/es\/emprestimo-casas-bahia\/","title":{"rendered":"Pr\u00e9stamo Casas Bah\u00eda"},"content":{"rendered":"<ul>\n<li style=\"text-align: center;\"><b>Pedido f\u00e1cil:<\/b>\u00a0Como mencionamos, puedes solicitar el pr\u00e9stamo completamente en l\u00ednea. Adem\u00e1s, el proceso es sencillo y r\u00e1pido.<\/li>\n<li style=\"text-align: center;\"><b>Tasas de inter\u00e9s:<\/b>\u00a0Las tasas de inter\u00e9s son atractivas y se adaptan al perfil de cada consumidor. Por lo tanto, existe la posibilidad de obtener tasas m\u00e1s bajas.<\/li>\n<li style=\"text-align: center;\"><b>Liberaci\u00f3n r\u00e1pida<\/b>Despu\u00e9s de la aprobaci\u00f3n, el dinero se liberar\u00e1 en su cuenta dentro de las 24 horas.<\/li>\n<\/ul>","protected":false},"excerpt":{"rendered":"<p>Facilidade no pedido:\u00a0como falamos, voc\u00ea pode solicitar o empr\u00e9stimo de forma totalmente online. Al\u00e9m disso, o processo \u00e9 simples e&#8230;<\/p>","protected":false},"author":19,"featured_media":0,"parent":0,"menu_order":0,"comment_status":"closed","ping_status":"closed","template":"","meta":{"footnotes":""},"class_list":["post-16240","page","type-page","status-publish","hentry"],"_links":{"self":[{"href":"https:\/\/bonfimnoticias.com.br\/es\/wp-json\/wp\/v2\/pages\/16240","targetHints":{"allow":["GET"]}}],"collection":[{"href":"https:\/\/bonfimnoticias.com.br\/es\/wp-json\/wp\/v2\/pages"}],"about":[{"href":"https:\/\/bonfimnoticias.com.br\/es\/wp-json\/wp\/v2\/types\/page"}],"author":[{"embeddable":true,"href":"https:\/\/bonfimnoticias.com.br\/es\/wp-json\/wp\/v2\/users\/19"}],"replies":[{"embeddable":true,"href":"https:\/\/bonfimnoticias.com.br\/es\/wp-json\/wp\/v2\/comments?post=16240"}],"version-history":[{"count":0,"href":"https:\/\/bonfimnoticias.com.br\/es\/wp-json\/wp\/v2\/pages\/16240\/revisions"}],"wp:attachment":[{"href":"https:\/\/bonfimnoticias.com.br\/es\/wp-json\/wp\/v2\/media?parent=16240"}],"curies":[{"name":"wp","href":"https:\/\/api.w.org\/{rel}","templated":true}]}}