{"id":16206,"date":"2021-10-11T04:05:47","date_gmt":"2021-10-11T07:05:47","guid":{"rendered":"https:\/\/bonfimnoticias.com.br\/termos-de-uso\/"},"modified":"2024-06-18T23:14:19","modified_gmt":"2024-06-19T02:14:19","slug":"termos-de-uso","status":"publish","type":"page","link":"https:\/\/bonfimnoticias.com.br\/es\/termos-de-uso\/","title":{"rendered":"Condiciones de uso"},"content":{"rendered":"<p><!-- wp_cf5e68:paragraph --><\/p>\n<div class=\"flex-shrink-0 flex flex-col relative items-end\">\n<div>\n<div class=\"pt-0.5 juice:pt-0\">\n<div class=\"gizmo-bot-avatar flex h-6 w-6 items-center justify-center overflow-hidden rounded-full juice:h-8 juice:w-8\">\n<div class=\"relative p-1 rounded-sm flex items-center justify-center bg-token-main-surface-primary text-token-text-primary h-8 w-8\">\u00a0<\/div>\n<\/div>\n<\/div>\n<\/div>\n<\/div>\n<div class=\"group\/conversation-turn relative flex w-full min-w-0 flex-col agent-turn\">\n<div class=\"flex-col gap-1 md:gap-3\">\n<div class=\"flex flex-grow flex-col max-w-full AIPRM__conversation__response\">\n<div class=\"min-h-[20px] text-message flex flex-col items-start whitespace-pre-wrap break-words [.text-message+&amp;]:mt-5 juice:w-full juice:items-end overflow-x-auto gap-2\" dir=\"auto\" data-message-author-role=\"assistant\" data-message-id=\"8f4409c3-9abc-46e7-9e83-4554a58a305a\">\n<div class=\"flex w-full flex-col gap-1 juice:empty:hidden juice:first:pt-[3px]\">\n<div class=\"markdown prose w-full break-words dark:prose-invert light\">\n<p><strong>Condiciones de uso de Bonfim News<\/strong><\/p>\n<p>Fecha de entrada en vigor: 18 de junio de 2024<\/p>\n<p>Bienvenido a Bonfim News. Al acceder y utilizar nuestro sitio web, acepta las siguientes Condiciones de Uso. L\u00e9alas detenidamente antes de utilizar nuestros servicios.<\/p>\n<p><strong>1. Aceptaci\u00f3n de los T\u00e9rminos<\/strong><\/p>\n<p>Al acceder o utilizar el sitio web <a href=\"https:\/\/bonfimnoticias.com.br\/es\/\" target=\"_new\" rel=\"noreferrer noopener\">https:\/\/bonfimnoticias.com.br\/<\/a>Al utilizar este sitio web, usted acepta cumplir y estar legalmente obligado por estos T\u00e9rminos de Uso y nuestra Pol\u00edtica de Privacidad. Si no est\u00e1 de acuerdo con alguno de estos t\u00e9rminos, le rogamos que no utilice nuestro sitio web.<\/p>\n<p><strong>2. Servicios ofrecidos<\/strong><\/p>\n<p>Bonfim Not\u00edcias ofrece recomendaciones de pr\u00e9stamos y tarjetas de cr\u00e9dito a trav\u00e9s de un bolet\u00edn informativo, basado en la informaci\u00f3n proporcionada por los usuarios. Nuestro servicio es gratuito y tiene como objetivo ayudar a los usuarios a tomar decisiones financieras informadas.<\/p>\n<p><strong>3. Registro y Cuenta<\/strong><\/p>\n<p>Para usar nuestros servicios, debe registrarse proporcionando informaci\u00f3n personal veraz y completa. Usted es responsable de mantener la confidencialidad de su informaci\u00f3n de inicio de sesi\u00f3n y de todas las actividades que se realicen en su cuenta.<\/p>\n<p><strong>4. Uso aceptable<\/strong><\/p>\n<p>Usted se compromete a utilizar nuestro sitio web de forma responsable y en cumplimiento de todas las leyes y normativas aplicables. No podr\u00e1:<\/p>\n<ul>\n<li>Utilizar el sitio para cualquier prop\u00f3sito ilegal o no autorizado.<\/li>\n<li>Interferir con el funcionamiento del sitio web o de cualquier servicio ofrecido.<\/li>\n<li>Recopilar o almacenar datos personales de otros usuarios sin permiso.<\/li>\n<\/ul>\n<p><strong>5. Propiedad intelectual<\/strong><\/p>\n<p>Todo el contenido de este sitio web, incluyendo textos, gr\u00e1ficos, logotipos, im\u00e1genes y software, es propiedad de Bonfim Not\u00edcias o sus licenciantes y est\u00e1 protegido por la ley de derechos de autor. No se permite reproducir, distribuir, modificar ni crear obras derivadas sin la autorizaci\u00f3n expresa de Bonfim Not\u00edcias.<\/p>\n<p><strong>6. Limitaci\u00f3n de responsabilidad<\/strong><\/p>\n<p>Bonfim Not\u00edcias no se responsabiliza de ning\u00fan da\u00f1o directo, indirecto, incidental o consecuente derivado del uso o la imposibilidad de usar nuestros servicios. La informaci\u00f3n proporcionada en nuestro bolet\u00edn informativo es solo para fines informativos y no constituye asesoramiento financiero.<\/p>\n<p><strong>7. Enlaces de terceros<\/strong><\/p>\n<p>Nuestro sitio web puede contener enlaces a sitios web de terceros. Estos enlaces se proporcionan \u00fanicamente para su comodidad y no implican la aprobaci\u00f3n del contenido de dichos sitios web. No nos responsabilizamos del contenido ni de las pr\u00e1cticas de privacidad de dichos sitios web.<\/p>\n<p><strong>8. Cambios en los T\u00e9rminos de Uso<\/strong><\/p>\n<p>Bonfim Not\u00edcias se reserva el derecho de modificar estas Condiciones de Uso en cualquier momento. Los cambios se publicar\u00e1n en nuestro sitio web y entrar\u00e1n en vigor inmediatamente despu\u00e9s de su publicaci\u00f3n. Le recomendamos que revise estas condiciones peri\u00f3dicamente para mantenerse al tanto de cualquier cambio.<\/p>\n<p><strong>9. Terminaci\u00f3n<\/strong><\/p>\n<p>Podemos cancelar o suspender su acceso a nuestro sitio web y servicios, sin previo aviso, si viola estos T\u00e9rminos de uso o participa en actividades que consideremos da\u00f1inas.<\/p>\n<p><strong>10. Ley aplicable y jurisdicci\u00f3n<\/strong><\/p>\n<p>Estos T\u00e9rminos de Uso se rigen por las leyes de Brasil. Cualquier controversia derivada de estos t\u00e9rminos se resolver\u00e1 en los tribunales de Salvador, Bah\u00eda.<\/p>\n<p><strong>11. Contacto<\/strong><\/p>\n<p>Si tiene alguna pregunta sobre estos T\u00e9rminos de uso, cont\u00e1ctenos por correo electr\u00f3nico: <a rel=\"noreferrer\">soporte@bonfimnoticias.com.br<\/a>.<\/p>\n<\/div>\n<\/div>\n<\/div>\n<\/div>\n<\/div>\n<\/div>\n<p><!-- \/wp_cf5e68:paragraph --><\/p>","protected":false},"excerpt":{"rendered":"<p>\u00a0 Termos de Uso da Bonfim Not\u00edcias Data de Vig\u00eancia: 18 de junho de 2024 Bem-vindo \u00e0 Bonfim Not\u00edcias. Ao&#8230;<\/p>","protected":false},"author":19,"featured_media":0,"parent":0,"menu_order":0,"comment_status":"closed","ping_status":"closed","template":"","meta":{"footnotes":""},"class_list":["post-16206","page","type-page","status-publish","hentry"],"_links":{"self":[{"href":"https:\/\/bonfimnoticias.com.br\/es\/wp-json\/wp\/v2\/pages\/16206","targetHints":{"allow":["GET"]}}],"collection":[{"href":"https:\/\/bonfimnoticias.com.br\/es\/wp-json\/wp\/v2\/pages"}],"about":[{"href":"https:\/\/bonfimnoticias.com.br\/es\/wp-json\/wp\/v2\/types\/page"}],"author":[{"embeddable":true,"href":"https:\/\/bonfimnoticias.com.br\/es\/wp-json\/wp\/v2\/users\/19"}],"replies":[{"embeddable":true,"href":"https:\/\/bonfimnoticias.com.br\/es\/wp-json\/wp\/v2\/comments?post=16206"}],"version-history":[{"count":1,"href":"https:\/\/bonfimnoticias.com.br\/es\/wp-json\/wp\/v2\/pages\/16206\/revisions"}],"predecessor-version":[{"id":18464,"href":"https:\/\/bonfimnoticias.com.br\/es\/wp-json\/wp\/v2\/pages\/16206\/revisions\/18464"}],"wp:attachment":[{"href":"https:\/\/bonfimnoticias.com.br\/es\/wp-json\/wp\/v2\/media?parent=16206"}],"curies":[{"name":"wp","href":"https:\/\/api.w.org\/{rel}","templated":true}]}}