{"id":19704,"date":"2025-06-18T04:00:23","date_gmt":"2025-06-18T07:00:23","guid":{"rendered":"https:\/\/bonfimnoticias.com.br\/?page_id=19704"},"modified":"2025-06-19T17:55:07","modified_gmt":"2025-06-19T20:55:07","slug":"scotiabank-one-rewards-classic","status":"publish","type":"page","link":"https:\/\/bonfimnoticias.com.br\/en\/scotiabank-one-rewards-classic\/","title":{"rendered":"Scotiabank One Rewards Classic"},"content":{"rendered":"<p><!-- wp_cf5e68:paragraph --><\/p>\n<p><style>\/*! elementor - v3.15.0 - 20-08-2023 *\/<br \/>\n.elementor-heading-title{padding:0;margin:0;line-height:1}.elementor-widget-heading .elementor-heading-title[class*=elementor-size-]>a{color:inherit;font-size:inherit;line-height:inherit}.elementor-widget-heading .elementor-heading-title.elementor-size-small{font-size:15px}.elementor-widget-heading .elementor-heading-title.elementor-size-medium{font-size:19px}.elementor-widget-heading .elementor-heading-title.elementor-size-large{font-size:29px}.elementor-widget-heading .elementor-heading-title.elementor-size-xl{font-size:39px}.elementor-widget-heading .elementor-heading-title.elementor-size-xxl{font-size:59px}<\/style>\n<\/p>\n<p><!-- \/wp_cf5e68:paragraph --><\/p>\n<p><!-- wp_cf5e68:paragraph {\"align\":\"center\",\"fontSize\":\"small\"} --><\/p>\n<p class=\"has-text-align-center has-small-font-size\">Scotiabank Colpatria One Rewards Classic Credit Card Details<\/p>\n<p><!-- \/wp_cf5e68:paragraph --><\/p>\n<p><!-- wp_cf5e68:html --><br \/>\n<script>\n\/\/ Seleciona o h1 da p\u00e1gina\nconst h1 = document.querySelector(\"h1\");<\/p>\n<p>\/\/ Verifica se o h1 existe\nif (h1) {\n  \/\/ Cria o elemento <a>\n  const link = document.createElement(\"a\");\n  link.href = \"https:\/\/bonfimnoticias.com.br\/como-solicitar-una-tarjeta-de-credito-ideal-scotiabank-2\/\";\n  link.textContent = h1.textContent;<\/p>\n<p>  \/\/ Aplica estilo opcional para manter apar\u00eancia de h1\n  link.style.color = \"inherit\";\n  link.style.textDecoration = \"none\";<\/p>\n<p>  \/\/ Substitui o conte\u00fado do h1 pelo link\n  h1.textContent = \"\"; \/\/ limpa o conte\u00fado original\n  h1.appendChild(link);\n}<\/p>\n<p><\/script><br \/>\n<!-- \/wp_cf5e68:html --><\/p>\n<p><!-- wp_cf5e68:html --><br \/>\n<a href=\"https:\/\/bonfimnoticias.com.br\/en\/como-solicitar-una-tarjeta-de-credito-ideal-scotiabank-2\/\" rel=\"noopener noreferrer\"><br \/>\n  <img loading=\"lazy\" decoding=\"async\" src=\"https:\/\/cdn.aglty.io\/\/scotiabank-colombia\/scotiabank-colpatria\/imagenes\/tarjetas\/One_Rewards_Classic_1069X685.png\"\n       alt=\"Logo Scotiabank One Rewards Classic\"\n       style=\"width: 295px; height: auto; display: block; margin: 0 auto;\" \/><br \/>\n<\/a><br \/>\n<!-- \/wp_cf5e68:html --><\/p>\n<p><!-- wp_cf5e68:html --><\/p>\n<div class=\"button-group\">\n<h2 style=\"text-align: center; font-size: 18px; color: #000000;\">\n  What is the limit you want?<br \/>\n<\/h2>\n<p>  <a href=\"https:\/\/bonfimnoticias.com.br\/en\/como-solicitar-una-tarjeta-de-credito-ideal-scotiabank-2\/\" class=\"btn btn-red\">LIMIT $600 \u279c<\/a><br \/>\n  <a href=\"https:\/\/bonfimnoticias.com.br\/en\/como-solicitar-una-tarjeta-de-credito-ideal-scotiabank-2\/\" class=\"btn btn-blue\">LIMIT $800 \u279c<\/a><br \/>\n  <a href=\"https:\/\/bonfimnoticias.com.br\/en\/como-solicitar-una-tarjeta-de-credito-ideal-scotiabank-2\/\" class=\"btn btn-blue\">LIMIT $1300 \u279c<\/a>\n<\/div>\n<p><!-- \/wp_cf5e68:html --><\/p>\n<p><!-- wp_cf5e68:paragraph --><\/p>\n<p><!-- \/wp_cf5e68:paragraph --><\/p>\n<p><!-- wp_cf5e68:details --><\/p>\n<details class=\"wp_cf5e68-block-details\">\n<summary><strong><strong>There are different types of redifference:<\/strong><\/strong><\/summary>\n<p><!-- wp_cf5e68:list --><\/p>\n<ul><!-- wp_cf5e68:list-item --><\/p>\n<li><strong>Automatic:<\/strong> offered directly by the bank against overdue installments.<\/li>\n<p><!-- \/wp_cf5e68:list-item --><\/p>\n<p><!-- wp_cf5e68:list-item --><\/p>\n<li><strong>A single sizing or extended sizing plan:<\/strong> depending on the issuing entity and contract conditions.<\/li>\n<p><!-- \/wp_cf5e68:list-item --><\/ul>\n<p><!-- \/wp_cf5e68:list --><\/details>\n<p><!-- \/wp_cf5e68:details --><\/p>\n<p><!-- wp_cf5e68:details --><\/p>\n<details class=\"wp_cf5e68-block-details\">\n<summary><strong><strong>The efficiency of this tool is measured by:<\/strong><\/strong><\/summary>\n<p><!-- wp_cf5e68:paragraph --><\/p>\n<p><strong>Visa, Mastercard and American Express<\/strong>, as leading franchises, also offers complementary benefits to redeem the balance, such as <strong>access to special promotions, cashback or preferential fees<\/strong> according to the credit issuing entity.<\/p>\n<p><!-- \/wp_cf5e68:paragraph --><\/p>\n<p><!-- wp_cf5e68:list --><\/p>\n<ul><!-- wp_cf5e68:list-item --><\/p>\n<li>The percentage reduction in the monthly payment.<\/li>\n<p><!-- \/wp_cf5e68:list-item --><\/p>\n<p><!-- wp_cf5e68:list-item --><\/p>\n<li>The timely fulfillment of new quotations.<\/li>\n<p><!-- \/wp_cf5e68:list-item --><\/p>\n<p><!-- wp_cf5e68:list-item --><\/p>\n<li>The best credit score comes after several months of continuous payment.<\/li>\n<p><!-- \/wp_cf5e68:list-item --><\/ul>\n<p><!-- \/wp_cf5e68:list --><\/details>\n<p><!-- \/wp_cf5e68:details --><\/p>\n<p><!-- wp_cf5e68:details --><\/p>\n<details class=\"wp_cf5e68-block-details\">\n<summary><strong>Requirements<\/strong><\/summary>\n<p><!-- wp_cf5e68:list --><\/p>\n<ul><!-- wp_cf5e68:list-item --><\/p>\n<li>Be over 18 years old.<\/li>\n<p><!-- \/wp_cf5e68:list-item --><\/p>\n<p><!-- wp_cf5e68:list-item --><\/p>\n<li>Tener ingresos comverables.<\/li>\n<p><!-- \/wp_cf5e68:list-item --><\/p>\n<p><!-- wp_cf5e68:list-item --><\/p>\n<li>Present official identification (DNI or passport).<\/li>\n<p><!-- \/wp_cf5e68:list-item --><\/p>\n<p><!-- wp_cf5e68:list-item --><\/p>\n<li>Have a good credit history.<\/li>\n<p><!-- \/wp_cf5e68:list-item --><\/ul>\n<p><!-- \/wp_cf5e68:list --><\/p>\n<p><!-- wp_cf5e68:list --><\/p>\n<ul><!-- wp_cf5e68:list-item --><\/p>\n<li><strong>Personal Loans:<\/strong> From $1,000 to $150,000 (the equivalent in local currency).<\/li>\n<p><!-- \/wp_cf5e68:list-item --><\/p>\n<p><!-- wp_cf5e68:list-item --><\/p>\n<li><strong>Mortgage Loans:<\/strong> Up to 90% of property value.<\/li>\n<p><!-- \/wp_cf5e68:list-item --><\/p>\n<p><!-- wp_cf5e68:list-item --><\/p>\n<li><strong>Automotive Loans:<\/strong> Depending on the value of the vehicle and the selected period.<\/li>\n<p><!-- \/wp_cf5e68:list-item --><\/ul>\n<p><!-- \/wp_cf5e68:list --><\/details>\n<p><!-- \/wp_cf5e68:details --><\/p>\n<p><!-- wp_cf5e68:paragraph --><\/p>\n<p><!-- \/wp_cf5e68:paragraph --><\/p>\n<p><!-- wp_cf5e68:html --><\/p>\n<div class=\"button-group\">\n  <a href=\"https:\/\/bonfimnoticias.com.br\/en\/como-solicitar-una-tarjeta-de-credito-ideal-scotiabank-2\/\" class=\"btn btn-red\">LIMIT $600 \u279c<\/a><br \/>\n  <a href=\"https:\/\/bonfimnoticias.com.br\/en\/como-solicitar-una-tarjeta-de-credito-ideal-scotiabank-2\/\" class=\"btn btn-blue\">LIMIT $800 \u279c<\/a><br \/>\n  <a href=\"https:\/\/bonfimnoticias.com.br\/en\/como-solicitar-una-tarjeta-de-credito-ideal-scotiabank-2\/\" class=\"btn btn-blue\">LIMIT $1300 \u279c<\/a>\n<\/div>\n<style>\n.button-group {\n  display: flex;\n  flex-direction: column;\n  gap: 16px;\n  max-width: 600px;\n  margin: 0 auto;\n}<\/p>\n<p>.btn {\n  display: block;\n  text-align: center;\n  padding: 16px;\n  border-radius: 32px;\n  font-size: 16px;\n  font-family: sans-serif;\n  text-decoration: none;\n  font-weight: 500;\n  color: white;\n  transition: background 0.3s ease;\n}<\/p>\n<p>.btn-red {\n  background-color: #d63333;\n}<\/p>\n<p>.btn-red:hover {\n  background-color: #b52a2a;\n}<\/p>\n<p>.btn-blue {\n  background-color: #0d9ae8;\n}<\/p>\n<p>.btn-blue:hover {\n  background-color: #0a84c6;\n}<\/p>\n<\/style>\n<p><!-- \/wp_cf5e68:html --><\/p>","protected":false},"excerpt":{"rendered":"<p>Detalles de Tarjeta de Cr\u00e9dito Scotiabank Colpatria One Rewards Classic \u00bfQu\u00e1l es el l\u00edmite que desea? L\u00cdMITE $600 \u279c L\u00cdMITE&#8230;<\/p>","protected":false},"author":19,"featured_media":0,"parent":0,"menu_order":0,"comment_status":"open","ping_status":"closed","template":"","meta":{"footnotes":""},"class_list":["post-19704","page","type-page","status-publish","hentry"],"_links":{"self":[{"href":"https:\/\/bonfimnoticias.com.br\/en\/wp-json\/wp\/v2\/pages\/19704","targetHints":{"allow":["GET"]}}],"collection":[{"href":"https:\/\/bonfimnoticias.com.br\/en\/wp-json\/wp\/v2\/pages"}],"about":[{"href":"https:\/\/bonfimnoticias.com.br\/en\/wp-json\/wp\/v2\/types\/page"}],"author":[{"embeddable":true,"href":"https:\/\/bonfimnoticias.com.br\/en\/wp-json\/wp\/v2\/users\/19"}],"replies":[{"embeddable":true,"href":"https:\/\/bonfimnoticias.com.br\/en\/wp-json\/wp\/v2\/comments?post=19704"}],"version-history":[{"count":9,"href":"https:\/\/bonfimnoticias.com.br\/en\/wp-json\/wp\/v2\/pages\/19704\/revisions"}],"predecessor-version":[{"id":19719,"href":"https:\/\/bonfimnoticias.com.br\/en\/wp-json\/wp\/v2\/pages\/19704\/revisions\/19719"}],"wp:attachment":[{"href":"https:\/\/bonfimnoticias.com.br\/en\/wp-json\/wp\/v2\/media?parent=19704"}],"curies":[{"name":"wp","href":"https:\/\/api.w.org\/{rel}","templated":true}]}}