{"id":18906,"date":"2024-08-26T21:15:16","date_gmt":"2024-08-27T00:15:16","guid":{"rendered":"https:\/\/bonfimnoticias.com.br\/?page_id=18906"},"modified":"2024-08-27T10:36:49","modified_gmt":"2024-08-27T13:36:49","slug":"tarjetas-itau","status":"publish","type":"page","link":"https:\/\/bonfimnoticias.com.br\/en\/tarjetas-itau\/","title":{"rendered":"Ita\u00fa Cards"},"content":{"rendered":"<style>\/*! elementor - v3.15.0 - 20-08-2023 *\/\n.elementor-heading-title{padding:0;margin:0;line-height:1}.elementor-widget-heading .elementor-heading-title[class*=elementor-size-]>a{color:inherit;font-size:inherit;line-height:inherit}.elementor-widget-heading .elementor-heading-title.elementor-size-small{font-size:15px}.elementor-widget-heading .elementor-heading-title.elementor-size-medium{font-size:19px}.elementor-widget-heading .elementor-heading-title.elementor-size-large{font-size:29px}.elementor-widget-heading .elementor-heading-title.elementor-size-xl{font-size:39px}.elementor-widget-heading .elementor-heading-title.elementor-size-xxl{font-size:59px}<\/style>\n<h2>Ita\u00fa Cards<\/h2>\n<p style=\"text-align: center;\">Ita\u00fa cards have incredible credit options adapted to all customer profiles. These are very advantageous opportunities, with several benefits included, in addition to being an offer from one of the leading financial institutions in all of Latin America. However, today we will be specific about 3 card opportunities. Next, find out the general advantages of these 3 products together.<\/p>\n<h2>The benefits of Ita\u00fa cards <\/h2>\n<ul>\n<li style=\"text-align: center;\"><strong>Access to various discounts:<\/strong> Ita\u00fa card holders are entitled to discounts on delivery, fuel and restaurants;<\/li>\n<li style=\"text-align: center;\"><strong>Access to VIP lounges:<\/strong> for those who enjoy and have the habit of traveling, Ita\u00fa cards offer access to airport VIP lounges and preferential rates;<\/li>\n<li style=\"text-align: center;\"><strong> Convenient financing:<\/strong> with them it is possible to finance your purchases by auctioning 48 shares without interest;<\/li>\n<li style=\"text-align: center;\"><strong>Possibility of effective adelanto:<\/strong> you can obtain real savings from a certain percentage of your credit both nationally and internationally;<\/li>\n<li style=\"text-align: center;\"><strong>Support available 24 hours a day:<\/strong> the Mastercard brand offers 24-hour support and attention to its customers;<\/li>\n<li style=\"text-align: center;\"><strong>Loyalty programs:<\/strong> you can participate in loyalty programs, obtain points and redeem them for benefits;<\/li>\n<li style=\"text-align: center;\"><strong> Easy and online management:<\/strong> Through the bank&#039;s digital channels, you can manage all your card expenses in a very convenient way;<\/li>\n<li style=\"text-align: center;\"><strong> Tax exemption:<\/strong> During the first billing periods, you have a completely free fee.<\/li>\n<\/ul>\n<h2>Which Ita\u00fa card is best suited for you?<br \/>\n<\/h2>\n<style>\/*! elementor - v3.15.0 - 20-08-2023 *\/\n.elementor-widget-image{text-align:center}.elementor-widget-image a{display:inline-block}.elementor-widget-image a img[src$=\".svg\"]{width:48px}.elementor-widget-image img{vertical-align:middle;display:inline-block}<\/style>\n<p>\t\t\t\t\t\t\t\t\t\t\t\t<img decoding=\"async\" width=\"700\" height=\"700\" src=\"https:\/\/bonfimnoticias.com.br\/wp_cf5e68-content\/uploads\/2024\/08\/i640293.webp\" alt=\"\" loading=\"lazy\" srcset=\"https:\/\/bonfimnoticias.com.br\/wp_cf5e68-content\/uploads\/2024\/08\/i640293.webp 700w, https:\/\/bonfimnoticias.com.br\/wp_cf5e68-content\/uploads\/2024\/08\/i640293-400x400.webp 400w\" sizes=\"auto, (max-width: 700px) 100vw, 700px\" \/><br \/>\n\t\t\t<a href=\"https:\/\/bonfimnoticias.com.br\/en\/tarjetas-itau-america-latina\/\"><br \/>\n\t\t\t\t\t\tChoose what suits you best<br \/>\n\t\t\t\t\t<\/a><br \/>\n\t\t\t<a href=\"https:\/\/bonfimnoticias.com.br\/en\/tarjetas-itau-america-latina\/\"><br \/>\n\t\t\t\t\t\tBenefits within your reach<br \/>\n\t\t\t\t\t<\/a><br \/>\n\t\t\t<a href=\"https:\/\/bonfimnoticias.com.br\/en\/tarjetas-itau-america-latina\/\"><br \/>\n\t\t\t\t\t\tChoose the best close to pay<br \/>\n\t\t\t\t\t<\/a><\/p>\n<ul>\n<li style=\"text-align: center;\"><strong>Chilean Ita\u00fa Mastercard Gold card:<\/strong> This credit card option offers several Mastercard brand benefits, such as discounts on delivery, fuel, restaurants, access to VIP lounges at airports and much more. Furthermore, financing is allowed for up to 48 quotas without interest in national purchases and the holder has the right to 24-hour support. However, a certain requirement is required and to verify it, it is recommended to access the official article;<\/li>\n<li style=\"text-align: center;\"><strong>Ita\u00fa Mastercard Gold Colombia Card:<\/strong> This is the same Ita\u00fa card offer, but this time in Colombia. With this product, the customer obtains a credit limit of up to $7,999,999, without a maintenance fee during the first billing periods. Furthermore, it is possible to obtain a maximum boost on the 50% at its limit, participate in programs to accumulate points and earn them for benefits, and carry out fully digital management. Your quotas can be up to 36 months for national purchases and 24 for international purchases. Other benefits and assistance can be accessed thanks to the brand.<\/li>\n<li style=\"text-align: center;\"><strong>Ita\u00fa LATAM Pass Uruguay card:<\/strong> This credit card option is divided into 4 products. These products are for regional use, international use, platinum and Pass Infinite. Each one of them has its own characteristics and benefits.<\/li>\n<\/ul>\n<p>These are very attractive options from which you can obtain much more detail through the official article. As for the application method and requirements to obtain it, these will also be mentioned there. Access, check and request your ideal product on your credit card. Remember that if none of these offers appeal to you, continue consulting the other product options that we present to you here. Financial life depends on investigation and a lot of information!<\/p>\n<p>\t\t\t<a href=\"https:\/\/bonfimnoticias.com.br\/en\/\"><br \/>\n\t\t\t\t\t\tYou might be interested<br \/>\n\t\t\t\t\t<\/a><\/p>","protected":false},"excerpt":{"rendered":"<p>Tarjetas Ita\u00fa Las tarjetas Ita\u00fa son incre\u00edbles opciones de cr\u00e9dito adaptadas para todos los perfiles de clientes. Se trata de&#8230;<\/p>","protected":false},"author":24,"featured_media":18907,"parent":0,"menu_order":0,"comment_status":"closed","ping_status":"closed","template":"","meta":{"footnotes":""},"class_list":["post-18906","page","type-page","status-publish","has-post-thumbnail","hentry"],"_links":{"self":[{"href":"https:\/\/bonfimnoticias.com.br\/en\/wp-json\/wp\/v2\/pages\/18906","targetHints":{"allow":["GET"]}}],"collection":[{"href":"https:\/\/bonfimnoticias.com.br\/en\/wp-json\/wp\/v2\/pages"}],"about":[{"href":"https:\/\/bonfimnoticias.com.br\/en\/wp-json\/wp\/v2\/types\/page"}],"author":[{"embeddable":true,"href":"https:\/\/bonfimnoticias.com.br\/en\/wp-json\/wp\/v2\/users\/24"}],"replies":[{"embeddable":true,"href":"https:\/\/bonfimnoticias.com.br\/en\/wp-json\/wp\/v2\/comments?post=18906"}],"version-history":[{"count":7,"href":"https:\/\/bonfimnoticias.com.br\/en\/wp-json\/wp\/v2\/pages\/18906\/revisions"}],"predecessor-version":[{"id":18917,"href":"https:\/\/bonfimnoticias.com.br\/en\/wp-json\/wp\/v2\/pages\/18906\/revisions\/18917"}],"wp:featuredmedia":[{"embeddable":true,"href":"https:\/\/bonfimnoticias.com.br\/en\/wp-json\/wp\/v2\/media\/18907"}],"wp:attachment":[{"href":"https:\/\/bonfimnoticias.com.br\/en\/wp-json\/wp\/v2\/media?parent=18906"}],"curies":[{"name":"wp","href":"https:\/\/api.w.org\/{rel}","templated":true}]}}