{"id":18584,"date":"2024-08-08T15:12:45","date_gmt":"2024-08-08T18:12:45","guid":{"rendered":"https:\/\/bonfimnoticias.com.br\/?page_id=18584"},"modified":"2025-08-10T12:27:15","modified_gmt":"2025-08-10T15:27:15","slug":"cartao-atacadao-landing-page","status":"publish","type":"page","link":"https:\/\/bonfimnoticias.com.br\/en\/cartao-atacadao-landing-page\/","title":{"rendered":"Atacad\u00e3o Card \u2013 Landing Page BR"},"content":{"rendered":"<p style=\"text-align: center;\">Todo mundo conhece a famosa empresa Carrefour, umas das l\u00edderes de venda em todo o Brasil devido a sua variedade de produtos e o grande avan\u00e7o operacional. No entanto, esse n\u00e3o \u00e9 o \u00fanico ramo em que atua o Grupo Carrefour, existe tamb\u00e9m a sua plataforma financeira desenvolvida chamada Carrefour Solu\u00e7\u00f5es, com incr\u00edveis ofertas em seguros, empr\u00e9stimos e cart\u00f5es de cr\u00e9dito, por exemplo o Cart\u00e3o Atacad\u00e3o. Vem conferir mais sobre ele abaixo!<\/p>\n<p><br \/>\n<a href=\"https:\/\/bonfimnoticias.com.br\/en\/cartao-atacadao-carrefour-solucoes\/#goog_rewarded\"><br \/>\nHow to apply for your Atacad\u00e3o card<br \/>\n<\/a><\/p>\n<p style=\"text-align: center;\">You will be redirected to the official article.<\/p>\n<style>\/*! elementor - v3.15.0 - 20-08-2023 *\/<br \/>.elementor-widget-image{text-align:center}.elementor-widget-image a{display:inline-block}.elementor-widget-image a img[src$=\".svg\"]{width:48px}.elementor-widget-image img{vertical-align:middle;display:inline-block}<\/style>\n<p><img loading=\"lazy\" decoding=\"async\" src=\"https:\/\/bonfimnoticias.com.br\/wp_cf5e68-content\/uploads\/2024\/08\/atacadao_1_x_1400x788-1200x675-1-1024x576.jpg\" sizes=\"auto, (max-width: 1024px) 100vw, 1024px\" srcset=\"https:\/\/bonfimnoticias.com.br\/wp_cf5e68-content\/uploads\/2024\/08\/atacadao_1_x_1400x788-1200x675-1-1024x576.jpg 1024w, https:\/\/bonfimnoticias.com.br\/wp_cf5e68-content\/uploads\/2024\/08\/atacadao_1_x_1400x788-1200x675-1-800x450.jpg 800w, https:\/\/bonfimnoticias.com.br\/wp_cf5e68-content\/uploads\/2024\/08\/atacadao_1_x_1400x788-1200x675-1-768x432.jpg 768w, https:\/\/bonfimnoticias.com.br\/wp_cf5e68-content\/uploads\/2024\/08\/atacadao_1_x_1400x788-1200x675-1.jpg 1200w\" alt=\"\" width=\"1024\" height=\"576\" \/><\/p>\n<h2 style=\"text-align: center;\">The features and advantages of the Atacad\u00e3o card.<\/h2>\n<p style=\"text-align: center;\">The Atacad\u00e3o card is undoubtedly the most advantageous product on the Brazilian market for loyal customers of Atacad\u00e3o stores. This product offers exclusive discounts on merchandise sold there; any of these stores accept it; the installment options are incredible; you can pay in up to 10 interest-free installments at the group&#039;s pharmacies; at Atacad\u00e3o gas stations you also get a longer payment period; at the terminals in their stores, when paying the bill, the balance is released very quickly; you can request up to 4 cards and pay nothing for it; you can choose up to 14 due date options; and you also enjoy exclusive benefits from the Visa and Mastercard brands.<\/p>\n<p><br \/>\n<a href=\"https:\/\/bonfimnoticias.com.br\/en\/cartao-consignado-bmg\/\"><br \/>\nDiscover the BMG payroll loan card.<br \/>\n<\/a><\/p>\n<p style=\"text-align: center;\">You will be redirected to the official article.<\/p>\n<p style=\"text-align: center;\">Well, now based on these characteristics we have the following benefits available:<\/p>\n<p style=\"text-align: center;\"><strong>Exclusive discounts for cardholders only.<\/strong>This is ideal for those who like to shop at the group&#039;s stores;<\/p>\n<p style=\"text-align: center;\"><strong>Extended installment plan<\/strong>: which offers a super convenient payment option to cardholders;<\/p>\n<p style=\"text-align: center;\"><strong> You choose your due date.<\/strong>Among the 14 options, you have the freedom to choose the one that seems most ideal to you;<\/p>\n<p style=\"text-align: center;\"><strong>Points programs, insurance, and assistance included.<\/strong>The benefits of Mastercard and Visa include all of that.<\/p>\n<p style=\"text-align: center;\">Furthermore, those who have received these benefits and wish to apply for their Atacad\u00e3o card need to keep in mind that they must be at least 18 years old, have no negative credit history or outstanding debts, and have all their recent CPF (Brazilian tax identification number), RG (Brazilian national identity card), proof of income, and proof of residence documents.<\/p>\n<p style=\"text-align: center;\">However, regarding the application process, you will only see a detailed and detailed explanation in the official article. There you will also find a link to the official website where you can have all your questions answered. Furthermore, this article will include a comparison between this card and another advantageous, highly popular card on the market. The aim is for you to analyze the advantages and assess its attractiveness compared to other market options.<\/p>\n<p style=\"text-align: center;\">Finally, if you&#039;re not a regular Carrefour customer and these advantages haven&#039;t caught your attention, there are other types of credit that might meet your expectations. One example is the BMG payroll loan card; although its requirements are a bit stricter, if you qualify you can enjoy excellent included benefits. It doesn&#039;t hurt to check if this offer might be ideal for you, because the Brazilian market has plenty of good options!<\/p>","protected":false},"excerpt":{"rendered":"<p>Todo mundo conhece a famosa empresa Carrefour, umas das l\u00edderes de venda em todo o Brasil devido a sua variedade&#8230;<\/p>","protected":false},"author":24,"featured_media":18585,"parent":0,"menu_order":0,"comment_status":"open","ping_status":"closed","template":"","meta":{"footnotes":""},"class_list":["post-18584","page","type-page","status-publish","has-post-thumbnail","hentry"],"_links":{"self":[{"href":"https:\/\/bonfimnoticias.com.br\/en\/wp-json\/wp\/v2\/pages\/18584","targetHints":{"allow":["GET"]}}],"collection":[{"href":"https:\/\/bonfimnoticias.com.br\/en\/wp-json\/wp\/v2\/pages"}],"about":[{"href":"https:\/\/bonfimnoticias.com.br\/en\/wp-json\/wp\/v2\/types\/page"}],"author":[{"embeddable":true,"href":"https:\/\/bonfimnoticias.com.br\/en\/wp-json\/wp\/v2\/users\/24"}],"replies":[{"embeddable":true,"href":"https:\/\/bonfimnoticias.com.br\/en\/wp-json\/wp\/v2\/comments?post=18584"}],"version-history":[{"count":6,"href":"https:\/\/bonfimnoticias.com.br\/en\/wp-json\/wp\/v2\/pages\/18584\/revisions"}],"predecessor-version":[{"id":19864,"href":"https:\/\/bonfimnoticias.com.br\/en\/wp-json\/wp\/v2\/pages\/18584\/revisions\/19864"}],"wp:featuredmedia":[{"embeddable":true,"href":"https:\/\/bonfimnoticias.com.br\/en\/wp-json\/wp\/v2\/media\/18585"}],"wp:attachment":[{"href":"https:\/\/bonfimnoticias.com.br\/en\/wp-json\/wp\/v2\/media?parent=18584"}],"curies":[{"name":"wp","href":"https:\/\/api.w.org\/{rel}","templated":true}]}}