{"id":18575,"date":"2024-08-08T14:09:03","date_gmt":"2024-08-08T17:09:03","guid":{"rendered":"https:\/\/bonfimnoticias.com.br\/?page_id=18575"},"modified":"2024-08-08T14:12:16","modified_gmt":"2024-08-08T17:12:16","slug":"cartao-consignado-bmg-lp","status":"publish","type":"page","link":"https:\/\/bonfimnoticias.com.br\/en\/cartao-consignado-bmg-lp\/","title":{"rendered":"BMG Payroll Deduction Card \u2013 Landing Page BR"},"content":{"rendered":"<p style=\"text-align: center;\">The BMG payroll loan card, or BMG benefit payroll loan card as it is officially known, is a financial product designed for retirees, INSS pensioners, and Brazilian public servants. It&#039;s an advantageous offer from Banco BMG, which we will discuss in detail today. Learn more.<\/p>\n<p><br \/>\n<a href=\"https:\/\/bonfimnoticias.com.br\/en\/cartao-consignado-bmg\/\"><br \/>\nRequest your BMG payroll loan card.<br \/>\n<\/a><\/p>\n<p style=\"text-align: center;\">You will be redirected to the official article.<\/p>\n<style>\/*! elementor - v3.15.0 - 20-08-2023 *\/<br \/>\n.elementor-widget-image{text-align:center}.elementor-widget-image a{display:inline-block}.elementor-widget-image a img[src$=\".svg\"]{width:48px}.elementor-widget-image img{vertical-align:middle;display:inline-block}<\/style>\n<p><img loading=\"lazy\" decoding=\"async\" src=\"https:\/\/bonfimnoticias.com.br\/wp_cf5e68-content\/uploads\/2024\/08\/cartao-de-credito-Portal-Financa-1.png\" sizes=\"auto, (max-width: 1000px) 100vw, 1000px\" srcset=\"https:\/\/bonfimnoticias.com.br\/wp_cf5e68-content\/uploads\/2024\/08\/cartao-de-credito-Portal-Financa-1.png 1000w, https:\/\/bonfimnoticias.com.br\/wp_cf5e68-content\/uploads\/2024\/08\/cartao-de-credito-Portal-Financa-1-800x533.png 800w, https:\/\/bonfimnoticias.com.br\/wp_cf5e68-content\/uploads\/2024\/08\/cartao-de-credito-Portal-Financa-1-768x511.png 768w\" alt=\"\" width=\"1000\" height=\"666\" \/><\/p>\n<h2 style=\"text-align: center;\">The features and advantages of the BMG payroll loan card.<\/h2>\n<p style=\"text-align: center;\">Right from the start, we defined, in general terms, the target audience for the BMG payroll loan card: its users are retirees, pensioners, and public servants. But, of course, that&#039;s not all; this category of people must reside in the states of Minas Gerais and S\u00e3o Paulo. Furthermore, regarding the characteristics of this product, they are: no annual fee, bills deducted from the user&#039;s salary, a credit limit of up to 1.45 times the cardholder&#039;s salary, the possibility of withdrawing up to 70% from this limit, included insurance, discounts at S\u00e3o Paulo and Pacheco pharmacies, national and international acceptance, mobile phone top-ups, free cash withdrawals, and a payment term of up to 40 days from the bill date. Incredible, isn&#039;t it?<\/p>\n<p style=\"text-align: center;\">Based on this, we note the following advantages:<\/p>\n<p><br \/>\n<a href=\"https:\/\/bonfimnoticias.com.br\/en\/cartao-atacadao-carrefour-solucoes\/\"><br \/>\nGet to know the Atacad\u00e3o card.<br \/>\n<\/a><\/p>\n<p style=\"text-align: center;\">You will be redirected to the official article.<\/p>\n<p style=\"text-align: center;\"><strong>Convenient payment:<\/strong> You don&#039;t need to worry about late payments or due dates, as the bill is automatically deducted from your paycheck.<\/p>\n<p style=\"text-align: center;\"><strong>The credit limit is generous and controlled.<\/strong>Banco BMG uses a great everyday credit card strategy, providing a credit line slightly higher than the user&#039;s salary, yet still affordable for making payments.<\/p>\n<p style=\"text-align: center;\"><strong>Access to cash:<\/strong> Through free withdrawals you can obtain up to 70% of your credit limit;<\/p>\n<p style=\"text-align: center;\"><strong>Insurance included:<\/strong> You can include additional life insurance and funeral assistance by paying an extra fee;<\/p>\n<p style=\"text-align: center;\"><strong> Saving money on medication costs<\/strong>Partner pharmacies offer exclusive discounts for cardholders;<\/p>\n<p style=\"text-align: center;\">It&#039;s worth highlighting that these are just a few of the many advantages of obtaining this product.<\/p>\n<p style=\"text-align: center;\">Regarding the application process, you will find detailed information in the official article. Additionally, the article will provide a link that will redirect you to the institution&#039;s page, which will also be helpful if you have any questions about the process, allowing for personalized assistance and resolution of all issues.<\/p>\n<p style=\"text-align: center;\">If this particular product didn&#039;t appeal to you, or if you don&#039;t fit the target audience, don&#039;t worry, as other reliable institutions also offer great options. A great example is the Atacad\u00e3o card and the Mercado Pago card.<\/p>\n<p style=\"text-align: center;\">Finally, in the article you will find a comparison between this card and another great and attractive card on the market, in order to find out if it is really a worthwhile option among so many and if you can consider it truly attractive for your situation.<\/p>\n<p style=\"text-align: center;\">Furthermore, we recommend that you stay tuned to our content to keep up-to-date with the latest financial news that benefits millions of citizens around the world.<\/p>","protected":false},"excerpt":{"rendered":"<p>O cart\u00e3o consignado BMG ou cart\u00e3o consignado benef\u00edcio BMG, como \u00e9 oficialmente conhecido, trata-se de um produto financeiro destinado a&#8230;<\/p>","protected":false},"author":24,"featured_media":18576,"parent":0,"menu_order":0,"comment_status":"open","ping_status":"closed","template":"","meta":{"footnotes":""},"class_list":["post-18575","page","type-page","status-publish","has-post-thumbnail","hentry"],"_links":{"self":[{"href":"https:\/\/bonfimnoticias.com.br\/en\/wp-json\/wp\/v2\/pages\/18575","targetHints":{"allow":["GET"]}}],"collection":[{"href":"https:\/\/bonfimnoticias.com.br\/en\/wp-json\/wp\/v2\/pages"}],"about":[{"href":"https:\/\/bonfimnoticias.com.br\/en\/wp-json\/wp\/v2\/types\/page"}],"author":[{"embeddable":true,"href":"https:\/\/bonfimnoticias.com.br\/en\/wp-json\/wp\/v2\/users\/24"}],"replies":[{"embeddable":true,"href":"https:\/\/bonfimnoticias.com.br\/en\/wp-json\/wp\/v2\/comments?post=18575"}],"version-history":[{"count":5,"href":"https:\/\/bonfimnoticias.com.br\/en\/wp-json\/wp\/v2\/pages\/18575\/revisions"}],"predecessor-version":[{"id":18581,"href":"https:\/\/bonfimnoticias.com.br\/en\/wp-json\/wp\/v2\/pages\/18575\/revisions\/18581"}],"wp:featuredmedia":[{"embeddable":true,"href":"https:\/\/bonfimnoticias.com.br\/en\/wp-json\/wp\/v2\/media\/18576"}],"wp:attachment":[{"href":"https:\/\/bonfimnoticias.com.br\/en\/wp-json\/wp\/v2\/media?parent=18575"}],"curies":[{"name":"wp","href":"https:\/\/api.w.org\/{rel}","templated":true}]}}