{"id":18133,"date":"2024-04-17T11:37:44","date_gmt":"2024-04-17T14:37:44","guid":{"rendered":"https:\/\/bonfimnoticias.com.br\/?page_id=18133"},"modified":"2024-04-17T12:17:55","modified_gmt":"2024-04-17T15:17:55","slug":"banco-do-brasil","status":"publish","type":"page","link":"https:\/\/bonfimnoticias.com.br\/en\/banco-do-brasil\/","title":{"rendered":"Bank of Brazil"},"content":{"rendered":"<p>Banco do Brasil&#039;s financial loans in other Latin American countries are focused on foreign trade and financing to other companies.<\/p>\n<p><br \/>\n<a href=\"https:\/\/bonfimnoticias.com.br\/en\/banco-do-brasil-prestamos\/#goog_rewarded\"><br \/>\nKeep reading<br \/>\n<\/a><\/p>\n<p>It will be redirected to the official article<\/p>\n<style>\/*! elementor - v3.15.0 - 20-08-2023 *\/<br \/>.elementor-widget-image{text-align:center}.elementor-widget-image a{display:inline-block}.elementor-widget-image a img[src$=\".svg\"]{width:48px}.elementor-widget-image img{vertical-align:middle;display:inline-block}<\/style>\n<p><img loading=\"lazy\" decoding=\"async\" src=\"https:\/\/bonfimnoticias.com.br\/wp_cf5e68-content\/uploads\/2024\/04\/DALL\u00b7E-2024-04-17-10.40.15-A-conceptual-image-depicting-the-theme-of-loans.-The-image-includes-a-large-symbolic-stack-of-money-in-the-center-surrounded-by-miniature-figures-of.webp\" sizes=\"auto, (max-width: 1024px) 100vw, 1024px\" srcset=\"https:\/\/bonfimnoticias.com.br\/wp_cf5e68-content\/uploads\/2024\/04\/DALL\u00b7E-2024-04-17-10.40.15-A-conceptual-image-depicting-the-theme-of-loans.-The-image-includes-a-large-symbolic-stack-of-money-in-the-center-surrounded-by-miniature-figures-of.webp 1024w, https:\/\/bonfimnoticias.com.br\/wp_cf5e68-content\/uploads\/2024\/04\/DALL\u00b7E-2024-04-17-10.40.15-A-conceptual-image-depicting-the-theme-of-loans.-The-image-includes-a-large-symbolic-stack-of-money-in-the-center-surrounded-by-miniature-figures-of-800x800.webp 800w, https:\/\/bonfimnoticias.com.br\/wp_cf5e68-content\/uploads\/2024\/04\/DALL\u00b7E-2024-04-17-10.40.15-A-conceptual-image-depicting-the-theme-of-loans.-The-image-includes-a-large-symbolic-stack-of-money-in-the-center-surrounded-by-miniature-figures-of-400x400.webp 400w, https:\/\/bonfimnoticias.com.br\/wp_cf5e68-content\/uploads\/2024\/04\/DALL\u00b7E-2024-04-17-10.40.15-A-conceptual-image-depicting-the-theme-of-loans.-The-image-includes-a-large-symbolic-stack-of-money-in-the-center-surrounded-by-miniature-figures-of-768x768.webp 768w\" alt=\"\" width=\"1024\" height=\"1024\" \/><\/p>\n<h2 style=\"text-align: center;\">Discover the advantages and benefits of Banco do Brasil loans<\/h2>\n<p style=\"text-align: center;\">Before analyzing the benefits associated with these loans, we need to know what types are offered by Banco do Brasil in Latin America. Therefore, even with a much greater exposition through the official article, we must clarify that the loans offered are: the credit lines for exportation, the exchange contract adelanto, the adelanto on foreign exchange delivered and, finally, the external credit lines. Therefore, check below the benefits of these products.<\/p>\n<p><br \/>\n<a href=\"https:\/\/bonfimnoticias.com.br\/en\/necesita-un-prestamo-para-sus-gastos-personales-echa-un-vistazo-a-la-oportunidad-que-te-ofrece-el-banco-santander\/\"><br \/>\nDiscover other loan opportunities<br \/>\n<\/a><\/p>\n<p>It will be redirected to the official article<\/p>\n<p><strong>Some advantages of credit lines for export<\/strong>: this financial service helps companies to export their products more easily and thus expand their businesses. These are of great help in strengthening the economy in a country;<\/p>\n<p><strong>Exchange contract Adelanto<\/strong>: this, in turn, improves the cash flow of companies through financing in the pre-shipment of goods;<\/p>\n<p><strong>Adelanto on foreign exchange delivered<\/strong>: this financing is similar to the previous one, but is for post-shipment, ensuring that companies can continue their operation after exportation while waiting for payment;<\/p>\n<p><strong>External credit lines<\/strong>: product to finance large-scale projects whose resources cannot be accessed internally.<\/p>\n<p>Having analyzed some specific details about BB&#039;s financial products, you can also find out how to request these products by accessing the official article published about Banco do Brasil loans in Latin America. There you will get a step-by-step guide that will help you with your request.<\/p>\n<p>Remember, however, that before any request in most traditional banks, it is necessary to have a good credit history and be free from financial defaults.<\/p>\n<p>Furthermore, it is worth highlighting that before carrying out a request for any product, always carry out prior investigation. Investigate other institutions and other offers, suddenly there are opportunities that are better suited to what your reality and capabilities need. A major competitor of Banco do Brasil in Latin America is Banco Santander, a huge institution recognized at a global level with very attractive products in the market. Its products and services serve both individuals and corporations. It&#039;s worth checking them out.<\/p>\n<p>If your choice continues to sell products from Banco do Brasil, you will be doing business with a very reliable institution, however, remember to always check all the provisions of a contract, in a very detailed manner. Never pass on any information, especially when it comes to interest rates and payment terms. Furthermore, I believe that we always provide more viable options for institutions than for individuals, given the commitment generated from a contract. Therefore, analyze the conditions, as well as your capacity and start your application process.<\/p>","protected":false},"excerpt":{"rendered":"<p>Los pr\u00e9stamos financieros del Banco do Brasil en otros pa\u00edses de Am\u00e9rica Latina est\u00e1n enfocados en el comercio exterior y&#8230;<\/p>","protected":false},"author":24,"featured_media":18135,"parent":0,"menu_order":0,"comment_status":"open","ping_status":"closed","template":"","meta":{"footnotes":""},"class_list":["post-18133","page","type-page","status-publish","has-post-thumbnail","hentry"],"_links":{"self":[{"href":"https:\/\/bonfimnoticias.com.br\/en\/wp-json\/wp\/v2\/pages\/18133","targetHints":{"allow":["GET"]}}],"collection":[{"href":"https:\/\/bonfimnoticias.com.br\/en\/wp-json\/wp\/v2\/pages"}],"about":[{"href":"https:\/\/bonfimnoticias.com.br\/en\/wp-json\/wp\/v2\/types\/page"}],"author":[{"embeddable":true,"href":"https:\/\/bonfimnoticias.com.br\/en\/wp-json\/wp\/v2\/users\/24"}],"replies":[{"embeddable":true,"href":"https:\/\/bonfimnoticias.com.br\/en\/wp-json\/wp\/v2\/comments?post=18133"}],"version-history":[{"count":7,"href":"https:\/\/bonfimnoticias.com.br\/en\/wp-json\/wp\/v2\/pages\/18133\/revisions"}],"predecessor-version":[{"id":18142,"href":"https:\/\/bonfimnoticias.com.br\/en\/wp-json\/wp\/v2\/pages\/18133\/revisions\/18142"}],"wp:featuredmedia":[{"embeddable":true,"href":"https:\/\/bonfimnoticias.com.br\/en\/wp-json\/wp\/v2\/media\/18135"}],"wp:attachment":[{"href":"https:\/\/bonfimnoticias.com.br\/en\/wp-json\/wp\/v2\/media?parent=18133"}],"curies":[{"name":"wp","href":"https:\/\/api.w.org\/{rel}","templated":true}]}}