{"id":17870,"date":"2024-03-01T13:44:56","date_gmt":"2024-03-01T16:44:56","guid":{"rendered":"https:\/\/bonfimnoticias.com.br\/?page_id=17870"},"modified":"2024-03-01T14:04:58","modified_gmt":"2024-03-01T17:04:58","slug":"pretfran","status":"publish","type":"page","link":"https:\/\/bonfimnoticias.com.br\/en\/pretfran\/","title":{"rendered":"Real Estate Purchase"},"content":{"rendered":"<p style=\"text-align: center;\">Un pr\u00eat immobilier, \u00e9galement connu sous le nom de financement immobilier, est un moyen commun d&#039;obtenir des fonds pour l&#039;achat d&#039;une propriet\u00e9. It allows aux acheteurs d&#039;acheter a maison ou un appartement m\u00eame s&#039;ils not pas le amount total requis imm\u00e9diatement disponible..<\/p>\n<p><br \/>\n<a href=\"https:\/\/bonfimnoticias.com.br\/en\/opportunite-contracter-pret-immobilier-33\/\"><br \/>\nFOLLOW THE READING<br \/>\n<\/a><\/p>\n<h2 style=\"text-align: center;\">Advantages and advantages<\/h2>\n<p style=\"text-align: center;\">Le processus de pr\u00eat immobilier implique g\u00e9n\u00e9ralement une banque, une institution financi\u00e8re ou une coop\u00e9rative de cr\u00e9dit qui pr\u00eate \u00e0 l&#039;acheteur l&#039;argent n\u00e9cessaire pour acheter la propriet\u00e9.<\/p>\n<p><br \/>\n<a href=\"https:\/\/bonfimnoticias.com.br\/en\/un-apercu-des-offres-de-cartes-de-debit-en-france\/\"><br \/>\nYOU CAN LOVE<br \/>\n<\/a><br \/>\n<img loading=\"lazy\" decoding=\"async\" src=\"https:\/\/bonfimnoticias.com.br\/wp_cf5e68-content\/uploads\/2024\/03\/Screenshot_7.png\" sizes=\"auto, (max-width: 472px) 100vw, 472px\" srcset=\"https:\/\/bonfimnoticias.com.br\/wp_cf5e68-content\/uploads\/2024\/03\/Screenshot_7.png 472w, https:\/\/bonfimnoticias.com.br\/wp_cf5e68-content\/uploads\/2024\/03\/Screenshot_7-96x96.png 96w, https:\/\/bonfimnoticias.com.br\/wp_cf5e68-content\/uploads\/2024\/03\/Screenshot_7-150x149.png 150w\" alt=\"\" width=\"472\" height=\"469\" \/><\/p>\n<p style=\"text-align: center;\"><strong>Fixed loans<\/strong>In this type of loan, the interest rate remains the same throughout the life of the loan, meaning that monthly payments remain consistent.<\/p>\n<p style=\"text-align: center;\"><strong>Adjustable loans<\/strong>In these loans, the interest rate can vary over time based on market indices. This can result in monthly payments that fluctuate over time, potentially making them lower initially but possibly increasing later.<\/p>\n<p style=\"text-align: center;\"><strong>Loans with a fixed interest rate for an initial period.<\/strong>These loans offer a fixed interest rate for an initial period, after which the rate may be adjusted periodically based on market indices.<\/p>\n<p style=\"text-align: center;\"><strong>Government loans<\/strong>Some governments offer loan programs to help low-income buyers or to incentivize certain geographic areas. These programs may offer favorable interest rates or reduced down payment requirements.<\/p>\n<p style=\"text-align: center;\">Pour obtenir un pr\u00eat immobilier, les acheteurs passent g\u00e9n\u00e9ralement par un processus de pre-approval, o\u00f9 le pr\u00eateur \u00e9value leur capacit\u00e9 \u00e0 rembourser le pr\u00eat en fonction de facteurs tels que l&#039;historique de cr\u00e9dit, le revenu et les dettes existentantes. Une fois approuv\u00e9s, les acheteurs peuvent commencer \u00e0 rechercher une propriet\u00e9 dans la limit du pr\u00eat approuv\u00e9.<\/p>","protected":false},"excerpt":{"rendered":"<p>Un pr\u00eat immobilier, \u00e9galement connu sous le nom de financement immobilier, est un moyen commun d\u2019obtenir des fonds pour l\u2019achat&#8230;<\/p>","protected":false},"author":19,"featured_media":17835,"parent":0,"menu_order":0,"comment_status":"open","ping_status":"closed","template":"","meta":{"footnotes":""},"class_list":["post-17870","page","type-page","status-publish","has-post-thumbnail","hentry"],"_links":{"self":[{"href":"https:\/\/bonfimnoticias.com.br\/en\/wp-json\/wp\/v2\/pages\/17870","targetHints":{"allow":["GET"]}}],"collection":[{"href":"https:\/\/bonfimnoticias.com.br\/en\/wp-json\/wp\/v2\/pages"}],"about":[{"href":"https:\/\/bonfimnoticias.com.br\/en\/wp-json\/wp\/v2\/types\/page"}],"author":[{"embeddable":true,"href":"https:\/\/bonfimnoticias.com.br\/en\/wp-json\/wp\/v2\/users\/19"}],"replies":[{"embeddable":true,"href":"https:\/\/bonfimnoticias.com.br\/en\/wp-json\/wp\/v2\/comments?post=17870"}],"version-history":[{"count":0,"href":"https:\/\/bonfimnoticias.com.br\/en\/wp-json\/wp\/v2\/pages\/17870\/revisions"}],"wp:featuredmedia":[{"embeddable":true,"href":"https:\/\/bonfimnoticias.com.br\/en\/wp-json\/wp\/v2\/media\/17835"}],"wp:attachment":[{"href":"https:\/\/bonfimnoticias.com.br\/en\/wp-json\/wp\/v2\/media?parent=17870"}],"curies":[{"name":"wp","href":"https:\/\/api.w.org\/{rel}","templated":true}]}}