{"id":16240,"date":"2022-10-04T01:43:48","date_gmt":"2022-10-04T04:43:48","guid":{"rendered":"https:\/\/bonfimnoticias.com.br\/emprestimo-casas-bahia\/"},"modified":"2022-10-04T01:43:48","modified_gmt":"2022-10-04T04:43:48","slug":"emprestimo-casas-bahia","status":"publish","type":"page","link":"https:\/\/bonfimnoticias.com.br\/en\/emprestimo-casas-bahia\/","title":{"rendered":"Casas Bahia Loan"},"content":{"rendered":"<ul>\n<li style=\"text-align: center;\"><b>Easy ordering:<\/b>\u00a0As we mentioned, you can apply for the loan entirely online. Furthermore, the process is simple and fast.<\/li>\n<li style=\"text-align: center;\"><b>Interest rates:<\/b>\u00a0Interest rates are attractive and personalized according to each consumer&#039;s profile. Therefore, there is a chance you can get lower rates.<\/li>\n<li style=\"text-align: center;\"><b>Quick release<\/b>After approval, the money will be released into your account within 24 hours.<\/li>\n<\/ul>","protected":false},"excerpt":{"rendered":"<p>Facilidade no pedido:\u00a0como falamos, voc\u00ea pode solicitar o empr\u00e9stimo de forma totalmente online. Al\u00e9m disso, o processo \u00e9 simples e&#8230;<\/p>","protected":false},"author":19,"featured_media":0,"parent":0,"menu_order":0,"comment_status":"closed","ping_status":"closed","template":"","meta":{"footnotes":""},"class_list":["post-16240","page","type-page","status-publish","hentry"],"_links":{"self":[{"href":"https:\/\/bonfimnoticias.com.br\/en\/wp-json\/wp\/v2\/pages\/16240","targetHints":{"allow":["GET"]}}],"collection":[{"href":"https:\/\/bonfimnoticias.com.br\/en\/wp-json\/wp\/v2\/pages"}],"about":[{"href":"https:\/\/bonfimnoticias.com.br\/en\/wp-json\/wp\/v2\/types\/page"}],"author":[{"embeddable":true,"href":"https:\/\/bonfimnoticias.com.br\/en\/wp-json\/wp\/v2\/users\/19"}],"replies":[{"embeddable":true,"href":"https:\/\/bonfimnoticias.com.br\/en\/wp-json\/wp\/v2\/comments?post=16240"}],"version-history":[{"count":0,"href":"https:\/\/bonfimnoticias.com.br\/en\/wp-json\/wp\/v2\/pages\/16240\/revisions"}],"wp:attachment":[{"href":"https:\/\/bonfimnoticias.com.br\/en\/wp-json\/wp\/v2\/media?parent=16240"}],"curies":[{"name":"wp","href":"https:\/\/api.w.org\/{rel}","templated":true}]}}