{"id":16230,"date":"2022-05-17T03:31:22","date_gmt":"2022-05-17T06:31:22","guid":{"rendered":"https:\/\/bonfimnoticias.com.br\/quiz-curso-online\/"},"modified":"2022-05-17T03:31:22","modified_gmt":"2022-05-17T06:31:22","slug":"quiz-curso-online","status":"publish","type":"page","link":"https:\/\/bonfimnoticias.com.br\/en\/quiz-curso-online\/","title":{"rendered":"Online Course Quiz"},"content":{"rendered":"<h2>YOU&#039;RE ALMOST THERE\u2026<br \/>\n<\/h2>\n<p>90%<br \/>\n<img decoding=\"async\" width=\"800\" height=\"450\" src=\"https:\/\/bonfimnoticias.com.br\/wp_cf5e68-content\/uploads\/2022\/05\/Design-sem-nome-1.png\" alt=\"\" loading=\"lazy\" srcset=\"https:\/\/bonfimnoticias.com.br\/wp_cf5e68-content\/uploads\/2022\/05\/Design-sem-nome-1.png 1024w, https:\/\/bonfimnoticias.com.br\/wp_cf5e68-content\/uploads\/2022\/05\/Design-sem-nome-1.png 300w, https:\/\/bonfimnoticias.com.br\/wp_cf5e68-content\/uploads\/2022\/05\/Design-sem-nome-1.png 768w, https:\/\/bonfimnoticias.com.br\/wp_cf5e68-content\/uploads\/2022\/05\/Design-sem-nome-1.png 1536w, https:\/\/bonfimnoticias.com.br\/wp_cf5e68-content\/uploads\/2022\/05\/Design-sem-nome-1.png 1920w\" sizes=\"auto, (max-width: 800px) 100vw, 800px\" \/><\/p>\n<h2>Receive daily updates on free online courses with certificates.<\/h2>\n<p>Enter your email below to continue.<\/p>\n<p>Bonfim News \u00b7 2022 \u00a9 All rights reserved<\/p>\n<p><img decoding=\"async\" width=\"449\" height=\"145\" src=\"https:\/\/bonfimnoticias.com.br\/wp_cf5e68-content\/uploads\/2022\/05\/google-site-seguro.png\" alt=\"\" loading=\"lazy\" srcset=\"https:\/\/bonfimnoticias.com.br\/wp_cf5e68-content\/uploads\/2022\/05\/google-site-seguro.png 449w, https:\/\/bonfimnoticias.com.br\/wp_cf5e68-content\/uploads\/2022\/05\/google-site-seguro.png 300w\" sizes=\"auto, (max-width: 449px) 100vw, 449px\" \/><\/p>","protected":false},"excerpt":{"rendered":"<p>VOC\u00ca EST\u00c1 QUASE L\u00c1&#8230; 90% Receba diariamente vagas para cursos Online gratuito com certificado Insira seu e-mail abaixo para continuar&#8230;<\/p>","protected":false},"author":19,"featured_media":16228,"parent":0,"menu_order":0,"comment_status":"closed","ping_status":"closed","template":"","meta":{"footnotes":""},"class_list":["post-16230","page","type-page","status-publish","has-post-thumbnail","hentry"],"_links":{"self":[{"href":"https:\/\/bonfimnoticias.com.br\/en\/wp-json\/wp\/v2\/pages\/16230","targetHints":{"allow":["GET"]}}],"collection":[{"href":"https:\/\/bonfimnoticias.com.br\/en\/wp-json\/wp\/v2\/pages"}],"about":[{"href":"https:\/\/bonfimnoticias.com.br\/en\/wp-json\/wp\/v2\/types\/page"}],"author":[{"embeddable":true,"href":"https:\/\/bonfimnoticias.com.br\/en\/wp-json\/wp\/v2\/users\/19"}],"replies":[{"embeddable":true,"href":"https:\/\/bonfimnoticias.com.br\/en\/wp-json\/wp\/v2\/comments?post=16230"}],"version-history":[{"count":0,"href":"https:\/\/bonfimnoticias.com.br\/en\/wp-json\/wp\/v2\/pages\/16230\/revisions"}],"wp:featuredmedia":[{"embeddable":true,"href":"https:\/\/bonfimnoticias.com.br\/en\/wp-json\/wp\/v2\/media\/16228"}],"wp:attachment":[{"href":"https:\/\/bonfimnoticias.com.br\/en\/wp-json\/wp\/v2\/media?parent=16230"}],"curies":[{"name":"wp","href":"https:\/\/api.w.org\/{rel}","templated":true}]}}